{"id":51749,"date":"2026-04-02T23:44:31","date_gmt":"2026-04-02T20:44:31","guid":{"rendered":"http:\/\/new.ceasuri.md\/shop\/uncategorized\/fossil-raquel-es5302\/"},"modified":"2026-04-20T01:20:46","modified_gmt":"2026-04-19T22:20:46","slug":"fossil-raquel-es5302","status":"publish","type":"product","link":"https:\/\/ceasuri.md\/ru\/shop\/branduri\/fossil\/fossil-raquel-es5302\/","title":{"rendered":"\u0427\u0430\u0441\u044b FOSSIL RAQUEL ES5302"},"content":{"rendered":"<p>Un adev\u0103rat simbol, ceasul dreptunghiular Raquel, este actualizat pentru momentul actual.<\/p>\n<p>Sub\u021bire \u0219i versatil. Carcas\u0103 dreptunghiular\u0103 din o\u021bel inoxidabil de culoare aurie cu cadran de culoare aurie.<\/p>\n<p>Br\u0103\u021bar\u0103 din o\u021bel inoxidabil auriu cu \u00eenf\u0103\u0219urare dubl\u0103 \u00een jurul \u00eencheieturii, verigile pot fi \u00eendep\u0103rtate pentru o potrivire personalizat\u0103.<\/p>","protected":false},"excerpt":{"rendered":"<p>Un adev\u0103rat simbol, ceasul dreptunghiular Raquel, este actualizat pentru momentul actual. Sub\u021bire \u0219i versatil. Carcas\u0103 dreptunghiular\u0103 din o\u021bel inoxidabil de culoare aurie cu cadran de culoare aurie. Br\u0103\u021bar\u0103 din o\u021bel inoxidabil auriu cu \u00eenf\u0103\u0219urare dubl\u0103 \u00een jurul \u00eencheieturii, verigile pot fi \u00eendep\u0103rtate pentru o potrivire personalizat\u0103.<\/p>","protected":false},"featured_media":51750,"comment_status":"closed","ping_status":"open","template":"","meta":{"_acf_changed":false},"product_brand":[],"product_cat":[25,396],"product_tag":[],"class_list":{"0":"post-51749","1":"product","2":"type-product","3":"status-publish","4":"has-post-thumbnail","6":"product_cat-ceasuri-dama","7":"product_cat-fossil","8":"pa_brand-fossil","9":"pa_braslet-otel-inoxidabil","10":"pa_corpus-23x26mm","11":"pa_forma-dreptunghiular","12":"pa_funcii-data","13":"pa_garatia-24-luni","14":"pa_korpus-auriu","15":"pa_kvarc-quartz","16":"pa_material-otel-inoxidabil","17":"pa_mehanizm-quartz","18":"pa_remeshok-auriu","19":"pa_steklo-cristal-mineral","20":"pa_strana-sua","21":"pa_voda-5-atm","23":"first","24":"instock","25":"purchasable","26":"product-type-simple"},"acf":[],"_links":{"self":[{"href":"https:\/\/ceasuri.md\/ru\/wp-json\/wp\/v2\/product\/51749","targetHints":{"allow":["GET"]}}],"collection":[{"href":"https:\/\/ceasuri.md\/ru\/wp-json\/wp\/v2\/product"}],"about":[{"href":"https:\/\/ceasuri.md\/ru\/wp-json\/wp\/v2\/types\/product"}],"replies":[{"embeddable":true,"href":"https:\/\/ceasuri.md\/ru\/wp-json\/wp\/v2\/comments?post=51749"}],"wp:featuredmedia":[{"embeddable":true,"href":"https:\/\/ceasuri.md\/ru\/wp-json\/wp\/v2\/media\/51750"}],"wp:attachment":[{"href":"https:\/\/ceasuri.md\/ru\/wp-json\/wp\/v2\/media?parent=51749"}],"wp:term":[{"taxonomy":"product_brand","embeddable":true,"href":"https:\/\/ceasuri.md\/ru\/wp-json\/wp\/v2\/product_brand?post=51749"},{"taxonomy":"product_cat","embeddable":true,"href":"https:\/\/ceasuri.md\/ru\/wp-json\/wp\/v2\/product_cat?post=51749"},{"taxonomy":"product_tag","embeddable":true,"href":"https:\/\/ceasuri.md\/ru\/wp-json\/wp\/v2\/product_tag?post=51749"}],"curies":[{"name":"wp","href":"https:\/\/api.w.org\/{rel}","templated":true}]}}