{"id":51729,"date":"2024-01-22T15:36:06","date_gmt":"2024-01-22T13:36:06","guid":{"rendered":"http:\/\/new.ceasuri.md\/shop\/uncategorized\/fossil-carlie-es5295\/"},"modified":"2026-05-01T18:18:20","modified_gmt":"2026-05-01T15:18:20","slug":"fossil-carlie-es5295","status":"publish","type":"product","link":"https:\/\/ceasuri.md\/ru\/shop\/branduri\/fossil\/fossil-carlie-es5295\/","title":{"rendered":"\u0427\u0430\u0441\u044b FOSSIL CARLIE ES5295"},"content":{"rendered":"<p>Ceasul Fossil Carlie pentru femei captiveaz\u0103 prin stilul s\u0103u subtil \u0219i schema de culori clasic\u0103.<\/p>\n<p>\u00cenveli\u0219ul din o\u021bel inoxidabil roz-auriu g\u0103zduie\u0219te o mi\u0219care cu cuar\u021b.<\/p>\n<p>O curea sub\u021bire din piele de culoare albastr\u0103 leag\u0103 de carcas\u0103.<\/p>\n<p>Elegan\u021ba este subliniat\u0103 de cristalele de pe lunet\u0103 \u0219i de un cadran argintiu cu un model delicat.<\/p>","protected":false},"excerpt":{"rendered":"<p>Ceasul Fossil Carlie pentru femei captiveaz\u0103 prin stilul s\u0103u subtil \u0219i schema de culori clasic\u0103. \u00cenveli\u0219ul din o\u021bel inoxidabil roz-auriu g\u0103zduie\u0219te o mi\u0219care cu cuar\u021b. O curea sub\u021bire din piele de culoare albastr\u0103 leag\u0103 de carcas\u0103. Elegan\u021ba este subliniat\u0103 de cristalele de pe lunet\u0103 \u0219i de un cadran argintiu cu un model delicat.<\/p>","protected":false},"featured_media":51730,"comment_status":"closed","ping_status":"open","template":"","meta":{"_acf_changed":false},"product_brand":[],"product_cat":[25,396],"product_tag":[],"class_list":{"0":"post-51729","1":"product","2":"type-product","3":"status-publish","4":"has-post-thumbnail","6":"product_cat-ceasuri-dama","7":"product_cat-fossil","8":"pa_brand-fossil","9":"pa_braslet-piele","10":"pa_corpus-28-mm","11":"pa_decor-cristale-swarowski","12":"pa_forma-rotund","13":"pa_garatia-24-luni","14":"pa_korpus-roz-gold","15":"pa_kvarc-quartz","16":"pa_material-otel-inoxidabil","17":"pa_mehanizm-quartz","18":"pa_remeshok-albastru-inchis","19":"pa_steklo-cristal-mineral","20":"pa_strana-sua","21":"pa_voda-5-atm","23":"first","24":"instock","25":"purchasable","26":"product-type-simple"},"acf":[],"_links":{"self":[{"href":"https:\/\/ceasuri.md\/ru\/wp-json\/wp\/v2\/product\/51729","targetHints":{"allow":["GET"]}}],"collection":[{"href":"https:\/\/ceasuri.md\/ru\/wp-json\/wp\/v2\/product"}],"about":[{"href":"https:\/\/ceasuri.md\/ru\/wp-json\/wp\/v2\/types\/product"}],"replies":[{"embeddable":true,"href":"https:\/\/ceasuri.md\/ru\/wp-json\/wp\/v2\/comments?post=51729"}],"wp:featuredmedia":[{"embeddable":true,"href":"https:\/\/ceasuri.md\/ru\/wp-json\/wp\/v2\/media\/51730"}],"wp:attachment":[{"href":"https:\/\/ceasuri.md\/ru\/wp-json\/wp\/v2\/media?parent=51729"}],"wp:term":[{"taxonomy":"product_brand","embeddable":true,"href":"https:\/\/ceasuri.md\/ru\/wp-json\/wp\/v2\/product_brand?post=51729"},{"taxonomy":"product_cat","embeddable":true,"href":"https:\/\/ceasuri.md\/ru\/wp-json\/wp\/v2\/product_cat?post=51729"},{"taxonomy":"product_tag","embeddable":true,"href":"https:\/\/ceasuri.md\/ru\/wp-json\/wp\/v2\/product_tag?post=51729"}],"curies":[{"name":"wp","href":"https:\/\/api.w.org\/{rel}","templated":true}]}}