{"id":51721,"date":"2026-04-02T23:44:31","date_gmt":"2026-04-02T20:44:31","guid":{"rendered":"http:\/\/new.ceasuri.md\/shop\/uncategorized\/fossil-fb-01-es5286\/"},"modified":"2026-04-20T01:20:41","modified_gmt":"2026-04-19T22:20:41","slug":"fossil-fb-01-es5286","status":"publish","type":"product","link":"https:\/\/ceasuri.md\/ru\/shop\/branduri\/fossil\/fossil-fb-01-es5286\/","title":{"rendered":"\u0427\u0430\u0441\u044b FOSSIL FB-01 ES5286"},"content":{"rendered":"<p>Decora\u021bi-v\u0103 \u00eencheietura m\u00e2inii cu acest ceas \u0219i ve\u021bi primi multe complimente rafinate \u0219i priviri r\u0103pitoare.<\/p>\n<p>Ceas de dam\u0103 \u00een carcas\u0103 rotund\u0103. Punctele \u0219i liniu\u021bele sunt decorate cu cristale.<\/p>\n<p>Fereastra datei este la ora 3.<\/p>\n<p>Curea din silicon cu \u00eenchidere clasic\u0103.<\/p>","protected":false},"excerpt":{"rendered":"<p>Decora\u021bi-v\u0103 \u00eencheietura m\u00e2inii cu acest ceas \u0219i ve\u021bi primi multe complimente rafinate \u0219i priviri r\u0103pitoare. Ceas de dam\u0103 \u00een carcas\u0103 rotund\u0103. Punctele \u0219i liniu\u021bele sunt decorate cu cristale. Fereastra datei este la ora 3. Curea din silicon cu \u00eenchidere clasic\u0103.<\/p>","protected":false},"featured_media":51722,"comment_status":"closed","ping_status":"open","template":"","meta":{"_acf_changed":false},"product_brand":[],"product_cat":[25,396],"product_tag":[],"class_list":{"0":"post-51721","1":"product","2":"type-product","3":"status-publish","4":"has-post-thumbnail","6":"product_cat-ceasuri-dama","7":"product_cat-fossil","8":"pa_brand-fossil","9":"pa_braslet-silicon","10":"pa_corpus-36-mm","11":"pa_decor-cristale-swarowski","12":"pa_forma-rotund","13":"pa_funcii-data","14":"pa_garatia-24-luni","15":"pa_korpus-auriu","16":"pa_kvarc-quartz","17":"pa_material-otel-inoxidabil","18":"pa_mehanizm-quartz","19":"pa_remeshok-alb","20":"pa_steklo-cristal-mineral","21":"pa_strana-sua","22":"pa_voda-10-atm","24":"first","25":"instock","26":"purchasable","27":"product-type-simple"},"acf":[],"_links":{"self":[{"href":"https:\/\/ceasuri.md\/ru\/wp-json\/wp\/v2\/product\/51721","targetHints":{"allow":["GET"]}}],"collection":[{"href":"https:\/\/ceasuri.md\/ru\/wp-json\/wp\/v2\/product"}],"about":[{"href":"https:\/\/ceasuri.md\/ru\/wp-json\/wp\/v2\/types\/product"}],"replies":[{"embeddable":true,"href":"https:\/\/ceasuri.md\/ru\/wp-json\/wp\/v2\/comments?post=51721"}],"wp:featuredmedia":[{"embeddable":true,"href":"https:\/\/ceasuri.md\/ru\/wp-json\/wp\/v2\/media\/51722"}],"wp:attachment":[{"href":"https:\/\/ceasuri.md\/ru\/wp-json\/wp\/v2\/media?parent=51721"}],"wp:term":[{"taxonomy":"product_brand","embeddable":true,"href":"https:\/\/ceasuri.md\/ru\/wp-json\/wp\/v2\/product_brand?post=51721"},{"taxonomy":"product_cat","embeddable":true,"href":"https:\/\/ceasuri.md\/ru\/wp-json\/wp\/v2\/product_cat?post=51721"},{"taxonomy":"product_tag","embeddable":true,"href":"https:\/\/ceasuri.md\/ru\/wp-json\/wp\/v2\/product_tag?post=51721"}],"curies":[{"name":"wp","href":"https:\/\/api.w.org\/{rel}","templated":true}]}}