{"id":51717,"date":"2026-04-02T23:44:31","date_gmt":"2026-04-02T20:44:31","guid":{"rendered":"http:\/\/new.ceasuri.md\/shop\/uncategorized\/fossil-carlie-es5273\/"},"modified":"2026-04-07T04:39:13","modified_gmt":"2026-04-07T01:39:13","slug":"fossil-carlie-es5273","status":"publish","type":"product","link":"https:\/\/ceasuri.md\/ru\/shop\/branduri\/fossil\/fossil-carlie-es5273\/","title":{"rendered":"Ceas FOSSIL CARLIE ES5273"},"content":{"rendered":"<p>Colec\u021bia Carlie, care poate fi purtat\u0103 peste tot, echilibreaz\u0103 stilul casual cu o not\u0103 de rafinament.<\/p>\n<p>Acest ceas are o carcas\u0103 de 30 mm, cadran de ceas satinat de culoare alb cu cifre romane \u0219i indici bastona\u0219e, mi\u0219care cu trei m\u00e2ini \u0219i o br\u0103\u021bar\u0103 din o\u021bel inoxidabil de culoare aurie roz.<\/p>","protected":false},"excerpt":{"rendered":"<p>Colec\u021bia Carlie, care poate fi purtat\u0103 peste tot, echilibreaz\u0103 stilul casual cu o not\u0103 de rafinament. Acest ceas are o carcas\u0103 de 30 mm, cadran de ceas satinat de culoare alb cu cifre romane \u0219i indici bastona\u0219e, mi\u0219care cu trei m\u00e2ini \u0219i o br\u0103\u021bar\u0103 din o\u021bel inoxidabil de culoare aurie roz.<\/p>","protected":false},"featured_media":51718,"comment_status":"closed","ping_status":"open","template":"","meta":{"_acf_changed":false},"product_brand":[],"product_cat":[25,396],"product_tag":[],"class_list":{"0":"post-51717","1":"product","2":"type-product","3":"status-publish","4":"has-post-thumbnail","6":"product_cat-ceasuri-dama","7":"product_cat-fossil","8":"pa_brand-fossil","9":"pa_braslet-otel-inoxidabil","10":"pa_corpus-30-mm","11":"pa_forma-rotund","12":"pa_garatia-24-luni","13":"pa_korpus-roz","14":"pa_material-otel-inoxidabil","15":"pa_mehanizm-quartz","16":"pa_remeshok-roz-gold","17":"pa_steklo-cristal-mineral","18":"pa_strana-sua","19":"pa_voda-5-atm","21":"first","22":"instock","23":"purchasable","24":"product-type-simple"},"acf":[],"_links":{"self":[{"href":"https:\/\/ceasuri.md\/ru\/wp-json\/wp\/v2\/product\/51717","targetHints":{"allow":["GET"]}}],"collection":[{"href":"https:\/\/ceasuri.md\/ru\/wp-json\/wp\/v2\/product"}],"about":[{"href":"https:\/\/ceasuri.md\/ru\/wp-json\/wp\/v2\/types\/product"}],"replies":[{"embeddable":true,"href":"https:\/\/ceasuri.md\/ru\/wp-json\/wp\/v2\/comments?post=51717"}],"wp:featuredmedia":[{"embeddable":true,"href":"https:\/\/ceasuri.md\/ru\/wp-json\/wp\/v2\/media\/51718"}],"wp:attachment":[{"href":"https:\/\/ceasuri.md\/ru\/wp-json\/wp\/v2\/media?parent=51717"}],"wp:term":[{"taxonomy":"product_brand","embeddable":true,"href":"https:\/\/ceasuri.md\/ru\/wp-json\/wp\/v2\/product_brand?post=51717"},{"taxonomy":"product_cat","embeddable":true,"href":"https:\/\/ceasuri.md\/ru\/wp-json\/wp\/v2\/product_cat?post=51717"},{"taxonomy":"product_tag","embeddable":true,"href":"https:\/\/ceasuri.md\/ru\/wp-json\/wp\/v2\/product_tag?post=51717"}],"curies":[{"name":"wp","href":"https:\/\/api.w.org\/{rel}","templated":true}]}}