{"id":51708,"date":"2026-04-02T23:44:31","date_gmt":"2026-04-02T20:44:31","guid":{"rendered":"http:\/\/new.ceasuri.md\/shop\/uncategorized\/fossil-watch-ring-es5247\/"},"modified":"2026-04-20T01:20:40","modified_gmt":"2026-04-19T22:20:40","slug":"fossil-watch-ring-es5247","status":"publish","type":"product","link":"https:\/\/ceasuri.md\/ru\/shop\/accesorii\/accesorii-dama\/inele\/fossil-watch-ring-es5247\/","title":{"rendered":"\u0427\u0430\u0441\u044b FOSSIL WATCH RING ES5247"},"content":{"rendered":"<p>Frumosul \u0219i fermec\u0103torul ceas Fossil Ring Watch , conceput pentru a-\u021bi completa elegan\u021ba \u0219i punctualitatea.<\/p>\n<p>Carcas\u0103 rotund\u0103 din o\u021bel inoxidabil de culoare aurie roz, cu cadran cu raze de soare.<\/p>\n<p>Ceas inelar clasic cu o curea extensibil\u0103 de culoare aurie roz.<\/p>\n<p>Mi\u0219care cu cuar\u021b cu dou\u0103 m\u00e2ini.<\/p>\n<p>Rezistent la ap\u0103 p\u00e2n\u0103 la 50 de metri.<\/p>","protected":false},"excerpt":{"rendered":"<p>Frumosul \u0219i fermec\u0103torul ceas Fossil Ring Watch , conceput pentru a-\u021bi completa elegan\u021ba \u0219i punctualitatea. Carcas\u0103 rotund\u0103 din o\u021bel inoxidabil de culoare aurie roz, cu cadran cu raze de soare. Ceas inelar clasic cu o curea extensibil\u0103 de culoare aurie roz. Mi\u0219care cu cuar\u021b cu dou\u0103 m\u00e2ini. Rezistent la ap\u0103 p\u00e2n\u0103 la 50 de metri.<\/p>","protected":false},"featured_media":51709,"comment_status":"closed","ping_status":"open","template":"","meta":{"_acf_changed":false},"product_brand":[],"product_cat":[25,396,586],"product_tag":[],"class_list":{"0":"post-51708","1":"product","2":"type-product","3":"status-publish","4":"has-post-thumbnail","6":"product_cat-ceasuri-dama","7":"product_cat-fossil","8":"product_cat-inele","9":"pa_brand-fossil","10":"pa_braslet-otel-inoxidabil","11":"pa_corpus-15-mm","12":"pa_forma-rotund","13":"pa_korpus-roz-gold","14":"pa_kvarc-quartz","15":"pa_material-otel-inoxidabil","16":"pa_mehanizm-quartz","17":"pa_remeshok-roz-gold","18":"pa_steklo-cristal-mineral","19":"pa_strana-sua","20":"pa_voda-5-atm","22":"first","23":"instock","24":"purchasable","25":"product-type-simple"},"acf":[],"_links":{"self":[{"href":"https:\/\/ceasuri.md\/ru\/wp-json\/wp\/v2\/product\/51708","targetHints":{"allow":["GET"]}}],"collection":[{"href":"https:\/\/ceasuri.md\/ru\/wp-json\/wp\/v2\/product"}],"about":[{"href":"https:\/\/ceasuri.md\/ru\/wp-json\/wp\/v2\/types\/product"}],"replies":[{"embeddable":true,"href":"https:\/\/ceasuri.md\/ru\/wp-json\/wp\/v2\/comments?post=51708"}],"wp:featuredmedia":[{"embeddable":true,"href":"https:\/\/ceasuri.md\/ru\/wp-json\/wp\/v2\/media\/51709"}],"wp:attachment":[{"href":"https:\/\/ceasuri.md\/ru\/wp-json\/wp\/v2\/media?parent=51708"}],"wp:term":[{"taxonomy":"product_brand","embeddable":true,"href":"https:\/\/ceasuri.md\/ru\/wp-json\/wp\/v2\/product_brand?post=51708"},{"taxonomy":"product_cat","embeddable":true,"href":"https:\/\/ceasuri.md\/ru\/wp-json\/wp\/v2\/product_cat?post=51708"},{"taxonomy":"product_tag","embeddable":true,"href":"https:\/\/ceasuri.md\/ru\/wp-json\/wp\/v2\/product_tag?post=51708"}],"curies":[{"name":"wp","href":"https:\/\/api.w.org\/{rel}","templated":true}]}}