{"id":51704,"date":"2026-04-02T23:44:31","date_gmt":"2026-04-02T20:44:31","guid":{"rendered":"http:\/\/new.ceasuri.md\/shop\/uncategorized\/fossil-watch-ring-es5246\/"},"modified":"2026-04-20T01:20:39","modified_gmt":"2026-04-19T22:20:39","slug":"fossil-watch-ring-es5246","status":"publish","type":"product","link":"https:\/\/ceasuri.md\/ru\/shop\/accesorii\/accesorii-dama\/inele\/fossil-watch-ring-es5246\/","title":{"rendered":"\u0427\u0430\u0441\u044b FOSSIL WATCH RING ES5246"},"content":{"rendered":"<p>Fossil RING este o bijuterie elegant\u0103 pentru femei de la renumita marc\u0103 Fossil.<\/p>\n<p>Aceast\u0103 br\u0103\u021bar\u0103 de culoare aurie este realizat\u0103 din o\u021bel inoxidabil \u0219i are un diametru mai mic de 22 mm.<\/p>\n<p>Este echipat\u0103 cu o mi\u0219care cu cuar\u021b \u0219i are un cadran rotund.<\/p>\n<p>Fossil RING este o bijuterie perfect\u0103 pentru cei care apreciaz\u0103 stilul \u0219i calitatea.<\/p>","protected":false},"excerpt":{"rendered":"<p>Fossil RING este o bijuterie elegant\u0103 pentru femei de la renumita marc\u0103 Fossil. Aceast\u0103 br\u0103\u021bar\u0103 de culoare aurie este realizat\u0103 din o\u021bel inoxidabil \u0219i are un diametru mai mic de 22 mm. Este echipat\u0103 cu o mi\u0219care cu cuar\u021b \u0219i are un cadran rotund. Fossil RING este o bijuterie perfect\u0103 pentru cei care apreciaz\u0103 stilul [&hellip;]<\/p>\n","protected":false},"featured_media":51705,"comment_status":"closed","ping_status":"open","template":"","meta":{"_acf_changed":false},"product_brand":[],"product_cat":[25,396,586],"product_tag":[],"class_list":{"0":"post-51704","1":"product","2":"type-product","3":"status-publish","4":"has-post-thumbnail","6":"product_cat-ceasuri-dama","7":"product_cat-fossil","8":"product_cat-inele","9":"pa_brand-fossil","10":"pa_braslet-otel-inoxidabil","11":"pa_corpus-15-mm","12":"pa_forma-rotund","13":"pa_korpus-auriu","14":"pa_kvarc-quartz","15":"pa_material-otel-inoxidabil","16":"pa_mehanizm-quartz","17":"pa_remeshok-auriu","18":"pa_steklo-cristal-mineral","19":"pa_strana-sua","20":"pa_voda-5-atm","22":"first","23":"instock","24":"purchasable","25":"product-type-simple"},"acf":[],"_links":{"self":[{"href":"https:\/\/ceasuri.md\/ru\/wp-json\/wp\/v2\/product\/51704","targetHints":{"allow":["GET"]}}],"collection":[{"href":"https:\/\/ceasuri.md\/ru\/wp-json\/wp\/v2\/product"}],"about":[{"href":"https:\/\/ceasuri.md\/ru\/wp-json\/wp\/v2\/types\/product"}],"replies":[{"embeddable":true,"href":"https:\/\/ceasuri.md\/ru\/wp-json\/wp\/v2\/comments?post=51704"}],"wp:featuredmedia":[{"embeddable":true,"href":"https:\/\/ceasuri.md\/ru\/wp-json\/wp\/v2\/media\/51705"}],"wp:attachment":[{"href":"https:\/\/ceasuri.md\/ru\/wp-json\/wp\/v2\/media?parent=51704"}],"wp:term":[{"taxonomy":"product_brand","embeddable":true,"href":"https:\/\/ceasuri.md\/ru\/wp-json\/wp\/v2\/product_brand?post=51704"},{"taxonomy":"product_cat","embeddable":true,"href":"https:\/\/ceasuri.md\/ru\/wp-json\/wp\/v2\/product_cat?post=51704"},{"taxonomy":"product_tag","embeddable":true,"href":"https:\/\/ceasuri.md\/ru\/wp-json\/wp\/v2\/product_tag?post=51704"}],"curies":[{"name":"wp","href":"https:\/\/api.w.org\/{rel}","templated":true}]}}