{"id":51692,"date":"2026-04-02T23:43:41","date_gmt":"2026-04-02T20:43:41","guid":{"rendered":"http:\/\/new.ceasuri.md\/shop\/uncategorized\/fossil-raquel-es5221\/"},"modified":"2026-04-20T01:20:38","modified_gmt":"2026-04-19T22:20:38","slug":"fossil-raquel-es5221","status":"publish","type":"product","link":"https:\/\/ceasuri.md\/ru\/shop\/branduri\/fossil\/fossil-raquel-es5221\/","title":{"rendered":"\u0427\u0430\u0441\u044b FOSSIL RAQUEL ES5221"},"content":{"rendered":"<p>Simplu \u0219i elegant, ceasul Fossil Raquel pentru femei cu cadran alb dreptunghiular este o op\u021biune clasic\u0103 pe care v\u0103 va pl\u0103cea s\u0103 o purta\u021bi.<\/p>\n<p>O mi\u0219care cu dat\u0103 cu trei m\u00e2ini \u0219i o br\u0103\u021bar\u0103 din o\u021bel inoxidabil.<\/p>","protected":false},"excerpt":{"rendered":"<p>Simplu \u0219i elegant, ceasul Fossil Raquel pentru femei cu cadran alb dreptunghiular este o op\u021biune clasic\u0103 pe care v\u0103 va pl\u0103cea s\u0103 o purta\u021bi. O mi\u0219care cu dat\u0103 cu trei m\u00e2ini \u0219i o br\u0103\u021bar\u0103 din o\u021bel inoxidabil.<\/p>","protected":false},"featured_media":51693,"comment_status":"closed","ping_status":"open","template":"","meta":{"_acf_changed":false},"product_brand":[],"product_cat":[25,396],"product_tag":[],"class_list":{"0":"post-51692","1":"product","2":"type-product","3":"status-publish","4":"has-post-thumbnail","6":"product_cat-ceasuri-dama","7":"product_cat-fossil","8":"pa_brand-fossil","9":"pa_braslet-otel-inoxidabil","10":"pa_corpus-23x26mm","11":"pa_forma-dreptunghiular","12":"pa_funcii-data","13":"pa_garatia-24-luni","14":"pa_korpus-argintiu","15":"pa_kvarc-quartz","16":"pa_material-otel-inoxidabil","17":"pa_mehanizm-quartz","18":"pa_remeshok-argintiu","19":"pa_steklo-cristal-mineral","20":"pa_strana-sua","21":"pa_voda-5-atm","23":"first","24":"instock","25":"purchasable","26":"product-type-simple"},"acf":[],"_links":{"self":[{"href":"https:\/\/ceasuri.md\/ru\/wp-json\/wp\/v2\/product\/51692","targetHints":{"allow":["GET"]}}],"collection":[{"href":"https:\/\/ceasuri.md\/ru\/wp-json\/wp\/v2\/product"}],"about":[{"href":"https:\/\/ceasuri.md\/ru\/wp-json\/wp\/v2\/types\/product"}],"replies":[{"embeddable":true,"href":"https:\/\/ceasuri.md\/ru\/wp-json\/wp\/v2\/comments?post=51692"}],"wp:featuredmedia":[{"embeddable":true,"href":"https:\/\/ceasuri.md\/ru\/wp-json\/wp\/v2\/media\/51693"}],"wp:attachment":[{"href":"https:\/\/ceasuri.md\/ru\/wp-json\/wp\/v2\/media?parent=51692"}],"wp:term":[{"taxonomy":"product_brand","embeddable":true,"href":"https:\/\/ceasuri.md\/ru\/wp-json\/wp\/v2\/product_brand?post=51692"},{"taxonomy":"product_cat","embeddable":true,"href":"https:\/\/ceasuri.md\/ru\/wp-json\/wp\/v2\/product_cat?post=51692"},{"taxonomy":"product_tag","embeddable":true,"href":"https:\/\/ceasuri.md\/ru\/wp-json\/wp\/v2\/product_tag?post=51692"}],"curies":[{"name":"wp","href":"https:\/\/api.w.org\/{rel}","templated":true}]}}