{"id":51688,"date":"2024-01-22T11:13:47","date_gmt":"2024-01-22T09:13:47","guid":{"rendered":"http:\/\/new.ceasuri.md\/shop\/uncategorized\/fossil-raquel-es5220\/"},"modified":"2026-05-01T18:18:05","modified_gmt":"2026-05-01T15:18:05","slug":"fossil-raquel-es5220","status":"publish","type":"product","link":"https:\/\/ceasuri.md\/ru\/shop\/branduri\/fossil\/fossil-raquel-es5220\/","title":{"rendered":"\u0427\u0430\u0441\u044b FOSSIL RAQUEL ES5220"},"content":{"rendered":"<p>Acest ceas este un amestec superb de elegan\u021b\u0103 \u0219i func\u021bionalitate, care cu siguran\u021b\u0103 \u00eei va impresiona pe to\u021bi cei care \u00eel vor vedea. Designul s\u0103u este inspirat de ceasurile de stil vestimentar, fiind creat special pentru femeile care apreciaz\u0103 elegan\u021ba atemporal\u0103.<\/p>\n<p>Sub str\u0103lucirea sa, func\u021bioneaz\u0103 cu mi\u0219care Quartz &#8211; o dovad\u0103 a m\u0103iestriei inginerilor s\u0103i.<\/p>\n<p>Cadranul alb este protejat de o fereastr\u0103 din sticl\u0103 mineral\u0103, iar un afi\u0219aj analogic prezint\u0103 ora curent\u0103. Ceasul dispune, de asemenea, de un calendar cu dat\u0103.<\/p>\n<p>Banda prezentat\u0103 cu acela\u0219i material din o\u021bel inoxidabil ca \u0219i carcasa.<\/p>","protected":false},"excerpt":{"rendered":"<p>Acest ceas este un amestec superb de elegan\u021b\u0103 \u0219i func\u021bionalitate, care cu siguran\u021b\u0103 \u00eei va impresiona pe to\u021bi cei care \u00eel vor vedea. Designul s\u0103u este inspirat de ceasurile de stil vestimentar, fiind creat special pentru femeile care apreciaz\u0103 elegan\u021ba atemporal\u0103. Sub str\u0103lucirea sa, func\u021bioneaz\u0103 cu mi\u0219care Quartz &#8211; o dovad\u0103 a m\u0103iestriei inginerilor s\u0103i. [&hellip;]<\/p>\n","protected":false},"featured_media":51689,"comment_status":"closed","ping_status":"open","template":"","meta":{"_acf_changed":false},"product_brand":[],"product_cat":[25,396],"product_tag":[],"class_list":{"0":"post-51688","1":"product","2":"type-product","3":"status-publish","4":"has-post-thumbnail","6":"product_cat-ceasuri-dama","7":"product_cat-fossil","8":"pa_brand-fossil","9":"pa_braslet-otel-inoxidabil","10":"pa_corpus-23x26mm","11":"pa_forma-dreptunghiular","12":"pa_funcii-data","13":"pa_garatia-24-luni","14":"pa_korpus-auriu","15":"pa_kvarc-quartz","16":"pa_material-otel-inoxidabil","17":"pa_mehanizm-quartz","18":"pa_remeshok-auriu","19":"pa_steklo-cristal-mineral","20":"pa_strana-sua","21":"pa_voda-5-atm","23":"first","24":"instock","25":"purchasable","26":"product-type-simple"},"acf":[],"_links":{"self":[{"href":"https:\/\/ceasuri.md\/ru\/wp-json\/wp\/v2\/product\/51688","targetHints":{"allow":["GET"]}}],"collection":[{"href":"https:\/\/ceasuri.md\/ru\/wp-json\/wp\/v2\/product"}],"about":[{"href":"https:\/\/ceasuri.md\/ru\/wp-json\/wp\/v2\/types\/product"}],"replies":[{"embeddable":true,"href":"https:\/\/ceasuri.md\/ru\/wp-json\/wp\/v2\/comments?post=51688"}],"wp:featuredmedia":[{"embeddable":true,"href":"https:\/\/ceasuri.md\/ru\/wp-json\/wp\/v2\/media\/51689"}],"wp:attachment":[{"href":"https:\/\/ceasuri.md\/ru\/wp-json\/wp\/v2\/media?parent=51688"}],"wp:term":[{"taxonomy":"product_brand","embeddable":true,"href":"https:\/\/ceasuri.md\/ru\/wp-json\/wp\/v2\/product_brand?post=51688"},{"taxonomy":"product_cat","embeddable":true,"href":"https:\/\/ceasuri.md\/ru\/wp-json\/wp\/v2\/product_cat?post=51688"},{"taxonomy":"product_tag","embeddable":true,"href":"https:\/\/ceasuri.md\/ru\/wp-json\/wp\/v2\/product_tag?post=51688"}],"curies":[{"name":"wp","href":"https:\/\/api.w.org\/{rel}","templated":true}]}}