{"id":51672,"date":"2026-04-02T23:43:41","date_gmt":"2026-04-02T20:43:41","guid":{"rendered":"http:\/\/new.ceasuri.md\/shop\/uncategorized\/fossil-scarlette-es5184\/"},"modified":"2026-04-16T21:22:14","modified_gmt":"2026-04-16T18:22:14","slug":"fossil-scarlette-es5184","status":"publish","type":"product","link":"https:\/\/ceasuri.md\/ru\/shop\/branduri\/fossil\/fossil-scarlette-es5184\/","title":{"rendered":"Ceas FOSSIL ES5184 Scarlette"},"content":{"rendered":"<p>Ceas cu cuar\u021b pentru femei din colec\u021bia Scarlette.<\/p>\n<p>Cadran decorat cu cristale. Acoperire PVD rezistent\u0103 pe carcas\u0103. Curea din piele.<\/p>\n<p>Acest model afi\u0219eaz\u0103 ziua s\u0103pt\u0103m\u00e2nii \u0219i data curent\u0103.<\/p>\n<p>Rezistent la ap\u0103 WR50 (5 atm).<\/p>","protected":false},"excerpt":{"rendered":"<p>Ceas cu cuar\u021b pentru femei din colec\u021bia Scarlette. Cadran decorat cu cristale. Acoperire PVD rezistent\u0103 pe carcas\u0103. Curea din piele. Acest model afi\u0219eaz\u0103 ziua s\u0103pt\u0103m\u00e2nii \u0219i data curent\u0103. Rezistent la ap\u0103 WR50 (5 atm).<\/p>","protected":false},"featured_media":51673,"comment_status":"closed","ping_status":"open","template":"","meta":{"_acf_changed":false},"product_brand":[],"product_cat":[25,396],"product_tag":[],"class_list":{"0":"post-51672","1":"product","2":"type-product","3":"status-publish","4":"has-post-thumbnail","6":"product_cat-ceasuri-dama","7":"product_cat-fossil","8":"pa_brand-fossil","9":"pa_braslet-piele","10":"pa_corpus-32-mm","11":"pa_decor-cristale-swarowski","12":"pa_forma-rotund","13":"pa_funcii-data","14":"pa_funcii-ziua-saptamanii","15":"pa_garatia-24-luni","16":"pa_korpus-auriu","17":"pa_kvarc-quartz","18":"pa_material-otel-inoxidabil","19":"pa_mehanizm-quartz","20":"pa_remeshok-maro","21":"pa_steklo-cristal-mineral","22":"pa_strana-sua","23":"pa_voda-5-atm","25":"first","26":"instock","27":"purchasable","28":"product-type-simple"},"acf":[],"_links":{"self":[{"href":"https:\/\/ceasuri.md\/ru\/wp-json\/wp\/v2\/product\/51672","targetHints":{"allow":["GET"]}}],"collection":[{"href":"https:\/\/ceasuri.md\/ru\/wp-json\/wp\/v2\/product"}],"about":[{"href":"https:\/\/ceasuri.md\/ru\/wp-json\/wp\/v2\/types\/product"}],"replies":[{"embeddable":true,"href":"https:\/\/ceasuri.md\/ru\/wp-json\/wp\/v2\/comments?post=51672"}],"wp:featuredmedia":[{"embeddable":true,"href":"https:\/\/ceasuri.md\/ru\/wp-json\/wp\/v2\/media\/51673"}],"wp:attachment":[{"href":"https:\/\/ceasuri.md\/ru\/wp-json\/wp\/v2\/media?parent=51672"}],"wp:term":[{"taxonomy":"product_brand","embeddable":true,"href":"https:\/\/ceasuri.md\/ru\/wp-json\/wp\/v2\/product_brand?post=51672"},{"taxonomy":"product_cat","embeddable":true,"href":"https:\/\/ceasuri.md\/ru\/wp-json\/wp\/v2\/product_cat?post=51672"},{"taxonomy":"product_tag","embeddable":true,"href":"https:\/\/ceasuri.md\/ru\/wp-json\/wp\/v2\/product_tag?post=51672"}],"curies":[{"name":"wp","href":"https:\/\/api.w.org\/{rel}","templated":true}]}}