{"id":51662,"date":"2026-04-02T23:43:41","date_gmt":"2026-04-02T20:43:41","guid":{"rendered":"http:\/\/new.ceasuri.md\/shop\/uncategorized\/michael-kors-premium-statement-bracelet-mkj828700791\/"},"modified":"2026-04-20T01:22:48","modified_gmt":"2026-04-19T22:22:48","slug":"michael-kors-premium-statement-bracelet-mkj828700791","status":"publish","type":"product","link":"https:\/\/ceasuri.md\/ru\/shop\/accesorii\/accesorii-dama\/bratari\/michael-kors-premium-statement-bracelet-mkj828700791\/","title":{"rendered":"MICHAEL KORS PREMIUM STATEMENT BRACELET MKJ828700791"},"content":{"rendered":"<p>Ad\u0103uga\u021bi lux \u0219i stil look-ului dvs. cu br\u0103\u021bara Michael Kors din colec\u021bia Statement Link.<\/p>\n<p>Aceast\u0103 br\u0103\u021bar\u0103 din alam\u0103 este placat\u0103 cu aur roz de 14 carate pentru un design elegant \u0219i concis. Pute\u021bi purta br\u0103\u021bara singur\u0103 sau o pute\u021bi combina cu modele similare pentru a crea un look atr\u0103g\u0103tor \u0219i modern.<\/p>\n<p>Confec\u021bionat\u0103 cu grij\u0103 \u0219i aten\u021bie la detalii, aceast\u0103 br\u0103\u021bar\u0103 este potrivit\u0103 pentru femeile preocupate de mod\u0103. Descoperi\u021bi posibilit\u0103\u021bile nelimitate pe care le ofer\u0103 aceast\u0103 br\u0103\u021bar\u0103 \u0219i eviden\u021bia\u021bi-v\u0103 individualitatea \u0219i personalitatea.<\/p>","protected":false},"excerpt":{"rendered":"<p>Ad\u0103uga\u021bi lux \u0219i stil look-ului dvs. cu br\u0103\u021bara Michael Kors din colec\u021bia Statement Link. Aceast\u0103 br\u0103\u021bar\u0103 din alam\u0103 este placat\u0103 cu aur roz de 14 carate pentru un design elegant \u0219i concis. Pute\u021bi purta br\u0103\u021bara singur\u0103 sau o pute\u021bi combina cu modele similare pentru a crea un look atr\u0103g\u0103tor \u0219i modern. Confec\u021bionat\u0103 cu grij\u0103 \u0219i [&hellip;]<\/p>\n","protected":false},"featured_media":51663,"comment_status":"closed","ping_status":"open","template":"","meta":{"_acf_changed":false},"product_brand":[],"product_cat":[577,616],"product_tag":[],"class_list":{"0":"post-51662","1":"product","2":"type-product","3":"status-publish","4":"has-post-thumbnail","6":"product_cat-bratari","7":"product_cat-michael-kors","8":"pa_brand-michael-kors","9":"pa_braslet-alama","10":"pa_corpus-17-cm","11":"pa_korpus-roz-gold","12":"pa_material-alama","13":"pa_strana-sua","15":"first","16":"instock","17":"purchasable","18":"product-type-simple"},"acf":[],"_links":{"self":[{"href":"https:\/\/ceasuri.md\/ru\/wp-json\/wp\/v2\/product\/51662","targetHints":{"allow":["GET"]}}],"collection":[{"href":"https:\/\/ceasuri.md\/ru\/wp-json\/wp\/v2\/product"}],"about":[{"href":"https:\/\/ceasuri.md\/ru\/wp-json\/wp\/v2\/types\/product"}],"replies":[{"embeddable":true,"href":"https:\/\/ceasuri.md\/ru\/wp-json\/wp\/v2\/comments?post=51662"}],"wp:featuredmedia":[{"embeddable":true,"href":"https:\/\/ceasuri.md\/ru\/wp-json\/wp\/v2\/media\/51663"}],"wp:attachment":[{"href":"https:\/\/ceasuri.md\/ru\/wp-json\/wp\/v2\/media?parent=51662"}],"wp:term":[{"taxonomy":"product_brand","embeddable":true,"href":"https:\/\/ceasuri.md\/ru\/wp-json\/wp\/v2\/product_brand?post=51662"},{"taxonomy":"product_cat","embeddable":true,"href":"https:\/\/ceasuri.md\/ru\/wp-json\/wp\/v2\/product_cat?post=51662"},{"taxonomy":"product_tag","embeddable":true,"href":"https:\/\/ceasuri.md\/ru\/wp-json\/wp\/v2\/product_tag?post=51662"}],"curies":[{"name":"wp","href":"https:\/\/api.w.org\/{rel}","templated":true}]}}