{"id":51659,"date":"2026-04-02T23:43:41","date_gmt":"2026-04-02T20:43:41","guid":{"rendered":"http:\/\/new.ceasuri.md\/shop\/uncategorized\/michael-kors-premium-statement-bracelet-mkj828700710\/"},"modified":"2026-04-20T01:22:48","modified_gmt":"2026-04-19T22:22:48","slug":"michael-kors-premium-statement-bracelet-mkj828700710","status":"publish","type":"product","link":"https:\/\/ceasuri.md\/ru\/shop\/accesorii\/accesorii-dama\/bratari\/michael-kors-premium-statement-bracelet-mkj828700710\/","title":{"rendered":"MICHAEL KORS PREMIUM STATEMENT BRACELET MKJ828700710"},"content":{"rendered":"<p>Br\u0103\u021bara pentru femei Michael Kors Premium va fi completarea perfect\u0103 pentru orice stil.<\/p>\n<p>Confec\u021bionat\u0103 din alam\u0103, aceasta ofer\u0103 durabilitate \u0219i elegan\u021b\u0103.<\/p>\n<p>Aceast\u0103 br\u0103\u021bar\u0103 va ad\u0103uga o not\u0103 de str\u0103lucire look-ului t\u0103u.<\/p>\n<p>Perfect\u0103 ca un cadou pentru o persoan\u0103 drag\u0103.<\/p>","protected":false},"excerpt":{"rendered":"<p>Br\u0103\u021bara pentru femei Michael Kors Premium va fi completarea perfect\u0103 pentru orice stil. Confec\u021bionat\u0103 din alam\u0103, aceasta ofer\u0103 durabilitate \u0219i elegan\u021b\u0103. Aceast\u0103 br\u0103\u021bar\u0103 va ad\u0103uga o not\u0103 de str\u0103lucire look-ului t\u0103u. Perfect\u0103 ca un cadou pentru o persoan\u0103 drag\u0103.<\/p>","protected":false},"featured_media":51660,"comment_status":"closed","ping_status":"open","template":"","meta":{"_acf_changed":false},"product_brand":[],"product_cat":[577,616],"product_tag":[],"class_list":{"0":"post-51659","1":"product","2":"type-product","3":"status-publish","4":"has-post-thumbnail","6":"product_cat-bratari","7":"product_cat-michael-kors","8":"pa_brand-michael-kors","9":"pa_braslet-alama","10":"pa_corpus-17-cm","11":"pa_korpus-auriu","12":"pa_material-alama","13":"pa_strana-sua","15":"first","16":"instock","17":"purchasable","18":"product-type-simple"},"acf":[],"_links":{"self":[{"href":"https:\/\/ceasuri.md\/ru\/wp-json\/wp\/v2\/product\/51659","targetHints":{"allow":["GET"]}}],"collection":[{"href":"https:\/\/ceasuri.md\/ru\/wp-json\/wp\/v2\/product"}],"about":[{"href":"https:\/\/ceasuri.md\/ru\/wp-json\/wp\/v2\/types\/product"}],"replies":[{"embeddable":true,"href":"https:\/\/ceasuri.md\/ru\/wp-json\/wp\/v2\/comments?post=51659"}],"wp:featuredmedia":[{"embeddable":true,"href":"https:\/\/ceasuri.md\/ru\/wp-json\/wp\/v2\/media\/51660"}],"wp:attachment":[{"href":"https:\/\/ceasuri.md\/ru\/wp-json\/wp\/v2\/media?parent=51659"}],"wp:term":[{"taxonomy":"product_brand","embeddable":true,"href":"https:\/\/ceasuri.md\/ru\/wp-json\/wp\/v2\/product_brand?post=51659"},{"taxonomy":"product_cat","embeddable":true,"href":"https:\/\/ceasuri.md\/ru\/wp-json\/wp\/v2\/product_cat?post=51659"},{"taxonomy":"product_tag","embeddable":true,"href":"https:\/\/ceasuri.md\/ru\/wp-json\/wp\/v2\/product_tag?post=51659"}],"curies":[{"name":"wp","href":"https:\/\/api.w.org\/{rel}","templated":true}]}}