{"id":51656,"date":"2024-01-17T11:55:52","date_gmt":"2024-01-17T09:55:52","guid":{"rendered":"http:\/\/new.ceasuri.md\/shop\/uncategorized\/michael-kors-premium-statement-bracelet-mkj828700040\/"},"modified":"2026-05-01T18:17:52","modified_gmt":"2026-05-01T15:17:52","slug":"michael-kors-premium-statement-bracelet-mkj828700040","status":"publish","type":"product","link":"https:\/\/ceasuri.md\/ru\/shop\/accesorii\/accesorii-dama\/bratari\/michael-kors-premium-statement-bracelet-mkj828700040\/","title":{"rendered":"MICHAEL KORS PREMIUM STATEMENT BRACELET MKJ828700040"},"content":{"rendered":"<p>Colec\u021bia Statement Link Collection de la Michael&#8217;s este conceput\u0103 cu verigi supradimensionate care transform\u0103 bijuteriile tradi\u021bionale \u00een piese maximaliste care pot fi purtate separat sau suprapuse \u00eempreun\u0103 pentru un look izbitor \u0219i \u00eendr\u0103zne\u021b.<\/p>\n<p>Confec\u021bionat\u0103 din alam\u0103 \u00een\u0103l\u021bat\u0103 \u0219i placat\u0103 cu platin\u0103, aceast\u0103 br\u0103\u021bar\u0103 sub\u021bire \u0219i curat\u0103 din metal prezint\u0103 verig\u0103 deschis\u0103 focal\u0103.<\/p>\n<p>Purta\u021bi-o singur\u0103 sau stivuit\u0103 \u00eempreun\u0103 cu modele similare!<\/p>","protected":false},"excerpt":{"rendered":"<p>Colec\u021bia Statement Link Collection de la Michael&#8217;s este conceput\u0103 cu verigi supradimensionate care transform\u0103 bijuteriile tradi\u021bionale \u00een piese maximaliste care pot fi purtate separat sau suprapuse \u00eempreun\u0103 pentru un look izbitor \u0219i \u00eendr\u0103zne\u021b. Confec\u021bionat\u0103 din alam\u0103 \u00een\u0103l\u021bat\u0103 \u0219i placat\u0103 cu platin\u0103, aceast\u0103 br\u0103\u021bar\u0103 sub\u021bire \u0219i curat\u0103 din metal prezint\u0103 verig\u0103 deschis\u0103 focal\u0103. Purta\u021bi-o singur\u0103 sau [&hellip;]<\/p>\n","protected":false},"featured_media":51657,"comment_status":"closed","ping_status":"open","template":"","meta":{"_acf_changed":false},"product_brand":[],"product_cat":[577,616],"product_tag":[],"class_list":{"0":"post-51656","1":"product","2":"type-product","3":"status-publish","4":"has-post-thumbnail","6":"product_cat-bratari","7":"product_cat-michael-kors","8":"pa_brand-michael-kors","9":"pa_braslet-alama","10":"pa_corpus-17-cm","11":"pa_korpus-argintiu","12":"pa_material-alama","13":"pa_strana-sua","15":"first","16":"instock","17":"purchasable","18":"product-type-simple"},"acf":[],"_links":{"self":[{"href":"https:\/\/ceasuri.md\/ru\/wp-json\/wp\/v2\/product\/51656","targetHints":{"allow":["GET"]}}],"collection":[{"href":"https:\/\/ceasuri.md\/ru\/wp-json\/wp\/v2\/product"}],"about":[{"href":"https:\/\/ceasuri.md\/ru\/wp-json\/wp\/v2\/types\/product"}],"replies":[{"embeddable":true,"href":"https:\/\/ceasuri.md\/ru\/wp-json\/wp\/v2\/comments?post=51656"}],"wp:featuredmedia":[{"embeddable":true,"href":"https:\/\/ceasuri.md\/ru\/wp-json\/wp\/v2\/media\/51657"}],"wp:attachment":[{"href":"https:\/\/ceasuri.md\/ru\/wp-json\/wp\/v2\/media?parent=51656"}],"wp:term":[{"taxonomy":"product_brand","embeddable":true,"href":"https:\/\/ceasuri.md\/ru\/wp-json\/wp\/v2\/product_brand?post=51656"},{"taxonomy":"product_cat","embeddable":true,"href":"https:\/\/ceasuri.md\/ru\/wp-json\/wp\/v2\/product_cat?post=51656"},{"taxonomy":"product_tag","embeddable":true,"href":"https:\/\/ceasuri.md\/ru\/wp-json\/wp\/v2\/product_tag?post=51656"}],"curies":[{"name":"wp","href":"https:\/\/api.w.org\/{rel}","templated":true}]}}