{"id":51653,"date":"2024-01-17T11:55:51","date_gmt":"2024-01-17T09:55:51","guid":{"rendered":"http:\/\/new.ceasuri.md\/shop\/uncategorized\/michael-kors-premium-bracelet-mkj828500710\/"},"modified":"2026-05-01T18:17:51","modified_gmt":"2026-05-01T15:17:51","slug":"michael-kors-premium-bracelet-mkj828500710","status":"publish","type":"product","link":"https:\/\/ceasuri.md\/ru\/shop\/accesorii\/accesorii-dama\/bratari\/michael-kors-premium-bracelet-mkj828500710\/","title":{"rendered":"MICHAEL KORS PREMIUM BRACELET MKJ828500710"},"content":{"rendered":"<p>Br\u0103\u021bara este potrivit\u0103 pentru femeile care prefer\u0103 un aspect clasic \u0219i elegant.<\/p>\n<p>Poate fi asortat\u0103 cu o rochie de sear\u0103 sau cu un costum de afaceri.<\/p>\n<p>Verigile din aur galben adaug\u0103 o not\u0103 de farmec, \u00een timp ce designul \u00eempletit adaug\u0103 rafinament.<\/p>","protected":false},"excerpt":{"rendered":"<p>Br\u0103\u021bara este potrivit\u0103 pentru femeile care prefer\u0103 un aspect clasic \u0219i elegant. Poate fi asortat\u0103 cu o rochie de sear\u0103 sau cu un costum de afaceri. Verigile din aur galben adaug\u0103 o not\u0103 de farmec, \u00een timp ce designul \u00eempletit adaug\u0103 rafinament.<\/p>","protected":false},"featured_media":51654,"comment_status":"closed","ping_status":"open","template":"","meta":{"_acf_changed":false},"product_brand":[],"product_cat":[577,616],"product_tag":[],"class_list":{"0":"post-51653","1":"product","2":"type-product","3":"status-publish","4":"has-post-thumbnail","6":"product_cat-bratari","7":"product_cat-michael-kors","8":"pa_brand-michael-kors","9":"pa_braslet-alama","10":"pa_corpus-18-cm","11":"pa_korpus-auriu","12":"pa_material-alama","13":"pa_strana-sua","15":"first","16":"instock","17":"purchasable","18":"product-type-simple"},"acf":[],"_links":{"self":[{"href":"https:\/\/ceasuri.md\/ru\/wp-json\/wp\/v2\/product\/51653","targetHints":{"allow":["GET"]}}],"collection":[{"href":"https:\/\/ceasuri.md\/ru\/wp-json\/wp\/v2\/product"}],"about":[{"href":"https:\/\/ceasuri.md\/ru\/wp-json\/wp\/v2\/types\/product"}],"replies":[{"embeddable":true,"href":"https:\/\/ceasuri.md\/ru\/wp-json\/wp\/v2\/comments?post=51653"}],"wp:featuredmedia":[{"embeddable":true,"href":"https:\/\/ceasuri.md\/ru\/wp-json\/wp\/v2\/media\/51654"}],"wp:attachment":[{"href":"https:\/\/ceasuri.md\/ru\/wp-json\/wp\/v2\/media?parent=51653"}],"wp:term":[{"taxonomy":"product_brand","embeddable":true,"href":"https:\/\/ceasuri.md\/ru\/wp-json\/wp\/v2\/product_brand?post=51653"},{"taxonomy":"product_cat","embeddable":true,"href":"https:\/\/ceasuri.md\/ru\/wp-json\/wp\/v2\/product_cat?post=51653"},{"taxonomy":"product_tag","embeddable":true,"href":"https:\/\/ceasuri.md\/ru\/wp-json\/wp\/v2\/product_tag?post=51653"}],"curies":[{"name":"wp","href":"https:\/\/api.w.org\/{rel}","templated":true}]}}