{"id":51650,"date":"2024-01-17T11:55:49","date_gmt":"2024-01-17T09:55:49","guid":{"rendered":"http:\/\/new.ceasuri.md\/shop\/uncategorized\/michael-kors-premium-bracelet-mkj828500040\/"},"modified":"2026-05-01T18:17:49","modified_gmt":"2026-05-01T15:17:49","slug":"michael-kors-premium-bracelet-mkj828500040","status":"publish","type":"product","link":"https:\/\/ceasuri.md\/ru\/shop\/accesorii\/accesorii-dama\/bratari\/michael-kors-premium-bracelet-mkj828500040\/","title":{"rendered":"MICHAEL KORS PREMIUM BRACELET MKJ828500040"},"content":{"rendered":"<p>Bijuteriile Michael Kors sunt realizate din cele mai bune materiale. De exemplu, aceast\u0103 bijuterie este realizat\u0103 din alam\u0103 \u0219i are o culoare argintie frumoas\u0103. Aceste bijuterii sunt potrivite pentru orice ocazie, fie c\u0103 este vorba de o zi casual sau de o sear\u0103 chic.<\/p>\n<p>V\u0103 place s\u0103 amesteca\u021bi \u0219i s\u0103 combina\u021bi? Cele mai multe dintre bijuteriile sunt disponibile \u0219i \u00een seturi.<\/p>\n<p>Michael Kors este un must-have \u00een lumea bijuteriilor \u0219i adaug\u0103 o actualizare fantastic\u0103 oric\u0103rei \u021binute.<\/p>","protected":false},"excerpt":{"rendered":"<p>Bijuteriile Michael Kors sunt realizate din cele mai bune materiale. De exemplu, aceast\u0103 bijuterie este realizat\u0103 din alam\u0103 \u0219i are o culoare argintie frumoas\u0103. Aceste bijuterii sunt potrivite pentru orice ocazie, fie c\u0103 este vorba de o zi casual sau de o sear\u0103 chic. V\u0103 place s\u0103 amesteca\u021bi \u0219i s\u0103 combina\u021bi? Cele mai multe dintre [&hellip;]<\/p>\n","protected":false},"featured_media":51651,"comment_status":"closed","ping_status":"open","template":"","meta":{"_acf_changed":false},"product_brand":[],"product_cat":[577,616],"product_tag":[],"class_list":{"0":"post-51650","1":"product","2":"type-product","3":"status-publish","4":"has-post-thumbnail","6":"product_cat-bratari","7":"product_cat-michael-kors","8":"pa_brand-michael-kors","9":"pa_braslet-alama","10":"pa_corpus-18-cm","11":"pa_korpus-argintiu","12":"pa_material-alama","13":"pa_strana-sua","15":"first","16":"instock","17":"purchasable","18":"product-type-simple"},"acf":[],"_links":{"self":[{"href":"https:\/\/ceasuri.md\/ru\/wp-json\/wp\/v2\/product\/51650","targetHints":{"allow":["GET"]}}],"collection":[{"href":"https:\/\/ceasuri.md\/ru\/wp-json\/wp\/v2\/product"}],"about":[{"href":"https:\/\/ceasuri.md\/ru\/wp-json\/wp\/v2\/types\/product"}],"replies":[{"embeddable":true,"href":"https:\/\/ceasuri.md\/ru\/wp-json\/wp\/v2\/comments?post=51650"}],"wp:featuredmedia":[{"embeddable":true,"href":"https:\/\/ceasuri.md\/ru\/wp-json\/wp\/v2\/media\/51651"}],"wp:attachment":[{"href":"https:\/\/ceasuri.md\/ru\/wp-json\/wp\/v2\/media?parent=51650"}],"wp:term":[{"taxonomy":"product_brand","embeddable":true,"href":"https:\/\/ceasuri.md\/ru\/wp-json\/wp\/v2\/product_brand?post=51650"},{"taxonomy":"product_cat","embeddable":true,"href":"https:\/\/ceasuri.md\/ru\/wp-json\/wp\/v2\/product_cat?post=51650"},{"taxonomy":"product_tag","embeddable":true,"href":"https:\/\/ceasuri.md\/ru\/wp-json\/wp\/v2\/product_tag?post=51650"}],"curies":[{"name":"wp","href":"https:\/\/api.w.org\/{rel}","templated":true}]}}