{"id":51646,"date":"2026-04-02T23:43:41","date_gmt":"2026-04-02T20:43:41","guid":{"rendered":"http:\/\/new.ceasuri.md\/shop\/uncategorized\/michael-kors-premium-necklace-mkj828400710\/"},"modified":"2026-04-20T01:22:45","modified_gmt":"2026-04-19T22:22:45","slug":"michael-kors-premium-necklace-mkj828400710","status":"publish","type":"product","link":"https:\/\/ceasuri.md\/ru\/shop\/accesorii\/accesorii-barbati\/lanturi\/michael-kors-premium-necklace-mkj828400710\/","title":{"rendered":"MICHAEL KORS PREMIUM NECKLACE MKJ828400710"},"content":{"rendered":"<p>Colierul unisex Michael Kors Premium este o bijuterie de culoare aurie la mod\u0103.<\/p>\n<p>Designul delicat, dar distinctiv, este eviden\u021biat de verigi cu logo-ul m\u0103rcii \u00een centru.<\/p>\n<p>Produsul va fi perfect ca un cadou pentru o femeie sau un b\u0103rbat.<\/p>","protected":false},"excerpt":{"rendered":"<p>Colierul unisex Michael Kors Premium este o bijuterie de culoare aurie la mod\u0103. Designul delicat, dar distinctiv, este eviden\u021biat de verigi cu logo-ul m\u0103rcii \u00een centru. Produsul va fi perfect ca un cadou pentru o femeie sau un b\u0103rbat.<\/p>","protected":false},"featured_media":51647,"comment_status":"closed","ping_status":"open","template":"","meta":{"_acf_changed":false},"product_brand":[],"product_cat":[584,607,616],"product_tag":[],"class_list":{"0":"post-51646","1":"product","2":"type-product","3":"status-publish","4":"has-post-thumbnail","6":"product_cat-lanturi","7":"product_cat-lanturi-accesorii-dama","8":"product_cat-michael-kors","9":"pa_brand-michael-kors","10":"pa_braslet-alama","11":"pa_corpus-67cm","12":"pa_korpus-auriu","13":"pa_material-alama","14":"pa_strana-sua","16":"first","17":"instock","18":"purchasable","19":"product-type-simple"},"acf":[],"_links":{"self":[{"href":"https:\/\/ceasuri.md\/ru\/wp-json\/wp\/v2\/product\/51646","targetHints":{"allow":["GET"]}}],"collection":[{"href":"https:\/\/ceasuri.md\/ru\/wp-json\/wp\/v2\/product"}],"about":[{"href":"https:\/\/ceasuri.md\/ru\/wp-json\/wp\/v2\/types\/product"}],"replies":[{"embeddable":true,"href":"https:\/\/ceasuri.md\/ru\/wp-json\/wp\/v2\/comments?post=51646"}],"wp:featuredmedia":[{"embeddable":true,"href":"https:\/\/ceasuri.md\/ru\/wp-json\/wp\/v2\/media\/51647"}],"wp:attachment":[{"href":"https:\/\/ceasuri.md\/ru\/wp-json\/wp\/v2\/media?parent=51646"}],"wp:term":[{"taxonomy":"product_brand","embeddable":true,"href":"https:\/\/ceasuri.md\/ru\/wp-json\/wp\/v2\/product_brand?post=51646"},{"taxonomy":"product_cat","embeddable":true,"href":"https:\/\/ceasuri.md\/ru\/wp-json\/wp\/v2\/product_cat?post=51646"},{"taxonomy":"product_tag","embeddable":true,"href":"https:\/\/ceasuri.md\/ru\/wp-json\/wp\/v2\/product_tag?post=51646"}],"curies":[{"name":"wp","href":"https:\/\/api.w.org\/{rel}","templated":true}]}}