{"id":51643,"date":"2024-01-17T10:48:15","date_gmt":"2024-01-17T08:48:15","guid":{"rendered":"http:\/\/new.ceasuri.md\/shop\/uncategorized\/michael-kors-premium-bracelet-mkj8277cz040\/"},"modified":"2026-05-01T18:17:45","modified_gmt":"2026-05-01T15:17:45","slug":"michael-kors-premium-bracelet-mkj8277cz040","status":"publish","type":"product","link":"https:\/\/ceasuri.md\/ru\/shop\/accesorii\/accesorii-dama\/bratari\/michael-kors-premium-bracelet-mkj8277cz040\/","title":{"rendered":"MICHAEL KORS PREMIUM BRACELET MKJ8277CZ040"},"content":{"rendered":"<p>Colec\u021bia de bijuterii Metallic Muse de la Michael Kors transpune r\u0103d\u0103cinile de patrimoniu ale brandului printr-o lentil\u0103 contemporan\u0103 de lux, pentru a se potrivi cu atitudinea \u00eendr\u0103znea\u021b\u0103 \u0219i \u00eencrez\u0103toare a femeilor moderne.<\/p>\n<p>Aceast\u0103 siluet\u0103 de br\u0103\u021bar\u0103 cu dou\u0103 straturi prezint\u0103 o br\u0103\u021bar\u0103 cu pietre de zirconiu cubic asociat\u0103 cu un lan\u021b simplu. Realizat\u0103 din alam\u0103 elevat\u0103, aceast\u0103 br\u0103\u021bar\u0103 este placat\u0103 cu platin\u0103 \u0219i are o \u00eenchidere lobster.<\/p>","protected":false},"excerpt":{"rendered":"<p>Colec\u021bia de bijuterii Metallic Muse de la Michael Kors transpune r\u0103d\u0103cinile de patrimoniu ale brandului printr-o lentil\u0103 contemporan\u0103 de lux, pentru a se potrivi cu atitudinea \u00eendr\u0103znea\u021b\u0103 \u0219i \u00eencrez\u0103toare a femeilor moderne. Aceast\u0103 siluet\u0103 de br\u0103\u021bar\u0103 cu dou\u0103 straturi prezint\u0103 o br\u0103\u021bar\u0103 cu pietre de zirconiu cubic asociat\u0103 cu un lan\u021b simplu. Realizat\u0103 din alam\u0103 [&hellip;]<\/p>\n","protected":false},"featured_media":51644,"comment_status":"closed","ping_status":"open","template":"","meta":{"_acf_changed":false},"product_brand":[],"product_cat":[577,616],"product_tag":[],"class_list":{"0":"post-51643","1":"product","2":"type-product","3":"status-publish","4":"has-post-thumbnail","6":"product_cat-bratari","7":"product_cat-michael-kors","8":"pa_brand-michael-kors","9":"pa_braslet-alama","10":"pa_corpus-15-cm","11":"pa_decor-cristale-swarowski","12":"pa_korpus-argintiu","13":"pa_material-alama","14":"pa_strana-sua","16":"first","17":"instock","18":"purchasable","19":"product-type-simple"},"acf":[],"_links":{"self":[{"href":"https:\/\/ceasuri.md\/ru\/wp-json\/wp\/v2\/product\/51643","targetHints":{"allow":["GET"]}}],"collection":[{"href":"https:\/\/ceasuri.md\/ru\/wp-json\/wp\/v2\/product"}],"about":[{"href":"https:\/\/ceasuri.md\/ru\/wp-json\/wp\/v2\/types\/product"}],"replies":[{"embeddable":true,"href":"https:\/\/ceasuri.md\/ru\/wp-json\/wp\/v2\/comments?post=51643"}],"wp:featuredmedia":[{"embeddable":true,"href":"https:\/\/ceasuri.md\/ru\/wp-json\/wp\/v2\/media\/51644"}],"wp:attachment":[{"href":"https:\/\/ceasuri.md\/ru\/wp-json\/wp\/v2\/media?parent=51643"}],"wp:term":[{"taxonomy":"product_brand","embeddable":true,"href":"https:\/\/ceasuri.md\/ru\/wp-json\/wp\/v2\/product_brand?post=51643"},{"taxonomy":"product_cat","embeddable":true,"href":"https:\/\/ceasuri.md\/ru\/wp-json\/wp\/v2\/product_cat?post=51643"},{"taxonomy":"product_tag","embeddable":true,"href":"https:\/\/ceasuri.md\/ru\/wp-json\/wp\/v2\/product_tag?post=51643"}],"curies":[{"name":"wp","href":"https:\/\/api.w.org\/{rel}","templated":true}]}}