{"id":51639,"date":"2026-04-02T23:43:41","date_gmt":"2026-04-02T20:43:41","guid":{"rendered":"http:\/\/new.ceasuri.md\/shop\/uncategorized\/michael-kors-premium-mkj827200710\/"},"modified":"2026-04-20T01:22:44","modified_gmt":"2026-04-19T22:22:44","slug":"michael-kors-premium-mkj827200710","status":"publish","type":"product","link":"https:\/\/ceasuri.md\/ru\/shop\/accesorii\/accesorii-dama\/coliere\/michael-kors-premium-mkj827200710\/","title":{"rendered":"MICHAEL KORS PREMIUM MKJ827200710"},"content":{"rendered":"<p>Colierul Michael Kors Premium pentru femei este un accesoriu elegant care adaug\u0103 farmec oric\u0103rui look.<\/p>\n<p>Realizat din alam\u0103, este format din dou\u0103 lan\u021buri groase care creeaz\u0103 o compozi\u021bie izbitoare.<\/p>\n<p>Este o alegere ideal\u0103 pentru femeile care apreciaz\u0103 designul sofisticat \u0219i manopera de \u00eenalt\u0103 calitate.<\/p>","protected":false},"excerpt":{"rendered":"<p>Colierul Michael Kors Premium pentru femei este un accesoriu elegant care adaug\u0103 farmec oric\u0103rui look. Realizat din alam\u0103, este format din dou\u0103 lan\u021buri groase care creeaz\u0103 o compozi\u021bie izbitoare. Este o alegere ideal\u0103 pentru femeile care apreciaz\u0103 designul sofisticat \u0219i manopera de \u00eenalt\u0103 calitate.<\/p>","protected":false},"featured_media":51640,"comment_status":"closed","ping_status":"open","template":"","meta":{"_acf_changed":false},"product_brand":[],"product_cat":[583,607,616],"product_tag":[],"class_list":{"0":"post-51639","1":"product","2":"type-product","3":"status-publish","4":"has-post-thumbnail","6":"product_cat-coliere","7":"product_cat-lanturi-accesorii-dama","8":"product_cat-michael-kors","9":"pa_brand-michael-kors","10":"pa_braslet-alama","11":"pa_corpus-94cm","12":"pa_korpus-auriu","13":"pa_material-alama","14":"pa_strana-sua","16":"first","17":"instock","18":"purchasable","19":"product-type-simple"},"acf":[],"_links":{"self":[{"href":"https:\/\/ceasuri.md\/ru\/wp-json\/wp\/v2\/product\/51639","targetHints":{"allow":["GET"]}}],"collection":[{"href":"https:\/\/ceasuri.md\/ru\/wp-json\/wp\/v2\/product"}],"about":[{"href":"https:\/\/ceasuri.md\/ru\/wp-json\/wp\/v2\/types\/product"}],"replies":[{"embeddable":true,"href":"https:\/\/ceasuri.md\/ru\/wp-json\/wp\/v2\/comments?post=51639"}],"wp:featuredmedia":[{"embeddable":true,"href":"https:\/\/ceasuri.md\/ru\/wp-json\/wp\/v2\/media\/51640"}],"wp:attachment":[{"href":"https:\/\/ceasuri.md\/ru\/wp-json\/wp\/v2\/media?parent=51639"}],"wp:term":[{"taxonomy":"product_brand","embeddable":true,"href":"https:\/\/ceasuri.md\/ru\/wp-json\/wp\/v2\/product_brand?post=51639"},{"taxonomy":"product_cat","embeddable":true,"href":"https:\/\/ceasuri.md\/ru\/wp-json\/wp\/v2\/product_cat?post=51639"},{"taxonomy":"product_tag","embeddable":true,"href":"https:\/\/ceasuri.md\/ru\/wp-json\/wp\/v2\/product_tag?post=51639"}],"curies":[{"name":"wp","href":"https:\/\/api.w.org\/{rel}","templated":true}]}}