{"id":51635,"date":"2024-01-17T09:36:58","date_gmt":"2024-01-17T07:36:58","guid":{"rendered":"http:\/\/new.ceasuri.md\/shop\/uncategorized\/michael-kors-premium-bracelet-mkj8064710\/"},"modified":"2026-05-01T18:17:42","modified_gmt":"2026-05-01T15:17:42","slug":"michael-kors-premium-bracelet-mkj8064710","status":"publish","type":"product","link":"https:\/\/ceasuri.md\/ru\/shop\/accesorii\/accesorii-dama\/bratari\/michael-kors-premium-bracelet-mkj8064710\/","title":{"rendered":"MICHAEL KORS PREMIUM BRACELET MKJ8064710"},"content":{"rendered":"<p>Aceast\u0103 bijuterie este potrivit\u0103 pentru orice ocazie, fie c\u0103 este vorba de o zi casual sau de o sear\u0103 \u0219ic.<\/p>\n<p>\u00ce\u021bi place s\u0103 amesteci \u0219i s\u0103 asortezi? Cele mai multe dintre bijuteriile noastre sunt disponibile \u0219i \u00een seturi.<\/p>\n<p>Michael Kors este un must-have \u00een lumea bijuteriilor, care ofer\u0103 oric\u0103rei \u021binute o actualizare fantastic\u0103.<\/p>","protected":false},"excerpt":{"rendered":"<p>Aceast\u0103 bijuterie este potrivit\u0103 pentru orice ocazie, fie c\u0103 este vorba de o zi casual sau de o sear\u0103 \u0219ic. \u00ce\u021bi place s\u0103 amesteci \u0219i s\u0103 asortezi? Cele mai multe dintre bijuteriile noastre sunt disponibile \u0219i \u00een seturi. Michael Kors este un must-have \u00een lumea bijuteriilor, care ofer\u0103 oric\u0103rei \u021binute o actualizare fantastic\u0103.<\/p>","protected":false},"featured_media":51636,"comment_status":"closed","ping_status":"open","template":"","meta":{"_acf_changed":false},"product_brand":[],"product_cat":[577,616],"product_tag":[],"class_list":{"0":"post-51635","1":"product","2":"type-product","3":"status-publish","4":"has-post-thumbnail","6":"product_cat-bratari","7":"product_cat-michael-kors","8":"pa_brand-michael-kors","9":"pa_braslet-alama","10":"pa_corpus-17-cm","11":"pa_decor-cristale-swarowski","12":"pa_korpus-auriu","13":"pa_material-alama","14":"pa_strana-sua","16":"first","17":"instock","18":"purchasable","19":"product-type-simple"},"acf":[],"_links":{"self":[{"href":"https:\/\/ceasuri.md\/ru\/wp-json\/wp\/v2\/product\/51635","targetHints":{"allow":["GET"]}}],"collection":[{"href":"https:\/\/ceasuri.md\/ru\/wp-json\/wp\/v2\/product"}],"about":[{"href":"https:\/\/ceasuri.md\/ru\/wp-json\/wp\/v2\/types\/product"}],"replies":[{"embeddable":true,"href":"https:\/\/ceasuri.md\/ru\/wp-json\/wp\/v2\/comments?post=51635"}],"wp:featuredmedia":[{"embeddable":true,"href":"https:\/\/ceasuri.md\/ru\/wp-json\/wp\/v2\/media\/51636"}],"wp:attachment":[{"href":"https:\/\/ceasuri.md\/ru\/wp-json\/wp\/v2\/media?parent=51635"}],"wp:term":[{"taxonomy":"product_brand","embeddable":true,"href":"https:\/\/ceasuri.md\/ru\/wp-json\/wp\/v2\/product_brand?post=51635"},{"taxonomy":"product_cat","embeddable":true,"href":"https:\/\/ceasuri.md\/ru\/wp-json\/wp\/v2\/product_cat?post=51635"},{"taxonomy":"product_tag","embeddable":true,"href":"https:\/\/ceasuri.md\/ru\/wp-json\/wp\/v2\/product_tag?post=51635"}],"curies":[{"name":"wp","href":"https:\/\/api.w.org\/{rel}","templated":true}]}}