{"id":51631,"date":"2024-01-17T07:23:21","date_gmt":"2024-01-17T05:23:21","guid":{"rendered":"http:\/\/new.ceasuri.md\/shop\/uncategorized\/michael-kors-premium-necklace-mkj7835710\/"},"modified":"2026-05-06T16:13:23","modified_gmt":"2026-05-06T13:13:23","slug":"michael-kors-premium-necklace-mkj7835710","status":"publish","type":"product","link":"https:\/\/ceasuri.md\/ru\/shop\/accesorii\/accesorii-dama\/coliere\/michael-kors-premium-necklace-mkj7835710\/","title":{"rendered":"MICHAEL KORS PREMIUM NECKLACE MKJ7835710"},"content":{"rendered":"<p>Colier de guler premium placat cu aur, cu logo-ul Michael Kors.<\/p>\n<p>Colec\u021bia noastr\u0103 Kors MK prezint\u0103 un colier unic placat cu aur de 14k cu modele \u00eendr\u0103zne\u021be.<\/p>\n<p>Aceast\u0103 frumoas\u0103 bijuterie prezint\u0103 zirconii cubice str\u0103lucitoare, \u00eempodobite cu emblematicul logo MK.<\/p>\n<p>Purta\u021bi acest colier singur sau asorta\u021bi-l cu o br\u0103\u021bar\u0103, un inel \u0219i cercei.<\/p>","protected":false},"excerpt":{"rendered":"<p>Colier de guler premium placat cu aur, cu logo-ul Michael Kors. Colec\u021bia noastr\u0103 Kors MK prezint\u0103 un colier unic placat cu aur de 14k cu modele \u00eendr\u0103zne\u021be. Aceast\u0103 frumoas\u0103 bijuterie prezint\u0103 zirconii cubice str\u0103lucitoare, \u00eempodobite cu emblematicul logo MK. Purta\u021bi acest colier singur sau asorta\u021bi-l cu o br\u0103\u021bar\u0103, un inel \u0219i cercei.<\/p>","protected":false},"featured_media":51632,"comment_status":"closed","ping_status":"open","template":"","meta":{"_acf_changed":false},"product_brand":[],"product_cat":[583,616],"product_tag":[],"class_list":{"0":"post-51631","1":"product","2":"type-product","3":"status-publish","4":"has-post-thumbnail","6":"product_cat-coliere","7":"product_cat-michael-kors","8":"pa_brand-michael-kors","9":"pa_braslet-alama","10":"pa_corpus-38cm","11":"pa_decor-cristale-swarowski","12":"pa_korpus-auriu","13":"pa_material-alama","14":"pa_strana-sua","16":"first","17":"instock","18":"purchasable","19":"product-type-simple"},"acf":[],"_links":{"self":[{"href":"https:\/\/ceasuri.md\/ru\/wp-json\/wp\/v2\/product\/51631","targetHints":{"allow":["GET"]}}],"collection":[{"href":"https:\/\/ceasuri.md\/ru\/wp-json\/wp\/v2\/product"}],"about":[{"href":"https:\/\/ceasuri.md\/ru\/wp-json\/wp\/v2\/types\/product"}],"replies":[{"embeddable":true,"href":"https:\/\/ceasuri.md\/ru\/wp-json\/wp\/v2\/comments?post=51631"}],"wp:featuredmedia":[{"embeddable":true,"href":"https:\/\/ceasuri.md\/ru\/wp-json\/wp\/v2\/media\/51632"}],"wp:attachment":[{"href":"https:\/\/ceasuri.md\/ru\/wp-json\/wp\/v2\/media?parent=51631"}],"wp:term":[{"taxonomy":"product_brand","embeddable":true,"href":"https:\/\/ceasuri.md\/ru\/wp-json\/wp\/v2\/product_brand?post=51631"},{"taxonomy":"product_cat","embeddable":true,"href":"https:\/\/ceasuri.md\/ru\/wp-json\/wp\/v2\/product_cat?post=51631"},{"taxonomy":"product_tag","embeddable":true,"href":"https:\/\/ceasuri.md\/ru\/wp-json\/wp\/v2\/product_tag?post=51631"}],"curies":[{"name":"wp","href":"https:\/\/api.w.org\/{rel}","templated":true}]}}