{"id":51628,"date":"2026-04-02T23:43:41","date_gmt":"2026-04-02T20:43:41","guid":{"rendered":"http:\/\/new.ceasuri.md\/shop\/uncategorized\/seiko-dress-sur535p1\/"},"modified":"2026-04-20T01:25:53","modified_gmt":"2026-04-19T22:25:53","slug":"seiko-dress-sur535p1","status":"publish","type":"product","link":"https:\/\/ceasuri.md\/ru\/shop\/branduri\/seiko\/seiko-dress-sur535p1\/","title":{"rendered":"\u0427\u0430\u0441\u044b SEIKO DRESS SUR535P1"},"content":{"rendered":"<p>Nu este doar un ceas, ci o oper\u0103 de art\u0103 care combin\u0103 elegan\u021ba, func\u021bionalitatea \u0219i calitatea. Va fi un accesoriu excelent pentru orice look, subliniind \u00eencrederea \u0219i stilul dvs.<\/p>\n<p>Dac\u0103 sunte\u021bi \u00een c\u0103utarea unui ceas nou, nu uita\u021bi s\u0103 arunca\u021bi o privire la acest model. Se a\u0219eaz\u0103 confortabil \u0219i comod pe m\u00e2n\u0103.<\/p>\n<p>Caracteristicile tehnice sunt, de asemenea, \u00een top. Ceasul este alimentat de mi\u0219carea cu cuar\u021b 6N76, care \u00eei asigur\u0103 acurate\u021bea \u0219i fiabilitatea. Protec\u021bia la ap\u0103 100WR \u00eenseamn\u0103 c\u0103 nu trebuie s\u0103 v\u0103 face\u021bi griji pentru ele nici m\u0103car pe vreme ploioas\u0103.<\/p>\n<p>M\u00e2inile \u0219i indicatoarele luminescente LumiBrite asigur\u0103 o vizibilitate excelent\u0103 \u00een \u00eentuneric, \u00een timp ce cristalul de safir protejeaz\u0103 \u00eempotriva zg\u00e2rieturilor.<\/p>\n<p>Acest lucru \u00eenseamn\u0103 c\u0103 vor dura mult timp \u0219i vor rezista \u00een mod fiabil, p\u0103str\u00e2ndu-\u0219i aspectul original.<\/p>","protected":false},"excerpt":{"rendered":"<p>Nu este doar un ceas, ci o oper\u0103 de art\u0103 care combin\u0103 elegan\u021ba, func\u021bionalitatea \u0219i calitatea. Va fi un accesoriu excelent pentru orice look, subliniind \u00eencrederea \u0219i stilul dvs. Dac\u0103 sunte\u021bi \u00een c\u0103utarea unui ceas nou, nu uita\u021bi s\u0103 arunca\u021bi o privire la acest model. Se a\u0219eaz\u0103 confortabil \u0219i comod pe m\u00e2n\u0103. Caracteristicile tehnice sunt, [&hellip;]<\/p>\n","protected":false},"featured_media":51629,"comment_status":"closed","ping_status":"open","template":"","meta":{"_acf_changed":false},"product_brand":[],"product_cat":[20,588],"product_tag":[],"class_list":{"0":"post-51628","1":"product","2":"type-product","3":"status-publish","4":"has-post-thumbnail","6":"product_cat-ceasuri-barbati","7":"product_cat-seiko","8":"pa_brand-seiko","9":"pa_braslet-otel-inoxidabil","10":"pa_corpus-40-mm","11":"pa_forma-rotund","12":"pa_funcii-data","13":"pa_garatia-24-luni","14":"pa_korpus-argintiu","15":"pa_kvarc-quartz","16":"pa_material-otel-inoxidabil","17":"pa_mehanizm-quartz","18":"pa_remeshok-argintiu","19":"pa_steklo-cristal-safir","20":"pa_strana-japonia","21":"pa_voda-10-atm","23":"first","24":"instock","25":"purchasable","26":"product-type-simple"},"acf":[],"_links":{"self":[{"href":"https:\/\/ceasuri.md\/ru\/wp-json\/wp\/v2\/product\/51628","targetHints":{"allow":["GET"]}}],"collection":[{"href":"https:\/\/ceasuri.md\/ru\/wp-json\/wp\/v2\/product"}],"about":[{"href":"https:\/\/ceasuri.md\/ru\/wp-json\/wp\/v2\/types\/product"}],"replies":[{"embeddable":true,"href":"https:\/\/ceasuri.md\/ru\/wp-json\/wp\/v2\/comments?post=51628"}],"wp:featuredmedia":[{"embeddable":true,"href":"https:\/\/ceasuri.md\/ru\/wp-json\/wp\/v2\/media\/51629"}],"wp:attachment":[{"href":"https:\/\/ceasuri.md\/ru\/wp-json\/wp\/v2\/media?parent=51628"}],"wp:term":[{"taxonomy":"product_brand","embeddable":true,"href":"https:\/\/ceasuri.md\/ru\/wp-json\/wp\/v2\/product_brand?post=51628"},{"taxonomy":"product_cat","embeddable":true,"href":"https:\/\/ceasuri.md\/ru\/wp-json\/wp\/v2\/product_cat?post=51628"},{"taxonomy":"product_tag","embeddable":true,"href":"https:\/\/ceasuri.md\/ru\/wp-json\/wp\/v2\/product_tag?post=51628"}],"curies":[{"name":"wp","href":"https:\/\/api.w.org\/{rel}","templated":true}]}}