{"id":51621,"date":"2026-04-02T23:42:39","date_gmt":"2026-04-02T20:42:39","guid":{"rendered":"http:\/\/new.ceasuri.md\/shop\/uncategorized\/seiko-dress-sur459p1\/"},"modified":"2026-04-20T01:25:52","modified_gmt":"2026-04-19T22:25:52","slug":"seiko-dress-sur459p1","status":"publish","type":"product","link":"https:\/\/ceasuri.md\/ru\/shop\/branduri\/seiko\/seiko-dress-sur459p1\/","title":{"rendered":"\u0427\u0430\u0441\u044b SEIKO DRESS SUR459P1"},"content":{"rendered":"<p>Ceasul combin\u0103 o carcas\u0103 din o\u021bel inoxidabil de 40,2 mm de form\u0103 rotund\u0103 \u0219i o br\u0103\u021bar\u0103 argintie din o\u021bel inoxidabil cu o \u00eenchidere cu buton de deschidere.<\/p>\n<p>Are un cadran analogic alb, cu m\u00e2ini Lumibrite \u0219i numere arabe negre u\u0219or de citit, care sunt protejate de un geam de cristal de safir.<\/p>\n<p>Acest model are, de asemenea, o rezisten\u021b\u0103 la ap\u0103 de p\u00e2n\u0103 la 100 de metri.<\/p>","protected":false},"excerpt":{"rendered":"<p>Ceasul combin\u0103 o carcas\u0103 din o\u021bel inoxidabil de 40,2 mm de form\u0103 rotund\u0103 \u0219i o br\u0103\u021bar\u0103 argintie din o\u021bel inoxidabil cu o \u00eenchidere cu buton de deschidere. Are un cadran analogic alb, cu m\u00e2ini Lumibrite \u0219i numere arabe negre u\u0219or de citit, care sunt protejate de un geam de cristal de safir. Acest model are, [&hellip;]<\/p>\n","protected":false},"featured_media":51622,"comment_status":"closed","ping_status":"open","template":"","meta":{"_acf_changed":false},"product_brand":[],"product_cat":[20,588],"product_tag":[],"class_list":{"0":"post-51621","1":"product","2":"type-product","3":"status-publish","4":"has-post-thumbnail","6":"product_cat-ceasuri-barbati","7":"product_cat-seiko","8":"pa_brand-seiko","9":"pa_braslet-otel-inoxidabil","10":"pa_corpus-40-mm","11":"pa_forma-rotund","12":"pa_funcii-data","13":"pa_garatia-24-luni","14":"pa_korpus-argintiu","15":"pa_kvarc-quartz","16":"pa_material-otel-inoxidabil","17":"pa_mehanizm-quartz","18":"pa_remeshok-argintiu","19":"pa_steklo-cristal-safir","20":"pa_strana-japonia","21":"pa_voda-10-atm","23":"first","24":"instock","25":"purchasable","26":"product-type-simple"},"acf":[],"_links":{"self":[{"href":"https:\/\/ceasuri.md\/ru\/wp-json\/wp\/v2\/product\/51621","targetHints":{"allow":["GET"]}}],"collection":[{"href":"https:\/\/ceasuri.md\/ru\/wp-json\/wp\/v2\/product"}],"about":[{"href":"https:\/\/ceasuri.md\/ru\/wp-json\/wp\/v2\/types\/product"}],"replies":[{"embeddable":true,"href":"https:\/\/ceasuri.md\/ru\/wp-json\/wp\/v2\/comments?post=51621"}],"wp:featuredmedia":[{"embeddable":true,"href":"https:\/\/ceasuri.md\/ru\/wp-json\/wp\/v2\/media\/51622"}],"wp:attachment":[{"href":"https:\/\/ceasuri.md\/ru\/wp-json\/wp\/v2\/media?parent=51621"}],"wp:term":[{"taxonomy":"product_brand","embeddable":true,"href":"https:\/\/ceasuri.md\/ru\/wp-json\/wp\/v2\/product_brand?post=51621"},{"taxonomy":"product_cat","embeddable":true,"href":"https:\/\/ceasuri.md\/ru\/wp-json\/wp\/v2\/product_cat?post=51621"},{"taxonomy":"product_tag","embeddable":true,"href":"https:\/\/ceasuri.md\/ru\/wp-json\/wp\/v2\/product_tag?post=51621"}],"curies":[{"name":"wp","href":"https:\/\/api.w.org\/{rel}","templated":true}]}}