{"id":51617,"date":"2026-04-02T23:42:39","date_gmt":"2026-04-02T20:42:39","guid":{"rendered":"http:\/\/new.ceasuri.md\/shop\/uncategorized\/seiko-presage-ssk015j1\/"},"modified":"2026-04-20T01:25:51","modified_gmt":"2026-04-19T22:25:51","slug":"seiko-presage-ssk015j1","status":"publish","type":"product","link":"https:\/\/ceasuri.md\/ru\/shop\/branduri\/seiko\/seiko-presage-ssk015j1\/","title":{"rendered":"\u0427\u0430\u0441\u044b SEIKO PRESAGE SSK015J1"},"content":{"rendered":"<p>Ceasul respir\u0103 pur \u0219i simplu stil \u0219i clas\u0103: un cristal mineral convex Hardlex de epoc\u0103, o lunet\u0103 fix\u0103 \u0219i un design al cadranului similar cu cel \u00eent\u00e2lnit pe modelele de acum 60 de ani.<\/p>\n<p>Diametrul carcasei este un modest 40,8 mm.<\/p>\n<p>Sistemul de \u00eencredere Seiko Cal. 4R34, care este vizibil prin fereastra de la spatele carcasei. Este, bine\u00een\u021beles, mi\u0219carea proprie Seiko, \u00een conformitate cu istoria bogat\u0103 a m\u0103rcii.<\/p>\n<p>Este, de asemenea, un model special pentru a comemora cea de-a 110-a aniversare a iconicului Laurel, primul ceas de m\u00e2n\u0103 Seiko. Detaliile fine se reg\u0103sesc pe toat\u0103 carcasa ceasului, inclusiv un accent ro\u0219u \u00een pozi\u021bia de la ora 12.<\/p>","protected":false},"excerpt":{"rendered":"<p>Ceasul respir\u0103 pur \u0219i simplu stil \u0219i clas\u0103: un cristal mineral convex Hardlex de epoc\u0103, o lunet\u0103 fix\u0103 \u0219i un design al cadranului similar cu cel \u00eent\u00e2lnit pe modelele de acum 60 de ani. Diametrul carcasei este un modest 40,8 mm. Sistemul de \u00eencredere Seiko Cal. 4R34, care este vizibil prin fereastra de la spatele [&hellip;]<\/p>\n","protected":false},"featured_media":51618,"comment_status":"closed","ping_status":"open","template":"","meta":{"_acf_changed":false},"product_brand":[],"product_cat":[20,205,588],"product_tag":[],"class_list":{"0":"post-51617","1":"product","2":"type-product","3":"status-publish","4":"has-post-thumbnail","6":"product_cat-ceasuri-barbati","7":"product_cat-limited-edition","8":"product_cat-seiko","9":"pa_brand-seiko","10":"pa_braslet-piele","11":"pa_corpus-41-mm","12":"pa_forma-rotund","13":"pa_funcii-data","14":"pa_funcii-gmt","15":"pa_funcii-limited-edition","16":"pa_garatia-24-luni","17":"pa_korpus-argintiu","18":"pa_material-otel-inoxidabil","19":"pa_mehanizm-mecanism-automatic","20":"pa_remeshok-maro","21":"pa_steklo-hardlex-crystal","22":"pa_strana-japonia","23":"pa_voda-5-atm","25":"first","26":"instock","27":"purchasable","28":"product-type-simple"},"acf":[],"_links":{"self":[{"href":"https:\/\/ceasuri.md\/ru\/wp-json\/wp\/v2\/product\/51617","targetHints":{"allow":["GET"]}}],"collection":[{"href":"https:\/\/ceasuri.md\/ru\/wp-json\/wp\/v2\/product"}],"about":[{"href":"https:\/\/ceasuri.md\/ru\/wp-json\/wp\/v2\/types\/product"}],"replies":[{"embeddable":true,"href":"https:\/\/ceasuri.md\/ru\/wp-json\/wp\/v2\/comments?post=51617"}],"wp:featuredmedia":[{"embeddable":true,"href":"https:\/\/ceasuri.md\/ru\/wp-json\/wp\/v2\/media\/51618"}],"wp:attachment":[{"href":"https:\/\/ceasuri.md\/ru\/wp-json\/wp\/v2\/media?parent=51617"}],"wp:term":[{"taxonomy":"product_brand","embeddable":true,"href":"https:\/\/ceasuri.md\/ru\/wp-json\/wp\/v2\/product_brand?post=51617"},{"taxonomy":"product_cat","embeddable":true,"href":"https:\/\/ceasuri.md\/ru\/wp-json\/wp\/v2\/product_cat?post=51617"},{"taxonomy":"product_tag","embeddable":true,"href":"https:\/\/ceasuri.md\/ru\/wp-json\/wp\/v2\/product_tag?post=51617"}],"curies":[{"name":"wp","href":"https:\/\/api.w.org\/{rel}","templated":true}]}}