{"id":51613,"date":"2026-04-02T23:42:39","date_gmt":"2026-04-02T20:42:39","guid":{"rendered":"http:\/\/new.ceasuri.md\/shop\/uncategorized\/seiko-prospex-ssc819p1\/"},"modified":"2026-04-16T21:24:09","modified_gmt":"2026-04-16T18:24:09","slug":"seiko-prospex-ssc819p1","status":"publish","type":"product","link":"https:\/\/ceasuri.md\/ru\/shop\/branduri\/seiko\/seiko-prospex-ssc819p1\/","title":{"rendered":"Ceas SEIKO SSC819P1 Prospex  Cal.V192   Instr.NSYV1921"},"content":{"rendered":"<p>Create pentru cei care consider\u0103 c\u0103 via\u021ba este o aventur\u0103, ceasurile Seiko Prospex continu\u0103 s\u0103 mearg\u0103 \u00eenainte, f\u0103c\u00e2nd fa\u021b\u0103 fiec\u0103rei provoc\u0103ri cu excelen\u021b\u0103 tehnologic\u0103 \u0219i design superior.<\/p>\n<p>Inspirat de primele cronografe de precizie Seiko, dezvoltate pentru evenimente sportive interna\u021bionale \u00een 1964, acest ceas de excep\u021bie combin\u0103 cronometrarea de precizie, purtabilitatea \u0219i eficien\u021ba energetic\u0103 a energiei solare.<\/p>\n<p>Acestea ofer\u0103 un cronograf care m\u0103soar\u0103 p\u00e2n\u0103 la 60 de minute de timp scurs \u00een trepte de 1\/5 de secund\u0103.<\/p>\n<p>O baterie solar\u0103 alimentat\u0103 de orice surs\u0103 de lumin\u0103 ofer\u0103 o rezerv\u0103 de energie de 6 luni atunci c\u00e2nd este complet \u00eenc\u0103rcat\u0103.<\/p>\n<p>Cadranul negru bogat, cu textura sa caracteristic\u0103 sablat\u0103, \u00eencadrat de o lunet\u0103 tahimetric\u0103 neagr\u0103, prezint\u0103 trei subcadrane negre.<\/p>","protected":false},"excerpt":{"rendered":"<p>Create pentru cei care consider\u0103 c\u0103 via\u021ba este o aventur\u0103, ceasurile Seiko Prospex continu\u0103 s\u0103 mearg\u0103 \u00eenainte, f\u0103c\u00e2nd fa\u021b\u0103 fiec\u0103rei provoc\u0103ri cu excelen\u021b\u0103 tehnologic\u0103 \u0219i design superior. Inspirat de primele cronografe de precizie Seiko, dezvoltate pentru evenimente sportive interna\u021bionale \u00een 1964, acest ceas de excep\u021bie combin\u0103 cronometrarea de precizie, purtabilitatea \u0219i eficien\u021ba energetic\u0103 a energiei [&hellip;]<\/p>\n","protected":false},"featured_media":51614,"comment_status":"closed","ping_status":"open","template":"","meta":{"_acf_changed":false},"product_brand":[],"product_cat":[20,588],"product_tag":[],"class_list":{"0":"post-51613","1":"product","2":"type-product","3":"status-publish","4":"has-post-thumbnail","6":"product_cat-ceasuri-barbati","7":"product_cat-seiko","8":"pa_brand-seiko","9":"pa_braslet-otel-inoxidabil","10":"pa_corpus-39-mm","11":"pa_forma-rotund","12":"pa_funcii-cronograf","13":"pa_funcii-data","14":"pa_funcii-tahimetru","15":"pa_garatia-24-luni","16":"pa_korpus-argintiu","17":"pa_korpus-negru","18":"pa_kvarc-quartz","19":"pa_material-otel-inoxidabil","20":"pa_mehanizm-baterie-solara","21":"pa_remeshok-argintiu","22":"pa_steklo-cristal-safir","23":"pa_strana-japonia","24":"pa_voda-10-atm","26":"first","27":"instock","28":"purchasable","29":"product-type-simple"},"acf":[],"_links":{"self":[{"href":"https:\/\/ceasuri.md\/ru\/wp-json\/wp\/v2\/product\/51613","targetHints":{"allow":["GET"]}}],"collection":[{"href":"https:\/\/ceasuri.md\/ru\/wp-json\/wp\/v2\/product"}],"about":[{"href":"https:\/\/ceasuri.md\/ru\/wp-json\/wp\/v2\/types\/product"}],"replies":[{"embeddable":true,"href":"https:\/\/ceasuri.md\/ru\/wp-json\/wp\/v2\/comments?post=51613"}],"wp:featuredmedia":[{"embeddable":true,"href":"https:\/\/ceasuri.md\/ru\/wp-json\/wp\/v2\/media\/51614"}],"wp:attachment":[{"href":"https:\/\/ceasuri.md\/ru\/wp-json\/wp\/v2\/media?parent=51613"}],"wp:term":[{"taxonomy":"product_brand","embeddable":true,"href":"https:\/\/ceasuri.md\/ru\/wp-json\/wp\/v2\/product_brand?post=51613"},{"taxonomy":"product_cat","embeddable":true,"href":"https:\/\/ceasuri.md\/ru\/wp-json\/wp\/v2\/product_cat?post=51613"},{"taxonomy":"product_tag","embeddable":true,"href":"https:\/\/ceasuri.md\/ru\/wp-json\/wp\/v2\/product_tag?post=51613"}],"curies":[{"name":"wp","href":"https:\/\/api.w.org\/{rel}","templated":true}]}}