{"id":51599,"date":"2026-04-02T23:42:39","date_gmt":"2026-04-02T20:42:39","guid":{"rendered":"http:\/\/new.ceasuri.md\/shop\/uncategorized\/seiko-5-sports-bruce-lee-srpk39k1\/"},"modified":"2026-04-20T01:25:48","modified_gmt":"2026-04-19T22:25:48","slug":"seiko-5-sports-bruce-lee-srpk39k1","status":"publish","type":"product","link":"https:\/\/ceasuri.md\/ru\/shop\/branduri\/seiko\/seiko-5-sports-bruce-lee-srpk39k1\/","title":{"rendered":"\u0427\u0430\u0441\u044b SEIKO 5 SPORTS BRUCE LEE SRPK39K1"},"content":{"rendered":"<p>Celebr\u00e2nd cea de-a 55-a aniversare a colec\u021biei 5 Sports, Seiko prezint\u0103 un ceas \u00een edi\u021bie limitat\u0103 dedicat lui Bruce Lee, care a purtat un ceas Seiko 5 Sports \u00een anii 1970.<\/p>\n<p>Cadranul ceasului \u00eenf\u0103\u021bi\u0219eaz\u0103 dragonul pe care Lee l-a creat \u00een timpul vie\u021bii sale. Luneta prezint\u0103 simboluri care reprezint\u0103 spiritul Jit Kun Do, cu o fraz\u0103 care se traduce prin \u201eNu folosi o cale ca o cale; nu avea limit\u0103ri ca limit\u0103ri\u201d.<\/p>\n<p>Acest ceas \u00een edi\u021bie limitat\u0103 are o curea din piele neagr\u0103 cu cus\u0103turi argintii, amintind de hainele purtate \u00een kung fu. In interior este acela\u0219i model de dragon ca pe cadran. Ceasul vine, de asemenea, cu o curea suplimentar\u0103 din nailon \u00een stilul iconicului trening galben purtat de Lee.<\/p>\n<p>Ceasurile Seiko 5 Sports sunt cunoscute pentru fiabilitatea, durabilitatea \u0219i performan\u021ba lor de peste cincizeci de ani. Litera \u201e5\u201d reprezint\u0103 cele cinci caracteristici cheie ale tuturor ceasurilor Seiko 5 care au r\u0103mas p\u00e2n\u0103 \u00een prezent: mi\u0219care automat\u0103, afi\u0219aj cu zi \u0219i dat\u0103, rezisten\u021b\u0103 la ap\u0103, coroan\u0103 \u00eencastrat\u0103, carcas\u0103 \u0219i br\u0103\u021bar\u0103 robuste.<\/p>\n<p>Disponibil N 05450, 05327, 05462, din 15000 de buc\u0103\u021bi.<\/p>","protected":false},"excerpt":{"rendered":"<p>Celebr\u00e2nd cea de-a 55-a aniversare a colec\u021biei 5 Sports, Seiko prezint\u0103 un ceas \u00een edi\u021bie limitat\u0103 dedicat lui Bruce Lee, care a purtat un ceas Seiko 5 Sports \u00een anii 1970. Cadranul ceasului \u00eenf\u0103\u021bi\u0219eaz\u0103 dragonul pe care Lee l-a creat \u00een timpul vie\u021bii sale. Luneta prezint\u0103 simboluri care reprezint\u0103 spiritul Jit Kun Do, cu o [&hellip;]<\/p>\n","protected":false},"featured_media":51600,"comment_status":"closed","ping_status":"open","template":"","meta":{"_acf_changed":false},"product_brand":[],"product_cat":[20,205,588],"product_tag":[],"class_list":{"0":"post-51599","1":"product","2":"type-product","3":"status-publish","4":"has-post-thumbnail","6":"product_cat-ceasuri-barbati","7":"product_cat-limited-edition","8":"product_cat-seiko","9":"pa_brand-seiko","10":"pa_braslet-piele","11":"pa_corpus-43-mm","12":"pa_forma-rotund","13":"pa_funcii-data","14":"pa_funcii-limited-edition","15":"pa_funcii-set-cadou","16":"pa_funcii-ziua-saptamanii","17":"pa_garatia-24-luni","18":"pa_korpus-negru","19":"pa_material-otel-inoxidabil","20":"pa_mehanizm-mecanism-automatic","21":"pa_remeshok-negru","22":"pa_steklo-hardlex-crystal","23":"pa_strana-japonia","24":"pa_voda-10-atm","26":"first","27":"instock","28":"purchasable","29":"product-type-simple"},"acf":[],"_links":{"self":[{"href":"https:\/\/ceasuri.md\/ru\/wp-json\/wp\/v2\/product\/51599","targetHints":{"allow":["GET"]}}],"collection":[{"href":"https:\/\/ceasuri.md\/ru\/wp-json\/wp\/v2\/product"}],"about":[{"href":"https:\/\/ceasuri.md\/ru\/wp-json\/wp\/v2\/types\/product"}],"replies":[{"embeddable":true,"href":"https:\/\/ceasuri.md\/ru\/wp-json\/wp\/v2\/comments?post=51599"}],"wp:featuredmedia":[{"embeddable":true,"href":"https:\/\/ceasuri.md\/ru\/wp-json\/wp\/v2\/media\/51600"}],"wp:attachment":[{"href":"https:\/\/ceasuri.md\/ru\/wp-json\/wp\/v2\/media?parent=51599"}],"wp:term":[{"taxonomy":"product_brand","embeddable":true,"href":"https:\/\/ceasuri.md\/ru\/wp-json\/wp\/v2\/product_brand?post=51599"},{"taxonomy":"product_cat","embeddable":true,"href":"https:\/\/ceasuri.md\/ru\/wp-json\/wp\/v2\/product_cat?post=51599"},{"taxonomy":"product_tag","embeddable":true,"href":"https:\/\/ceasuri.md\/ru\/wp-json\/wp\/v2\/product_tag?post=51599"}],"curies":[{"name":"wp","href":"https:\/\/api.w.org\/{rel}","templated":true}]}}