{"id":51574,"date":"2024-01-13T19:47:22","date_gmt":"2024-01-13T17:47:22","guid":{"rendered":"http:\/\/new.ceasuri.md\/shop\/uncategorized\/casio-collection-mdv-107d-1a1vef\/"},"modified":"2026-05-01T18:17:14","modified_gmt":"2026-05-01T15:17:14","slug":"casio-collection-mdv-107d-1a1vef","status":"publish","type":"product","link":"https:\/\/ceasuri.md\/ru\/shop\/branduri\/casio\/casio-collection-mdv-107d-1a1vef\/","title":{"rendered":"\u0427\u0430\u0441\u044b CASIO COLLECTION MDV-107D-1A1VEF"},"content":{"rendered":"<p>Un ceas minunat de zi cu zi pe care orice b\u0103rbat \u00eel va iubi.<\/p>\n<p>\u00cenveli\u0219ul de acumulare a luminii ne\u0219lefuit asigur\u0103 o str\u0103lucire de lung\u0103 durat\u0103 \u00een \u00eentuneric, chiar \u0219i dup\u0103 o scurt\u0103 expunere la lumin\u0103.<\/p>\n<p>Marcaje cu puncte \u0219i liniu\u021be. Fereastra datei este la ora 3.<\/p>\n<p>Luneta se rote\u0219te \u00eentr-o singur\u0103 direc\u021bie.<\/p>\n<p>Coroan\u0103 protejat\u0103.<\/p>","protected":false},"excerpt":{"rendered":"<p>Un ceas minunat de zi cu zi pe care orice b\u0103rbat \u00eel va iubi. \u00cenveli\u0219ul de acumulare a luminii ne\u0219lefuit asigur\u0103 o str\u0103lucire de lung\u0103 durat\u0103 \u00een \u00eentuneric, chiar \u0219i dup\u0103 o scurt\u0103 expunere la lumin\u0103. Marcaje cu puncte \u0219i liniu\u021be. Fereastra datei este la ora 3. Luneta se rote\u0219te \u00eentr-o singur\u0103 direc\u021bie. Coroan\u0103 protejat\u0103.<\/p>","protected":false},"featured_media":51575,"comment_status":"closed","ping_status":"open","template":"","meta":{"_acf_changed":false},"product_brand":[],"product_cat":[27,20],"product_tag":[],"class_list":{"0":"post-51574","1":"product","2":"type-product","3":"status-publish","4":"has-post-thumbnail","6":"product_cat-casio","7":"product_cat-ceasuri-barbati","8":"pa_brand-casio","9":"pa_braslet-otel-inoxidabil","10":"pa_corpus-44-mm","11":"pa_forma-rotund","12":"pa_funcii-data","13":"pa_garatia-24-luni","14":"pa_korpus-argintiu","15":"pa_korpus-negru","16":"pa_kvarc-quartz","17":"pa_material-otel-inoxidabil","18":"pa_mehanizm-quartz","19":"pa_remeshok-argintiu","20":"pa_steklo-cristal-mineral","21":"pa_strana-japonia","22":"pa_voda-20-atm","24":"first","25":"instock","26":"purchasable","27":"product-type-simple"},"acf":[],"_links":{"self":[{"href":"https:\/\/ceasuri.md\/ru\/wp-json\/wp\/v2\/product\/51574","targetHints":{"allow":["GET"]}}],"collection":[{"href":"https:\/\/ceasuri.md\/ru\/wp-json\/wp\/v2\/product"}],"about":[{"href":"https:\/\/ceasuri.md\/ru\/wp-json\/wp\/v2\/types\/product"}],"replies":[{"embeddable":true,"href":"https:\/\/ceasuri.md\/ru\/wp-json\/wp\/v2\/comments?post=51574"}],"wp:featuredmedia":[{"embeddable":true,"href":"https:\/\/ceasuri.md\/ru\/wp-json\/wp\/v2\/media\/51575"}],"wp:attachment":[{"href":"https:\/\/ceasuri.md\/ru\/wp-json\/wp\/v2\/media?parent=51574"}],"wp:term":[{"taxonomy":"product_brand","embeddable":true,"href":"https:\/\/ceasuri.md\/ru\/wp-json\/wp\/v2\/product_brand?post=51574"},{"taxonomy":"product_cat","embeddable":true,"href":"https:\/\/ceasuri.md\/ru\/wp-json\/wp\/v2\/product_cat?post=51574"},{"taxonomy":"product_tag","embeddable":true,"href":"https:\/\/ceasuri.md\/ru\/wp-json\/wp\/v2\/product_tag?post=51574"}],"curies":[{"name":"wp","href":"https:\/\/api.w.org\/{rel}","templated":true}]}}