{"id":51571,"date":"2026-04-02T23:42:39","date_gmt":"2026-04-02T20:42:39","guid":{"rendered":"http:\/\/new.ceasuri.md\/shop\/uncategorized\/casio-collection-ltp-b150l-7b2ef\/"},"modified":"2026-04-17T14:27:28","modified_gmt":"2026-04-17T11:27:28","slug":"casio-collection-ltp-b150l-7b2ef","status":"publish","type":"product","link":"https:\/\/ceasuri.md\/ru\/shop\/branduri\/casio\/casio-collection-ltp-b150l-7b2ef\/","title":{"rendered":"Ceas CASIO COLLECTION LTP-B150L-7B2EF"},"content":{"rendered":"<p>Este un ceas de dam\u0103 excep\u021bional, cu o carcas\u0103 dreptunghiular\u0103 elegant\u0103.<\/p>\n<p>Cadranul impresioneaz\u0103 prin frumo\u0219ii indici romani de culoare aurie, ceea ce \u00eei confer\u0103 un farmec extraordinar.<\/p>\n<p>Acest ceas impresioneaz\u0103 nu numai prin stilul s\u0103u, ci \u0219i prin fiabilitatea sa.<\/p>\n<p>Cureaua maro subliniaz\u0103 caracterul clasic al acestui model.<\/p>\n<p>Este o alegere excelent\u0103 pentru femeile care apreciaz\u0103 elegan\u021ba \u0219i durabilitatea.<\/p>","protected":false},"excerpt":{"rendered":"<p>Este un ceas de dam\u0103 excep\u021bional, cu o carcas\u0103 dreptunghiular\u0103 elegant\u0103. Cadranul impresioneaz\u0103 prin frumo\u0219ii indici romani de culoare aurie, ceea ce \u00eei confer\u0103 un farmec extraordinar. Acest ceas impresioneaz\u0103 nu numai prin stilul s\u0103u, ci \u0219i prin fiabilitatea sa. Cureaua maro subliniaz\u0103 caracterul clasic al acestui model. Este o alegere excelent\u0103 pentru femeile care [&hellip;]<\/p>\n","protected":false},"featured_media":51572,"comment_status":"closed","ping_status":"open","template":"","meta":{"_acf_changed":false},"product_brand":[],"product_cat":[27,25],"product_tag":[],"class_list":{"0":"post-51571","1":"product","2":"type-product","3":"status-publish","4":"has-post-thumbnail","6":"product_cat-casio","7":"product_cat-ceasuri-dama","8":"pa_brand-casio","9":"pa_braslet-piele","10":"pa_corpus-22x31mm","11":"pa_forma-dreptunghiular","12":"pa_garatia-24-luni","13":"pa_korpus-argintiu","14":"pa_kvarc-quartz","15":"pa_material-otel-inoxidabil","16":"pa_mehanizm-quartz","17":"pa_remeshok-maro","18":"pa_steklo-cristal-mineral","19":"pa_strana-japonia","20":"pa_voda-3-atm","22":"first","23":"instock","24":"purchasable","25":"product-type-simple"},"acf":[],"_links":{"self":[{"href":"https:\/\/ceasuri.md\/ru\/wp-json\/wp\/v2\/product\/51571","targetHints":{"allow":["GET"]}}],"collection":[{"href":"https:\/\/ceasuri.md\/ru\/wp-json\/wp\/v2\/product"}],"about":[{"href":"https:\/\/ceasuri.md\/ru\/wp-json\/wp\/v2\/types\/product"}],"replies":[{"embeddable":true,"href":"https:\/\/ceasuri.md\/ru\/wp-json\/wp\/v2\/comments?post=51571"}],"wp:featuredmedia":[{"embeddable":true,"href":"https:\/\/ceasuri.md\/ru\/wp-json\/wp\/v2\/media\/51572"}],"wp:attachment":[{"href":"https:\/\/ceasuri.md\/ru\/wp-json\/wp\/v2\/media?parent=51571"}],"wp:term":[{"taxonomy":"product_brand","embeddable":true,"href":"https:\/\/ceasuri.md\/ru\/wp-json\/wp\/v2\/product_brand?post=51571"},{"taxonomy":"product_cat","embeddable":true,"href":"https:\/\/ceasuri.md\/ru\/wp-json\/wp\/v2\/product_cat?post=51571"},{"taxonomy":"product_tag","embeddable":true,"href":"https:\/\/ceasuri.md\/ru\/wp-json\/wp\/v2\/product_tag?post=51571"}],"curies":[{"name":"wp","href":"https:\/\/api.w.org\/{rel}","templated":true}]}}