{"id":51568,"date":"2026-04-02T23:42:39","date_gmt":"2026-04-02T20:42:39","guid":{"rendered":"http:\/\/new.ceasuri.md\/shop\/uncategorized\/casio-collection-ltp-b150l-7b1ef\/"},"modified":"2026-04-07T04:38:46","modified_gmt":"2026-04-07T01:38:46","slug":"casio-collection-ltp-b150l-7b1ef","status":"publish","type":"product","link":"https:\/\/ceasuri.md\/ru\/shop\/branduri\/casio\/casio-collection-ltp-b150l-7b1ef\/","title":{"rendered":"Ceas CASIO COLLECTION LTP-B150L-7B1EF"},"content":{"rendered":"<p>Colec\u021bia Casio este sinonim\u0103 cu designul atemporal.<\/p>\n<p>Cureaua din piele neagr\u0103 este o completare unic\u0103 pentru carcasa de culoare argintie.<\/p>\n<p>Cadranul radiant este decorat cu detalii subtile sub form\u0103 de m\u00e2ini analogice \u0219i cifre romane.<\/p>\n<p>Mi\u0219care cu cuar\u021b.<\/p>\n<p>Modelul va fi o alegere ideal\u0103 pentru orice doamn\u0103.<\/p>","protected":false},"excerpt":{"rendered":"<p>Colec\u021bia Casio este sinonim\u0103 cu designul atemporal. Cureaua din piele neagr\u0103 este o completare unic\u0103 pentru carcasa de culoare argintie. Cadranul radiant este decorat cu detalii subtile sub form\u0103 de m\u00e2ini analogice \u0219i cifre romane. Mi\u0219care cu cuar\u021b. Modelul va fi o alegere ideal\u0103 pentru orice doamn\u0103.<\/p>","protected":false},"featured_media":51569,"comment_status":"closed","ping_status":"open","template":"","meta":{"_acf_changed":false},"product_brand":[],"product_cat":[27,25],"product_tag":[],"class_list":{"0":"post-51568","1":"product","2":"type-product","3":"status-publish","4":"has-post-thumbnail","6":"product_cat-casio","7":"product_cat-ceasuri-dama","8":"pa_brand-casio","9":"pa_braslet-piele","10":"pa_corpus-22x31mm","11":"pa_forma-dreptunghiular","12":"pa_garatia-24-luni","13":"pa_korpus-argintiu","14":"pa_material-otel-inoxidabil","15":"pa_mehanizm-quartz","16":"pa_remeshok-negru","17":"pa_steklo-cristal-mineral","18":"pa_strana-japonia","19":"pa_voda-3-atm","21":"first","22":"instock","23":"purchasable","24":"product-type-simple"},"acf":[],"_links":{"self":[{"href":"https:\/\/ceasuri.md\/ru\/wp-json\/wp\/v2\/product\/51568","targetHints":{"allow":["GET"]}}],"collection":[{"href":"https:\/\/ceasuri.md\/ru\/wp-json\/wp\/v2\/product"}],"about":[{"href":"https:\/\/ceasuri.md\/ru\/wp-json\/wp\/v2\/types\/product"}],"replies":[{"embeddable":true,"href":"https:\/\/ceasuri.md\/ru\/wp-json\/wp\/v2\/comments?post=51568"}],"wp:featuredmedia":[{"embeddable":true,"href":"https:\/\/ceasuri.md\/ru\/wp-json\/wp\/v2\/media\/51569"}],"wp:attachment":[{"href":"https:\/\/ceasuri.md\/ru\/wp-json\/wp\/v2\/media?parent=51568"}],"wp:term":[{"taxonomy":"product_brand","embeddable":true,"href":"https:\/\/ceasuri.md\/ru\/wp-json\/wp\/v2\/product_brand?post=51568"},{"taxonomy":"product_cat","embeddable":true,"href":"https:\/\/ceasuri.md\/ru\/wp-json\/wp\/v2\/product_cat?post=51568"},{"taxonomy":"product_tag","embeddable":true,"href":"https:\/\/ceasuri.md\/ru\/wp-json\/wp\/v2\/product_tag?post=51568"}],"curies":[{"name":"wp","href":"https:\/\/api.w.org\/{rel}","templated":true}]}}