{"id":51565,"date":"2026-04-02T23:42:39","date_gmt":"2026-04-02T20:42:39","guid":{"rendered":"http:\/\/new.ceasuri.md\/shop\/uncategorized\/casio-collection-ltp-b150d-7bef\/"},"modified":"2026-04-17T14:27:25","modified_gmt":"2026-04-17T11:27:25","slug":"casio-collection-ltp-b150d-7bef","status":"publish","type":"product","link":"https:\/\/ceasuri.md\/ru\/shop\/branduri\/casio\/casio-collection-ltp-b150d-7bef\/","title":{"rendered":"Ceas CASIO COLLECTION LTP-B150D-7BEF"},"content":{"rendered":"<p>Casio Collection este un ceas de dam\u0103 elegant \u0219i stilat de form\u0103 p\u0103trat\u0103, potrivit at\u00e2t pentru petreceri, c\u00e2t \u0219i pentru purtarea de zi cu zi.<\/p>\n<p>Cadranul este decorat cu indicatoare de ore romane frumoase \u0219i protejat de sticl\u0103 mineral\u0103.<\/p>\n<p>Br\u0103\u021bara argintie \u0219i carcasa sunt realizate din o\u021bel inoxidabil.<\/p>","protected":false},"excerpt":{"rendered":"<p>Casio Collection este un ceas de dam\u0103 elegant \u0219i stilat de form\u0103 p\u0103trat\u0103, potrivit at\u00e2t pentru petreceri, c\u00e2t \u0219i pentru purtarea de zi cu zi. Cadranul este decorat cu indicatoare de ore romane frumoase \u0219i protejat de sticl\u0103 mineral\u0103. Br\u0103\u021bara argintie \u0219i carcasa sunt realizate din o\u021bel inoxidabil.<\/p>","protected":false},"featured_media":51566,"comment_status":"closed","ping_status":"open","template":"","meta":{"_acf_changed":false},"product_brand":[],"product_cat":[27,25],"product_tag":[],"class_list":{"0":"post-51565","1":"product","2":"type-product","3":"status-publish","4":"has-post-thumbnail","6":"product_cat-casio","7":"product_cat-ceasuri-dama","8":"pa_brand-casio","9":"pa_braslet-otel-inoxidabil","10":"pa_corpus-22x31mm","11":"pa_forma-dreptunghiular","12":"pa_garatia-24-luni","13":"pa_korpus-argintiu","14":"pa_kvarc-quartz","15":"pa_material-otel-inoxidabil","16":"pa_mehanizm-quartz","17":"pa_remeshok-argintiu","18":"pa_steklo-cristal-mineral","19":"pa_strana-japonia","20":"pa_voda-3-atm","22":"first","23":"instock","24":"purchasable","25":"product-type-simple"},"acf":[],"_links":{"self":[{"href":"https:\/\/ceasuri.md\/ru\/wp-json\/wp\/v2\/product\/51565","targetHints":{"allow":["GET"]}}],"collection":[{"href":"https:\/\/ceasuri.md\/ru\/wp-json\/wp\/v2\/product"}],"about":[{"href":"https:\/\/ceasuri.md\/ru\/wp-json\/wp\/v2\/types\/product"}],"replies":[{"embeddable":true,"href":"https:\/\/ceasuri.md\/ru\/wp-json\/wp\/v2\/comments?post=51565"}],"wp:featuredmedia":[{"embeddable":true,"href":"https:\/\/ceasuri.md\/ru\/wp-json\/wp\/v2\/media\/51566"}],"wp:attachment":[{"href":"https:\/\/ceasuri.md\/ru\/wp-json\/wp\/v2\/media?parent=51565"}],"wp:term":[{"taxonomy":"product_brand","embeddable":true,"href":"https:\/\/ceasuri.md\/ru\/wp-json\/wp\/v2\/product_brand?post=51565"},{"taxonomy":"product_cat","embeddable":true,"href":"https:\/\/ceasuri.md\/ru\/wp-json\/wp\/v2\/product_cat?post=51565"},{"taxonomy":"product_tag","embeddable":true,"href":"https:\/\/ceasuri.md\/ru\/wp-json\/wp\/v2\/product_tag?post=51565"}],"curies":[{"name":"wp","href":"https:\/\/api.w.org\/{rel}","templated":true}]}}