{"id":51553,"date":"2026-04-02T23:42:39","date_gmt":"2026-04-02T20:42:39","guid":{"rendered":"http:\/\/new.ceasuri.md\/shop\/uncategorized\/casio-g-shock-gwg-b1000-3a\/"},"modified":"2026-04-20T01:25:39","modified_gmt":"2026-04-19T22:25:39","slug":"casio-g-shock-gwg-b1000-3a","status":"publish","type":"product","link":"https:\/\/ceasuri.md\/ru\/shop\/branduri\/casio\/casio-g-shock-gwg-b1000-3a\/","title":{"rendered":"\u0427\u0430\u0441\u044b CASIO G-SHOCK GWG-B1000-3A"},"content":{"rendered":"<p>Conceput\u0103 pentru profesioni\u0219tii care lucreaz\u0103 \u00een cele mai dure medii, linia de ceasuri Master of G ofer\u0103 performan\u021be mai dure. Iar modelul MUDMASTER \u0219i-a dus capacitatea de a rezista celor mai dure condi\u021bii terestre cu un pas mai departe, c\u00e2\u0219tig\u00e2ndu-\u0219i recunoa\u0219terea \u0219i \u00eencrederea p\u0103durarilor \u0219i salvatorilor care lucreaz\u0103 \u00een condi\u021bii extreme.<\/p>\n<p>Carcasa din plastic rezistent la \u0219ocuri cu fibre de carbon este mai puternic\u0103 \u0219i, \u00een acela\u0219i timp, mai u\u0219oar\u0103. Acela\u0219i material protejeaz\u0103 modulul intern de deterior\u0103ri \u0219i deform\u0103ri \u00een timpul impactului. Protejat \u00eempotriva vibra\u021biilor, a p\u0103trunderii prafului \u0219i a murd\u0103riei \u00een interior.<\/p>\n<p>Alimentat de Tough Solar &#8211; baterii solare de mare putere, indicator de \u00eenc\u0103rcare a bateriei. Durata de via\u021b\u0103 a bateriei f\u0103r\u0103 re\u00eenc\u0103rcare p\u00e2n\u0103 la 6 luni, p\u00e2n\u0103 la 24 de luni cu func\u021bia de economisire a energiei activat\u0103.<\/p>\n<p>Ceasul radiocomandat \u0219i alimentat cu energie solar\u0103 are un senzor triplu pentru a determina direc\u021bia, altitudinea, presiunea barometric\u0103 \u0219i temperatura.<\/p>\n<p>Indicatoarele LED duble \u0219i sticla din cristal de safir ofer\u0103 o lizibilitate ridicat\u0103.<\/p>\n<p>Tehnologie wireless Bluetooth\u00ae cu consum de energie ultra-redus pentru sincronizarea cu smartphone-ul. Introduce\u021bi o loca\u021bie specific\u0103 \u00een aplica\u021bie, iar func\u021bia indicatorului de loca\u021bie mut\u0103 m\u00e2na indicatorului din pozi\u021bia orei 3 \u00een direc\u021bia indicat\u0103, astfel \u00eenc\u00e2t s\u0103 fi\u021bi mereu la curent &#8211; chiar dac\u0103 vizibilitatea este obstruc\u021bionat\u0103 din cauza condi\u021biilor extreme.<\/p>","protected":false},"excerpt":{"rendered":"<p>Conceput\u0103 pentru profesioni\u0219tii care lucreaz\u0103 \u00een cele mai dure medii, linia de ceasuri Master of G ofer\u0103 performan\u021be mai dure. Iar modelul MUDMASTER \u0219i-a dus capacitatea de a rezista celor mai dure condi\u021bii terestre cu un pas mai departe, c\u00e2\u0219tig\u00e2ndu-\u0219i recunoa\u0219terea \u0219i \u00eencrederea p\u0103durarilor \u0219i salvatorilor care lucreaz\u0103 \u00een condi\u021bii extreme. Carcasa din plastic rezistent [&hellip;]<\/p>\n","protected":false},"featured_media":51554,"comment_status":"closed","ping_status":"open","template":"","meta":{"_acf_changed":false},"product_brand":[],"product_cat":[27,20,419],"product_tag":[],"class_list":{"0":"post-51553","1":"product","2":"type-product","3":"status-publish","4":"has-post-thumbnail","6":"product_cat-casio","7":"product_cat-ceasuri-barbati","8":"product_cat-g-shock","9":"pa_brand-casio","10":"pa_brand-g-shock","11":"pa_braslet-plastic","12":"pa_corpus-52-mm","13":"pa_forma-rotund","14":"pa_funcii-alarma","15":"pa_funcii-altimetru","16":"pa_funcii-barometru","17":"pa_funcii-bluetooth-smart","18":"pa_funcii-busola","19":"pa_funcii-calendar","20":"pa_funcii-cronometru","21":"pa_funcii-dual-time","22":"pa_funcii-iluminare","23":"pa_funcii-rezerva-de-energie","24":"pa_funcii-termometru","25":"pa_funcii-timp-mondial","26":"pa_garatia-24-luni","27":"pa_korpus-negru","28":"pa_korpus-verde","29":"pa_kvarc-quartz","30":"pa_material-otel-inoxidabil","31":"pa_material-plastic","32":"pa_mehanizm-baterie-solara","33":"pa_remeshok-verde","34":"pa_steklo-cristal-safir","35":"pa_strana-japonia","36":"pa_voda-20-atm","38":"first","39":"instock","40":"purchasable","41":"product-type-simple"},"acf":[],"_links":{"self":[{"href":"https:\/\/ceasuri.md\/ru\/wp-json\/wp\/v2\/product\/51553","targetHints":{"allow":["GET"]}}],"collection":[{"href":"https:\/\/ceasuri.md\/ru\/wp-json\/wp\/v2\/product"}],"about":[{"href":"https:\/\/ceasuri.md\/ru\/wp-json\/wp\/v2\/types\/product"}],"replies":[{"embeddable":true,"href":"https:\/\/ceasuri.md\/ru\/wp-json\/wp\/v2\/comments?post=51553"}],"wp:featuredmedia":[{"embeddable":true,"href":"https:\/\/ceasuri.md\/ru\/wp-json\/wp\/v2\/media\/51554"}],"wp:attachment":[{"href":"https:\/\/ceasuri.md\/ru\/wp-json\/wp\/v2\/media?parent=51553"}],"wp:term":[{"taxonomy":"product_brand","embeddable":true,"href":"https:\/\/ceasuri.md\/ru\/wp-json\/wp\/v2\/product_brand?post=51553"},{"taxonomy":"product_cat","embeddable":true,"href":"https:\/\/ceasuri.md\/ru\/wp-json\/wp\/v2\/product_cat?post=51553"},{"taxonomy":"product_tag","embeddable":true,"href":"https:\/\/ceasuri.md\/ru\/wp-json\/wp\/v2\/product_tag?post=51553"}],"curies":[{"name":"wp","href":"https:\/\/api.w.org\/{rel}","templated":true}]}}