{"id":51542,"date":"2026-04-02T23:41:41","date_gmt":"2026-04-02T20:41:41","guid":{"rendered":"http:\/\/new.ceasuri.md\/shop\/uncategorized\/casio-g-shock-gst-w110-1aer\/"},"modified":"2026-04-17T14:27:10","modified_gmt":"2026-04-17T11:27:10","slug":"casio-g-shock-gst-w110-1aer","status":"publish","type":"product","link":"https:\/\/ceasuri.md\/ru\/shop\/branduri\/casio\/casio-g-shock-gst-w110-1aer\/","title":{"rendered":"Ceas CASIO G-SHOCK GST-W110-1AER"},"content":{"rendered":"<p>Noua serie G-Steel de ceasuri rezistente la \u0219ocuri \u00eentr-o carcas\u0103 din o\u021bel cu dou\u0103 straturi pentru tineri \u0219i activi.<\/p>\n<p>Alimentat de Tough Solar &#8211; panouri solare de mare putere, indicator de \u00eenc\u0103rcare a bateriei. Durata de via\u021b\u0103 a bateriei f\u0103r\u0103 re\u00eenc\u0103rcare este de aproximativ 7 luni, cu func\u021bia de economisire a energiei activat\u0103, de aproximativ 18 luni.<\/p>\n<p>Carcasa rezistent\u0103 la \u0219ocuri protejeaz\u0103 mecanismul de \u0219ocuri \u0219i vibra\u021bii. Carcas\u0103 cu dou\u0103 straturi rezistent\u0103 la \u0219ocuri &#8211; \u00eentre straturile metalice, un polimer ac\u021bioneaz\u0103 ca o pern\u0103 de absorb\u021bie a \u0219ocurilor.<\/p>\n<p>Cadranul este iluminat de dou\u0103 LED-uri, care se aprind automat \u00een caz de lumin\u0103 insuficient\u0103 atunci c\u00e2nd \u00eencheietura m\u00e2inii este \u00eentoars\u0103 spre cadran. Acoperirea neobrit\u0103 care absoarbe lumina continu\u0103 s\u0103 str\u0103luceasc\u0103 \u00een \u00eentuneric chiar \u0219i dup\u0103 o scurt\u0103 expunere la lumin\u0103.<\/p>\n<p>Tehnologia Multi Band 6 v\u0103 permite s\u0103 recep\u021biona\u021bi semnale de la \u0219ase turnuri radio situate \u00een locuri diferite de pe glob, care transmit semnale de timp de la ceasuri atomice specifice.<\/p>\n<p>Ora mondial\u0103 &#8211; 48 de ora\u0219e (31 de fusuri orare), timp universal coordonat (UTC). Func\u021bie de activare\/dezactivare a orei de var\u0103. Format al orei de 12 \u0219i 24 de ore. Cronometru cu o precizie de 1\/100s \u0219i un timp de m\u0103surare de 1h. Cronometru cu num\u0103r\u0103toare invers\u0103 de la 1min la 100min.<\/p>\n<p>Func\u021bie de mi\u0219care a m\u00e2inii. Func\u021bie mut\/dezactivare.<\/p>","protected":false},"excerpt":{"rendered":"<p>Noua serie G-Steel de ceasuri rezistente la \u0219ocuri \u00eentr-o carcas\u0103 din o\u021bel cu dou\u0103 straturi pentru tineri \u0219i activi. Alimentat de Tough Solar &#8211; panouri solare de mare putere, indicator de \u00eenc\u0103rcare a bateriei. Durata de via\u021b\u0103 a bateriei f\u0103r\u0103 re\u00eenc\u0103rcare este de aproximativ 7 luni, cu func\u021bia de economisire a energiei activat\u0103, de aproximativ [&hellip;]<\/p>\n","protected":false},"featured_media":51543,"comment_status":"closed","ping_status":"open","template":"","meta":{"_acf_changed":false},"product_brand":[],"product_cat":[27,20,419],"product_tag":[],"class_list":{"0":"post-51542","1":"product","2":"type-product","3":"status-publish","4":"has-post-thumbnail","6":"product_cat-casio","7":"product_cat-ceasuri-barbati","8":"product_cat-g-shock","9":"pa_brand-casio","10":"pa_brand-g-shock","11":"pa_braslet-plastic","12":"pa_corpus-52-mm","13":"pa_forma-rotund","14":"pa_funcii-alarma","15":"pa_funcii-calendar","16":"pa_funcii-cronometru","17":"pa_funcii-dual-time","18":"pa_funcii-rezerva-de-energie","19":"pa_funcii-timp-mondial","20":"pa_garatia-24-luni","21":"pa_korpus-argintiu","22":"pa_korpus-negru","23":"pa_kvarc-quartz","24":"pa_material-otel-inoxidabil","25":"pa_material-plastic","26":"pa_mehanizm-baterie-solara","27":"pa_remeshok-negru","28":"pa_steklo-cristal-mineral","29":"pa_strana-japonia","30":"pa_voda-20-atm","32":"first","33":"instock","34":"purchasable","35":"product-type-simple"},"acf":[],"_links":{"self":[{"href":"https:\/\/ceasuri.md\/ru\/wp-json\/wp\/v2\/product\/51542","targetHints":{"allow":["GET"]}}],"collection":[{"href":"https:\/\/ceasuri.md\/ru\/wp-json\/wp\/v2\/product"}],"about":[{"href":"https:\/\/ceasuri.md\/ru\/wp-json\/wp\/v2\/types\/product"}],"replies":[{"embeddable":true,"href":"https:\/\/ceasuri.md\/ru\/wp-json\/wp\/v2\/comments?post=51542"}],"wp:featuredmedia":[{"embeddable":true,"href":"https:\/\/ceasuri.md\/ru\/wp-json\/wp\/v2\/media\/51543"}],"wp:attachment":[{"href":"https:\/\/ceasuri.md\/ru\/wp-json\/wp\/v2\/media?parent=51542"}],"wp:term":[{"taxonomy":"product_brand","embeddable":true,"href":"https:\/\/ceasuri.md\/ru\/wp-json\/wp\/v2\/product_brand?post=51542"},{"taxonomy":"product_cat","embeddable":true,"href":"https:\/\/ceasuri.md\/ru\/wp-json\/wp\/v2\/product_cat?post=51542"},{"taxonomy":"product_tag","embeddable":true,"href":"https:\/\/ceasuri.md\/ru\/wp-json\/wp\/v2\/product_tag?post=51542"}],"curies":[{"name":"wp","href":"https:\/\/api.w.org\/{rel}","templated":true}]}}