{"id":51538,"date":"2026-04-02T23:41:41","date_gmt":"2026-04-02T20:41:41","guid":{"rendered":"http:\/\/new.ceasuri.md\/shop\/uncategorized\/casio-g-shock-gm-s5600bc-1\/"},"modified":"2026-04-17T14:27:10","modified_gmt":"2026-04-17T11:27:10","slug":"casio-g-shock-gm-s5600bc-1","status":"publish","type":"product","link":"https:\/\/ceasuri.md\/ru\/shop\/branduri\/casio\/casio-g-shock-gm-s5600bc-1\/","title":{"rendered":"Ceas CASIO G-SHOCK GM-S5600BC-1"},"content":{"rendered":"<p>Crea\u021bi-v\u0103 propriul stil cu ajutorul curbelor subtile, dar surprinz\u0103tor de complicate ale metalului moale.<\/p>\n<p>Tehnologia avansat\u0103 de turnare confer\u0103 lunetei metalice, acum \u00eentr-o nou\u0103 culoare galben-auriu mai deschis\u0103, aspectul unei \u021bes\u0103turi drapate. Designul elegant \u0219i sofisticat al ceasului cu curea neagr\u0103 contrastant\u0103 va ocupa un loc de cinste \u00een colec\u021bia dvs.<\/p>\n<p>Ceasuri unisex. Carcasa rezistent\u0103 la \u0219ocuri protejeaz\u0103 mi\u0219carea de \u0219ocuri \u0219i vibra\u021bii. Cadranul este luminat de un LED. Ceasul are o func\u021bie afterglow &#8211; lumina de fundal continu\u0103 s\u0103 func\u021bioneze timp de c\u00e2teva secunde dup\u0103 ce butonul de iluminare de fundal a fost eliberat. Culoarea luminii de fundal: alb.<\/p>\n<p>Indica\u021bie semnal luminos. Tipuri de alarme: zilnice, lunare, \u00een fiecare zi a unei anumite luni, la o anumit\u0103 dat\u0103.<\/p>\n<p>Format de timp de 12 \u0219i 24 de ore. Cronometru cu dou\u0103 citiri de precizie: 1\/100s (\u00eenainte de 1h) \u0219i 1s (dup\u0103 1h) \u0219i timp de m\u0103surare de 24h. Cronometru cu num\u0103r\u0103toare invers\u0103 de la 1s la 24h cu repetare automat\u0103.<\/p>\n<p>Curea din polimer cu cataram\u0103 clasic\u0103 \u0219i sistem de schimbare rapid\u0103.<\/p>","protected":false},"excerpt":{"rendered":"<p>Crea\u021bi-v\u0103 propriul stil cu ajutorul curbelor subtile, dar surprinz\u0103tor de complicate ale metalului moale. Tehnologia avansat\u0103 de turnare confer\u0103 lunetei metalice, acum \u00eentr-o nou\u0103 culoare galben-auriu mai deschis\u0103, aspectul unei \u021bes\u0103turi drapate. Designul elegant \u0219i sofisticat al ceasului cu curea neagr\u0103 contrastant\u0103 va ocupa un loc de cinste \u00een colec\u021bia dvs. Ceasuri unisex. Carcasa rezistent\u0103 [&hellip;]<\/p>\n","protected":false},"featured_media":51539,"comment_status":"closed","ping_status":"open","template":"","meta":{"_acf_changed":false},"product_brand":[],"product_cat":[27,25,419],"product_tag":[],"class_list":{"0":"post-51538","1":"product","2":"type-product","3":"status-publish","4":"has-post-thumbnail","6":"product_cat-casio","7":"product_cat-ceasuri-dama","8":"product_cat-g-shock","9":"pa_brand-casio","10":"pa_brand-g-shock","11":"pa_braslet-plastic","12":"pa_corpus-38x44mm","13":"pa_forma-octogonala","14":"pa_funcii-alarma","15":"pa_funcii-calendar","16":"pa_funcii-cronometru","17":"pa_funcii-iluminare","18":"pa_garatia-24-luni","19":"pa_korpus-auriu","20":"pa_kvarc-quartz","21":"pa_material-otel-inoxidabil","22":"pa_mehanizm-electronic","23":"pa_remeshok-negru","24":"pa_steklo-cristal-mineral","25":"pa_strana-japonia","26":"pa_voda-20-atm","28":"first","29":"instock","30":"purchasable","31":"product-type-simple"},"acf":[],"_links":{"self":[{"href":"https:\/\/ceasuri.md\/ru\/wp-json\/wp\/v2\/product\/51538","targetHints":{"allow":["GET"]}}],"collection":[{"href":"https:\/\/ceasuri.md\/ru\/wp-json\/wp\/v2\/product"}],"about":[{"href":"https:\/\/ceasuri.md\/ru\/wp-json\/wp\/v2\/types\/product"}],"replies":[{"embeddable":true,"href":"https:\/\/ceasuri.md\/ru\/wp-json\/wp\/v2\/comments?post=51538"}],"wp:featuredmedia":[{"embeddable":true,"href":"https:\/\/ceasuri.md\/ru\/wp-json\/wp\/v2\/media\/51539"}],"wp:attachment":[{"href":"https:\/\/ceasuri.md\/ru\/wp-json\/wp\/v2\/media?parent=51538"}],"wp:term":[{"taxonomy":"product_brand","embeddable":true,"href":"https:\/\/ceasuri.md\/ru\/wp-json\/wp\/v2\/product_brand?post=51538"},{"taxonomy":"product_cat","embeddable":true,"href":"https:\/\/ceasuri.md\/ru\/wp-json\/wp\/v2\/product_cat?post=51538"},{"taxonomy":"product_tag","embeddable":true,"href":"https:\/\/ceasuri.md\/ru\/wp-json\/wp\/v2\/product_tag?post=51538"}],"curies":[{"name":"wp","href":"https:\/\/api.w.org\/{rel}","templated":true}]}}