{"id":51534,"date":"2026-04-02T23:41:41","date_gmt":"2026-04-02T20:41:41","guid":{"rendered":"http:\/\/new.ceasuri.md\/shop\/uncategorized\/casio-g-shock-gm-s2100ws-7a\/"},"modified":"2026-04-20T01:25:34","modified_gmt":"2026-04-19T22:25:34","slug":"casio-g-shock-gm-s2100ws-7a","status":"publish","type":"product","link":"https:\/\/ceasuri.md\/ru\/shop\/branduri\/casio\/casio-g-shock-gm-s2100ws-7a\/","title":{"rendered":"\u0427\u0430\u0441\u044b CASIO G-SHOCK GM-S2100WS-7A"},"content":{"rendered":"<p>Cea mai recent\u0103 adi\u021bie la gama de ceasuri la mod\u0103 \u0219i func\u021bionale a brandului. Acestea sunt prezentate \u00een nuan\u021be metalice de portocaliu \u0219i roz, cu un design dinamic al cadranului care atrage aten\u021bia.<\/p>\n<p>Ceas pentru femei. Carcasa rezistent\u0103 la \u0219ocuri protejeaz\u0103 mi\u0219carea de \u0219ocuri \u0219i vibra\u021bii. Iluminare dubl\u0103: cadranul \u0219i afi\u0219ajul sunt iluminate de un LED, datorit\u0103 func\u021biei de \u00eent\u00e2rziere, iluminarea r\u0103m\u00e2ne aprins\u0103 pentru \u00eenc\u0103 c\u00e2teva secunde dup\u0103 ce butonul este eliberat. Stratul nereflectorizant de acumulare a luminii asigur\u0103 o str\u0103lucire de lung\u0103 durat\u0103 \u00een \u00eentuneric, chiar \u0219i dup\u0103 o scurt\u0103 expunere la lumin\u0103.<\/p>\n<p>Ceasul este echipat, de asemenea, cu caracteristicile preferate de fanii G-SHOCK, cum ar fi rezisten\u021ba la ap\u0103 de 200 m, ora universal\u0103, cronometrul, cronometrul cu num\u0103r\u0103toare invers\u0103 \u0219i func\u021bia de transla\u021bie a m\u00e2inilor.<\/p>","protected":false},"excerpt":{"rendered":"<p>Cea mai recent\u0103 adi\u021bie la gama de ceasuri la mod\u0103 \u0219i func\u021bionale a brandului. Acestea sunt prezentate \u00een nuan\u021be metalice de portocaliu \u0219i roz, cu un design dinamic al cadranului care atrage aten\u021bia. Ceas pentru femei. Carcasa rezistent\u0103 la \u0219ocuri protejeaz\u0103 mi\u0219carea de \u0219ocuri \u0219i vibra\u021bii. Iluminare dubl\u0103: cadranul \u0219i afi\u0219ajul sunt iluminate de un [&hellip;]<\/p>\n","protected":false},"featured_media":51535,"comment_status":"closed","ping_status":"open","template":"","meta":{"_acf_changed":false},"product_brand":[],"product_cat":[27,25,419],"product_tag":[],"class_list":{"0":"post-51534","1":"product","2":"type-product","3":"status-publish","4":"has-post-thumbnail","6":"product_cat-casio","7":"product_cat-ceasuri-dama","8":"product_cat-g-shock","9":"pa_brand-casio","10":"pa_brand-g-shock","11":"pa_braslet-plastic","12":"pa_corpus-41x46mm","13":"pa_forma-octogonala","14":"pa_funcii-alarma","15":"pa_funcii-calendar","16":"pa_funcii-cronometru","17":"pa_funcii-dual-time","18":"pa_funcii-iluminare","19":"pa_funcii-timp-mondial","20":"pa_garatia-24-luni","21":"pa_korpus-argintiu","22":"pa_kvarc-quartz","23":"pa_material-otel-inoxidabil","24":"pa_mehanizm-electronic","25":"pa_mehanizm-quartz","26":"pa_remeshok-alb","27":"pa_steklo-cristal-mineral","28":"pa_strana-japonia","29":"pa_voda-20-atm","31":"first","32":"instock","33":"purchasable","34":"product-type-simple"},"acf":[],"_links":{"self":[{"href":"https:\/\/ceasuri.md\/ru\/wp-json\/wp\/v2\/product\/51534","targetHints":{"allow":["GET"]}}],"collection":[{"href":"https:\/\/ceasuri.md\/ru\/wp-json\/wp\/v2\/product"}],"about":[{"href":"https:\/\/ceasuri.md\/ru\/wp-json\/wp\/v2\/types\/product"}],"replies":[{"embeddable":true,"href":"https:\/\/ceasuri.md\/ru\/wp-json\/wp\/v2\/comments?post=51534"}],"wp:featuredmedia":[{"embeddable":true,"href":"https:\/\/ceasuri.md\/ru\/wp-json\/wp\/v2\/media\/51535"}],"wp:attachment":[{"href":"https:\/\/ceasuri.md\/ru\/wp-json\/wp\/v2\/media?parent=51534"}],"wp:term":[{"taxonomy":"product_brand","embeddable":true,"href":"https:\/\/ceasuri.md\/ru\/wp-json\/wp\/v2\/product_brand?post=51534"},{"taxonomy":"product_cat","embeddable":true,"href":"https:\/\/ceasuri.md\/ru\/wp-json\/wp\/v2\/product_cat?post=51534"},{"taxonomy":"product_tag","embeddable":true,"href":"https:\/\/ceasuri.md\/ru\/wp-json\/wp\/v2\/product_tag?post=51534"}],"curies":[{"name":"wp","href":"https:\/\/api.w.org\/{rel}","templated":true}]}}