{"id":51530,"date":"2026-04-02T23:41:41","date_gmt":"2026-04-02T20:41:41","guid":{"rendered":"http:\/\/new.ceasuri.md\/shop\/uncategorized\/casio-g-shock-gm-s2100bc-1a\/"},"modified":"2026-04-20T01:25:33","modified_gmt":"2026-04-19T22:25:33","slug":"casio-g-shock-gm-s2100bc-1a","status":"publish","type":"product","link":"https:\/\/ceasuri.md\/ru\/shop\/branduri\/casio\/casio-g-shock-gm-s2100bc-1a\/","title":{"rendered":"\u0427\u0430\u0441\u044b CASIO G-SHOCK GM-S2100BC-1A"},"content":{"rendered":"<p>Crea\u021bi-v\u0103 propriul stil cu ajutorul curbelor subtile, dar surprinz\u0103tor de sofisticate ale metalului moale.<\/p>\n<p>Tehnologia avansat\u0103 de turnare confer\u0103 lunetei metalice, acum \u00eentr-o nou\u0103 culoare galben-auriu mai deschis\u0103, un efect drapat. Designul elegant \u0219i sofisticat al ceasului, cu curea neagr\u0103 contrastant\u0103, va ocupa un loc de cinste \u00een colec\u021bia dumneavoastr\u0103.<\/p>\n<p>Ceas unisex. Carcasa rezistent\u0103 la \u0219ocuri protejeaz\u0103 mi\u0219carea de \u0219ocuri \u0219i vibra\u021bii.<\/p>\n<p>Iluminare dubl\u0103: cadranul \u0219i afi\u0219ajul digital sunt iluminate de un LED, datorit\u0103 func\u021biei de \u00eent\u00e2rziere, iluminarea r\u0103m\u00e2ne aprins\u0103 timp de c\u00e2teva secunde dup\u0103 ce butonul este eliberat.<\/p>\n<p>Format de timp de 12 \u0219i 24 de ore. Cronometru cu dou\u0103 citiri de precizie: 1\/100s (\u00eenainte de 1h) \u0219i 1s (dup\u0103 1h) \u0219i un timp de m\u0103surare de 24h. Cronometru cu num\u0103r\u0103toare invers\u0103 de la 1min la 24h.<\/p>\n<p>Ora mondial\u0103 &#8211; 48 de ora\u0219e (31 de fusuri orare), timp universal coordonat (UTC). Trecere automat\u0103 la ora de iarn\u0103 \u0219i de var\u0103, posibilitatea de a activa\/dezactiva aceast\u0103 func\u021bie.<\/p>\n<p>Func\u021bii Mute\/unmute \u0219i de mi\u0219care a m\u00e2inii pentru vizualizarea f\u0103r\u0103 obstacole a informa\u021biilor de pe afi\u0219ajele digitale.<\/p>\n<p>Curea din polimer cu cataram\u0103 clasic\u0103 \u0219i sistem de schimbare rapid\u0103.<\/p>","protected":false},"excerpt":{"rendered":"<p>Crea\u021bi-v\u0103 propriul stil cu ajutorul curbelor subtile, dar surprinz\u0103tor de sofisticate ale metalului moale. Tehnologia avansat\u0103 de turnare confer\u0103 lunetei metalice, acum \u00eentr-o nou\u0103 culoare galben-auriu mai deschis\u0103, un efect drapat. Designul elegant \u0219i sofisticat al ceasului, cu curea neagr\u0103 contrastant\u0103, va ocupa un loc de cinste \u00een colec\u021bia dumneavoastr\u0103. Ceas unisex. Carcasa rezistent\u0103 la [&hellip;]<\/p>\n","protected":false},"featured_media":51531,"comment_status":"closed","ping_status":"open","template":"","meta":{"_acf_changed":false},"product_brand":[],"product_cat":[27,25,419],"product_tag":[],"class_list":{"0":"post-51530","1":"product","2":"type-product","3":"status-publish","4":"has-post-thumbnail","6":"product_cat-casio","7":"product_cat-ceasuri-dama","8":"product_cat-g-shock","9":"pa_brand-casio","10":"pa_brand-g-shock","11":"pa_braslet-plastic","12":"pa_corpus-41x46mm","13":"pa_forma-octogonala","14":"pa_funcii-alarma","15":"pa_funcii-calendar","16":"pa_funcii-cronometru","17":"pa_funcii-dual-time","18":"pa_funcii-iluminare","19":"pa_funcii-timp-mondial","20":"pa_garatia-24-luni","21":"pa_korpus-auriu","22":"pa_kvarc-quartz","23":"pa_material-otel-inoxidabil","24":"pa_mehanizm-electronic","25":"pa_mehanizm-quartz","26":"pa_remeshok-multicolor","27":"pa_steklo-cristal-mineral","28":"pa_strana-japonia","29":"pa_voda-20-atm","31":"first","32":"instock","33":"purchasable","34":"product-type-simple"},"acf":[],"_links":{"self":[{"href":"https:\/\/ceasuri.md\/ru\/wp-json\/wp\/v2\/product\/51530","targetHints":{"allow":["GET"]}}],"collection":[{"href":"https:\/\/ceasuri.md\/ru\/wp-json\/wp\/v2\/product"}],"about":[{"href":"https:\/\/ceasuri.md\/ru\/wp-json\/wp\/v2\/types\/product"}],"replies":[{"embeddable":true,"href":"https:\/\/ceasuri.md\/ru\/wp-json\/wp\/v2\/comments?post=51530"}],"wp:featuredmedia":[{"embeddable":true,"href":"https:\/\/ceasuri.md\/ru\/wp-json\/wp\/v2\/media\/51531"}],"wp:attachment":[{"href":"https:\/\/ceasuri.md\/ru\/wp-json\/wp\/v2\/media?parent=51530"}],"wp:term":[{"taxonomy":"product_brand","embeddable":true,"href":"https:\/\/ceasuri.md\/ru\/wp-json\/wp\/v2\/product_brand?post=51530"},{"taxonomy":"product_cat","embeddable":true,"href":"https:\/\/ceasuri.md\/ru\/wp-json\/wp\/v2\/product_cat?post=51530"},{"taxonomy":"product_tag","embeddable":true,"href":"https:\/\/ceasuri.md\/ru\/wp-json\/wp\/v2\/product_tag?post=51530"}],"curies":[{"name":"wp","href":"https:\/\/api.w.org\/{rel}","templated":true}]}}