{"id":51520,"date":"2026-04-02T23:41:41","date_gmt":"2026-04-02T20:41:41","guid":{"rendered":"http:\/\/new.ceasuri.md\/shop\/uncategorized\/casio-g-shock-gmw-b5000pc-1er\/"},"modified":"2026-04-17T14:27:02","modified_gmt":"2026-04-17T11:27:02","slug":"casio-g-shock-gmw-b5000pc-1er","status":"publish","type":"product","link":"https:\/\/ceasuri.md\/ru\/shop\/branduri\/casio\/casio-g-shock-gmw-b5000pc-1er\/","title":{"rendered":"Ceas CASIO G-SHOCK GMW-B5000PC-1ER"},"content":{"rendered":"<p>F\u0103c\u00e2nd parte din colec\u021bia Full Metal Square, acest ceas are o placare fascinant\u0103 cu vapori \u00een grada\u021bii de albastru \u0219i verde pe suprafa\u021ba de sticl\u0103 a cadranului.<\/p>\n<p>Alimentat de Tough Solar &#8211; panouri solare de mare putere, indicator de \u00eenc\u0103rcare a bateriei. Durata de via\u021b\u0103 a bateriei f\u0103r\u0103 re\u00eenc\u0103rcare p\u00e2n\u0103 la 10 luni, p\u00e2n\u0103 la 22 de luni cu func\u021bia de economisire a energiei activat\u0103.<\/p>\n<p>Cadranul este iluminat de un LED luminos. Format de timp de 12 \u0219i 24 de ore. Cronometru cu dou\u0103 citiri de precizie \u0219i timp de m\u0103surare de 24h. Cronometru cu num\u0103r\u0103toare invers\u0103 de la 1c la 24h. Ora mondial\u0103 &#8211; 39 de ora\u0219e (39 de fusuri orare), timp universal coordonat (UTC).<\/p>\n<p>Tehnologia Multi Band 6 v\u0103 permite s\u0103 recep\u021biona\u021bi semnale de la \u0219ase turnuri radio situate \u00een diferite puncte de pe glob, care transmit semnale de timp de la ceasuri atomice specifice. Corectarea orei curente prin semnal radio aproape \u00een \u00eentreaga lume: Anglia, Germania, SUA, Japonia \u0219i China.<\/p>\n<p>Tehnologie f\u0103r\u0103 fir Bluetooth\u00ae cu consum foarte redus de energie pentru sincronizarea cu un smartphone. Atunci c\u00e2nd este conectat la un smartphone, ceasul ajusteaz\u0103 automat ora curent\u0103, inclusiv ora de iarn\u0103\/ var\u0103, \u0219i copiaz\u0103 set\u0103rile orei mondiale pentru peste 300 de ora\u0219e. Func\u021bii de c\u0103utare telefon \u0219i mute\/unmute.<\/p>\n<p>Capac spate cu \u00eenchidere cu \u0219urub. Br\u0103\u021bar\u0103 turnat\u0103. \u00cencuietoare tripl\u0103 cu o singur\u0103 atingere. \u00cenchiz\u0103toarea de siguran\u021b\u0103 previne eliberarea accidental\u0103.<\/p>","protected":false},"excerpt":{"rendered":"<p>F\u0103c\u00e2nd parte din colec\u021bia Full Metal Square, acest ceas are o placare fascinant\u0103 cu vapori \u00een grada\u021bii de albastru \u0219i verde pe suprafa\u021ba de sticl\u0103 a cadranului. Alimentat de Tough Solar &#8211; panouri solare de mare putere, indicator de \u00eenc\u0103rcare a bateriei. Durata de via\u021b\u0103 a bateriei f\u0103r\u0103 re\u00eenc\u0103rcare p\u00e2n\u0103 la 10 luni, p\u00e2n\u0103 la [&hellip;]<\/p>\n","protected":false},"featured_media":51521,"comment_status":"closed","ping_status":"open","template":"","meta":{"_acf_changed":false},"product_brand":[],"product_cat":[27,20,419],"product_tag":[],"class_list":{"0":"post-51520","1":"product","2":"type-product","3":"status-publish","4":"has-post-thumbnail","6":"product_cat-casio","7":"product_cat-ceasuri-barbati","8":"product_cat-g-shock","9":"pa_brand-casio","10":"pa_brand-g-shock","11":"pa_braslet-otel-inoxidabil","12":"pa_corpus-43x49mm","13":"pa_forma-octogonala","14":"pa_funcii-alarma","15":"pa_funcii-bluetooth-smart","16":"pa_funcii-calendar","17":"pa_funcii-cronometru","18":"pa_funcii-iluminare","19":"pa_funcii-timp-mondial","20":"pa_garatia-24-luni","21":"pa_korpus-argintiu","22":"pa_kvarc-quartz","23":"pa_material-otel-inoxidabil","24":"pa_mehanizm-baterie-solara","25":"pa_mehanizm-electronic","26":"pa_remeshok-argintiu","27":"pa_steklo-cristal-mineral","28":"pa_strana-japonia","29":"pa_voda-20-atm","31":"first","32":"instock","33":"purchasable","34":"product-type-simple"},"acf":[],"_links":{"self":[{"href":"https:\/\/ceasuri.md\/ru\/wp-json\/wp\/v2\/product\/51520","targetHints":{"allow":["GET"]}}],"collection":[{"href":"https:\/\/ceasuri.md\/ru\/wp-json\/wp\/v2\/product"}],"about":[{"href":"https:\/\/ceasuri.md\/ru\/wp-json\/wp\/v2\/types\/product"}],"replies":[{"embeddable":true,"href":"https:\/\/ceasuri.md\/ru\/wp-json\/wp\/v2\/comments?post=51520"}],"wp:featuredmedia":[{"embeddable":true,"href":"https:\/\/ceasuri.md\/ru\/wp-json\/wp\/v2\/media\/51521"}],"wp:attachment":[{"href":"https:\/\/ceasuri.md\/ru\/wp-json\/wp\/v2\/media?parent=51520"}],"wp:term":[{"taxonomy":"product_brand","embeddable":true,"href":"https:\/\/ceasuri.md\/ru\/wp-json\/wp\/v2\/product_brand?post=51520"},{"taxonomy":"product_cat","embeddable":true,"href":"https:\/\/ceasuri.md\/ru\/wp-json\/wp\/v2\/product_cat?post=51520"},{"taxonomy":"product_tag","embeddable":true,"href":"https:\/\/ceasuri.md\/ru\/wp-json\/wp\/v2\/product_tag?post=51520"}],"curies":[{"name":"wp","href":"https:\/\/api.w.org\/{rel}","templated":true}]}}