{"id":51512,"date":"2026-04-02T23:41:41","date_gmt":"2026-04-02T20:41:41","guid":{"rendered":"http:\/\/new.ceasuri.md\/shop\/uncategorized\/casio-g-shock-ga-100-1a1er\/"},"modified":"2026-04-20T01:27:54","modified_gmt":"2026-04-19T22:27:54","slug":"casio-g-shock-ga-100-1a1er","status":"publish","type":"product","link":"https:\/\/ceasuri.md\/ru\/shop\/branduri\/casio\/casio-g-shock-ga-100-1a1er\/","title":{"rendered":"Ceas CASIO G-SHOCK GA-100-1A1ER"},"content":{"rendered":"<p>Bazat pe G-SHOCK, un ceas de \u00eencredere care evolueaz\u0103 constant \u00een c\u0103utarea nesf\u00e2r\u0219it\u0103 a perfec\u021biunii, acest model combo combin\u0103 afi\u0219ajele analogice \u0219i digitale.<\/p>\n<p>Designul cadranului const\u0103 \u00een patru afi\u0219aje LCD mari, cu m\u00e2ini mari din aluminiu pentru ore \u0219i minute, care sunt u\u0219oare \u0219i au o rezisten\u021b\u0103 excelent\u0103 la \u0219ocuri. Afi\u0219ajele analogice \u0219i digitale sunt dispuse simetric, conferind cadranului un design dinamic.<\/p>\n<p>Cadranul este iluminat cu LED-uri, cu o func\u021bie de iluminare automat\u0103 care ilumineaz\u0103 cadranul atunci c\u00e2nd ceasul este \u00eentors cu fa\u021ba la fa\u021b\u0103. Carcasa rezistent\u0103 la \u0219ocuri protejeaz\u0103 mi\u0219carea de \u0219ocuri \u0219i vibra\u021bii.<\/p>\n<p>Cronometru cu precizie de 1\/1000sec. Calcularea vitezei pe baza distan\u021bei selectate. Num\u0103r\u0103toare invers\u0103 de la 1min la 24h cu repetare automat\u0103. Ora mondial\u0103. Format de timp de 12 \u0219i 24 de ore.<\/p>","protected":false},"excerpt":{"rendered":"<p>Bazat pe G-SHOCK, un ceas de \u00eencredere care evolueaz\u0103 constant \u00een c\u0103utarea nesf\u00e2r\u0219it\u0103 a perfec\u021biunii, acest model combo combin\u0103 afi\u0219ajele analogice \u0219i digitale. Designul cadranului const\u0103 \u00een patru afi\u0219aje LCD mari, cu m\u00e2ini mari din aluminiu pentru ore \u0219i minute, care sunt u\u0219oare \u0219i au o rezisten\u021b\u0103 excelent\u0103 la \u0219ocuri. Afi\u0219ajele analogice \u0219i digitale sunt [&hellip;]<\/p>\n","protected":false},"featured_media":51513,"comment_status":"closed","ping_status":"open","template":"","meta":{"_acf_changed":false},"product_brand":[],"product_cat":[27,20,419],"product_tag":[],"class_list":{"0":"post-51512","1":"product","2":"type-product","3":"status-publish","4":"has-post-thumbnail","6":"product_cat-casio","7":"product_cat-ceasuri-barbati","8":"product_cat-g-shock","9":"pa_brand-casio","10":"pa_brand-g-shock","11":"pa_braslet-plastic","12":"pa_corpus-51-mm","13":"pa_forma-rotund","14":"pa_funcii-alarma","15":"pa_funcii-calendar","16":"pa_funcii-cronometru","17":"pa_funcii-dual-time","18":"pa_funcii-timp-mondial","19":"pa_garatia-24-luni","20":"pa_korpus-negru","21":"pa_kvarc-quartz","22":"pa_material-plastic","23":"pa_mehanizm-electronic","24":"pa_mehanizm-quartz","25":"pa_remeshok-negru","26":"pa_steklo-cristal-mineral","27":"pa_strana-japonia","28":"pa_voda-20-atm","30":"first","31":"instock","32":"purchasable","33":"product-type-simple"},"acf":[],"_links":{"self":[{"href":"https:\/\/ceasuri.md\/ru\/wp-json\/wp\/v2\/product\/51512","targetHints":{"allow":["GET"]}}],"collection":[{"href":"https:\/\/ceasuri.md\/ru\/wp-json\/wp\/v2\/product"}],"about":[{"href":"https:\/\/ceasuri.md\/ru\/wp-json\/wp\/v2\/types\/product"}],"replies":[{"embeddable":true,"href":"https:\/\/ceasuri.md\/ru\/wp-json\/wp\/v2\/comments?post=51512"}],"wp:featuredmedia":[{"embeddable":true,"href":"https:\/\/ceasuri.md\/ru\/wp-json\/wp\/v2\/media\/51513"}],"wp:attachment":[{"href":"https:\/\/ceasuri.md\/ru\/wp-json\/wp\/v2\/media?parent=51512"}],"wp:term":[{"taxonomy":"product_brand","embeddable":true,"href":"https:\/\/ceasuri.md\/ru\/wp-json\/wp\/v2\/product_brand?post=51512"},{"taxonomy":"product_cat","embeddable":true,"href":"https:\/\/ceasuri.md\/ru\/wp-json\/wp\/v2\/product_cat?post=51512"},{"taxonomy":"product_tag","embeddable":true,"href":"https:\/\/ceasuri.md\/ru\/wp-json\/wp\/v2\/product_tag?post=51512"}],"curies":[{"name":"wp","href":"https:\/\/api.w.org\/{rel}","templated":true}]}}