{"id":51508,"date":"2026-04-02T23:41:41","date_gmt":"2026-04-02T20:41:41","guid":{"rendered":"http:\/\/new.ceasuri.md\/shop\/uncategorized\/casio-edifice-ecb-950dc-1aef\/"},"modified":"2026-04-20T01:27:53","modified_gmt":"2026-04-19T22:27:53","slug":"casio-edifice-ecb-950dc-1aef","status":"publish","type":"product","link":"https:\/\/ceasuri.md\/ru\/shop\/branduri\/casio\/casio-edifice-ecb-950dc-1aef\/","title":{"rendered":"\u0427\u0430\u0441\u044b CASIO EDIFICE ECB-950DC-1AEF"},"content":{"rendered":"<p>Ob\u021bine\u021bi conectivitate pentru smartphone \u0219i multe altele \u00eentr-un ceas EDIFICE cu combina\u021bie analogic\u0103 \u0219i digital\u0103, creat pentru a proiecta vitez\u0103 \u0219i inteligen\u021b\u0103.<\/p>\n<p>Designul \u00eendr\u0103zne\u021b \u0219i sofisticat prezint\u0103 o lunet\u0103 octogonal\u0103 care evoc\u0103 liniile uneltelor mecanicului unei ma\u0219ini de curse.<\/p>\n<p>Mai mult dec\u00e2t o simpl\u0103 atrac\u021bie pentru ochi, acest ceas ofer\u0103 o func\u021bionalitate complet\u0103, astfel \u00eenc\u00e2t s\u0103 pute\u021bi ob\u021bine toate informa\u021biile de care ave\u021bi nevoie \u0219i ecranul LCD u\u0219or de citit.<\/p>\n<p>Sincronizeaz\u0103-te cu smartphone-ul t\u0103u prin Bluetooth\u00ae pentru o cronometrare precis\u0103, oriunde ai merge. Pur \u0219i simplu atinge\u021bi aplica\u021bia pentru a gestiona f\u0103r\u0103 efort func\u021bii precum selectarea unui ora\u0219 din lista World Time. Cadranul mare inserat \u00een pozi\u021bia de la ora 4 se m\u00e2ndre\u0219te cu un indicator de vitez\u0103 care afi\u0219eaz\u0103 vitezele medii atunci c\u00e2nd cronometra\u021bi ture pentru distan\u021be stabilite.<\/p>\n<p>Lumina LED complet automat\u0103 ilumineaz\u0103 cadranul \u0219i ecranul LCD doar cu o \u00eenclinare a \u00eencheieturii m\u00e2inii. Tough Solar \u00eencarc\u0103 ceasul de la lumina soarelui sau chiar de la lumina l\u0103mpii fluorescente.<\/p>","protected":false},"excerpt":{"rendered":"<p>Ob\u021bine\u021bi conectivitate pentru smartphone \u0219i multe altele \u00eentr-un ceas EDIFICE cu combina\u021bie analogic\u0103 \u0219i digital\u0103, creat pentru a proiecta vitez\u0103 \u0219i inteligen\u021b\u0103. Designul \u00eendr\u0103zne\u021b \u0219i sofisticat prezint\u0103 o lunet\u0103 octogonal\u0103 care evoc\u0103 liniile uneltelor mecanicului unei ma\u0219ini de curse. Mai mult dec\u00e2t o simpl\u0103 atrac\u021bie pentru ochi, acest ceas ofer\u0103 o func\u021bionalitate complet\u0103, astfel \u00eenc\u00e2t [&hellip;]<\/p>\n","protected":false},"featured_media":51509,"comment_status":"closed","ping_status":"open","template":"","meta":{"_acf_changed":false},"product_brand":[],"product_cat":[27,20,536],"product_tag":[],"class_list":{"0":"post-51508","1":"product","2":"type-product","3":"status-publish","4":"has-post-thumbnail","6":"product_cat-casio","7":"product_cat-ceasuri-barbati","8":"product_cat-edifice","9":"pa_brand-casio","10":"pa_brand-edifice","11":"pa_braslet-otel-inoxidabil","12":"pa_corpus-48-mm","13":"pa_forma-octogonala","14":"pa_funcii-alarma","15":"pa_funcii-bluetooth-smart","16":"pa_funcii-calendar","17":"pa_funcii-cronometru","18":"pa_funcii-dual-time","19":"pa_funcii-iluminare","20":"pa_funcii-tahimetru","21":"pa_funcii-timp-mondial","22":"pa_garatia-24-luni","23":"pa_korpus-negru","24":"pa_kvarc-quartz","25":"pa_material-otel-inoxidabil","26":"pa_mehanizm-baterie-solara","27":"pa_remeshok-negru","28":"pa_steklo-cristal-mineral","29":"pa_strana-japonia","30":"pa_voda-10-atm","32":"first","33":"instock","34":"purchasable","35":"product-type-simple"},"acf":[],"_links":{"self":[{"href":"https:\/\/ceasuri.md\/ru\/wp-json\/wp\/v2\/product\/51508","targetHints":{"allow":["GET"]}}],"collection":[{"href":"https:\/\/ceasuri.md\/ru\/wp-json\/wp\/v2\/product"}],"about":[{"href":"https:\/\/ceasuri.md\/ru\/wp-json\/wp\/v2\/types\/product"}],"replies":[{"embeddable":true,"href":"https:\/\/ceasuri.md\/ru\/wp-json\/wp\/v2\/comments?post=51508"}],"wp:featuredmedia":[{"embeddable":true,"href":"https:\/\/ceasuri.md\/ru\/wp-json\/wp\/v2\/media\/51509"}],"wp:attachment":[{"href":"https:\/\/ceasuri.md\/ru\/wp-json\/wp\/v2\/media?parent=51508"}],"wp:term":[{"taxonomy":"product_brand","embeddable":true,"href":"https:\/\/ceasuri.md\/ru\/wp-json\/wp\/v2\/product_brand?post=51508"},{"taxonomy":"product_cat","embeddable":true,"href":"https:\/\/ceasuri.md\/ru\/wp-json\/wp\/v2\/product_cat?post=51508"},{"taxonomy":"product_tag","embeddable":true,"href":"https:\/\/ceasuri.md\/ru\/wp-json\/wp\/v2\/product_tag?post=51508"}],"curies":[{"name":"wp","href":"https:\/\/api.w.org\/{rel}","templated":true}]}}