{"id":51500,"date":"2026-04-02T23:41:41","date_gmt":"2026-04-02T20:41:41","guid":{"rendered":"http:\/\/new.ceasuri.md\/shop\/uncategorized\/casio-g-shock-gm-2100ws-7a\/"},"modified":"2026-04-20T01:25:31","modified_gmt":"2026-04-19T22:25:31","slug":"casio-g-shock-gm-2100ws-7a","status":"publish","type":"product","link":"https:\/\/ceasuri.md\/ru\/shop\/branduri\/casio\/casio-g-shock-gm-2100ws-7a\/","title":{"rendered":"\u0427\u0430\u0441\u044b CASIO G-SHOCK GM-2100WS-7A"},"content":{"rendered":"<p>O edi\u021bie limitat\u0103 2023 G-Shock GM-2100 elegant\u0103 \u0219i carismatic\u0103 \u00eentr-o carcas\u0103 octogonal\u0103 din o\u021bel pe o curea alb\u0103 din polimer.<\/p>\n<p>\u00cen ciuda aspectului s\u0103u metalic, acest model este u\u0219or (72 de grame), compact \u00een dimensiuni \u0219i cu o grosime a carcasei de doar 11,8 mm, ceea ce este impresionant \u00een compara\u021bie cu fra\u021bii s\u0103i G-Shock mai volumino\u0219i.<\/p>\n<p>Ceasul are o schem\u0103 de culori laconic\u0103 autentic\u0103, dar discret\u0103, cu un cadran metalic gri-albastru sub sticl\u0103 mineral\u0103 temperat\u0103, f\u0103r\u0103 accente stridente sau str\u0103lucitoare.<\/p>\n<p>Stratul nereflectorizant de acumulare a luminii asigur\u0103 o str\u0103lucire de lung\u0103 durat\u0103 \u00een \u00eentuneric, chiar \u0219i dup\u0103 o scurt\u0103 expunere la lumin\u0103. Format de timp de 12 \u0219i 24 de ore. Cronometru cu dou\u0103 citiri de precizie. Cronometru cu num\u0103r\u0103toare invers\u0103. Ora mondial\u0103 &#8211; 48 de ora\u0219e (31 de fusuri orare), timp universal coordonat (UTC). Func\u021bie de activare\/dezactivare a orei de var\u0103. Indicator retrograd al zilei s\u0103pt\u0103m\u00e2nii. Func\u021bia mut\/unmute \u0219i mi\u0219carea m\u00e2inii pentru vizionarea f\u0103r\u0103 obstacole a informa\u021biilor de pe afi\u0219ajele digitale. Rezistent la ap\u0103 p\u00e2n\u0103 la 200 m.<\/p>","protected":false},"excerpt":{"rendered":"<p>O edi\u021bie limitat\u0103 2023 G-Shock GM-2100 elegant\u0103 \u0219i carismatic\u0103 \u00eentr-o carcas\u0103 octogonal\u0103 din o\u021bel pe o curea alb\u0103 din polimer. \u00cen ciuda aspectului s\u0103u metalic, acest model este u\u0219or (72 de grame), compact \u00een dimensiuni \u0219i cu o grosime a carcasei de doar 11,8 mm, ceea ce este impresionant \u00een compara\u021bie cu fra\u021bii s\u0103i G-Shock [&hellip;]<\/p>\n","protected":false},"featured_media":51501,"comment_status":"closed","ping_status":"open","template":"","meta":{"_acf_changed":false},"product_brand":[],"product_cat":[27,20,25,419],"product_tag":[],"class_list":{"0":"post-51500","1":"product","2":"type-product","3":"status-publish","4":"has-post-thumbnail","6":"product_cat-casio","7":"product_cat-ceasuri-barbati","8":"product_cat-ceasuri-dama","9":"product_cat-g-shock","10":"pa_brand-casio","11":"pa_brand-g-shock","12":"pa_braslet-plastic","13":"pa_corpus-44x49mm","14":"pa_forma-octogonala","15":"pa_funcii-alarma","16":"pa_funcii-calendar","17":"pa_funcii-cronometru","18":"pa_funcii-dual-time","19":"pa_funcii-iluminare","20":"pa_funcii-timp-mondial","21":"pa_garatia-24-luni","22":"pa_korpus-argintiu","23":"pa_kvarc-quartz","24":"pa_material-otel-inoxidabil","25":"pa_mehanizm-electronic","26":"pa_mehanizm-quartz","27":"pa_remeshok-alb","28":"pa_steklo-cristal-mineral","29":"pa_strana-japonia","30":"pa_voda-20-atm","32":"first","33":"instock","34":"purchasable","35":"product-type-simple"},"acf":[],"_links":{"self":[{"href":"https:\/\/ceasuri.md\/ru\/wp-json\/wp\/v2\/product\/51500","targetHints":{"allow":["GET"]}}],"collection":[{"href":"https:\/\/ceasuri.md\/ru\/wp-json\/wp\/v2\/product"}],"about":[{"href":"https:\/\/ceasuri.md\/ru\/wp-json\/wp\/v2\/types\/product"}],"replies":[{"embeddable":true,"href":"https:\/\/ceasuri.md\/ru\/wp-json\/wp\/v2\/comments?post=51500"}],"wp:featuredmedia":[{"embeddable":true,"href":"https:\/\/ceasuri.md\/ru\/wp-json\/wp\/v2\/media\/51501"}],"wp:attachment":[{"href":"https:\/\/ceasuri.md\/ru\/wp-json\/wp\/v2\/media?parent=51500"}],"wp:term":[{"taxonomy":"product_brand","embeddable":true,"href":"https:\/\/ceasuri.md\/ru\/wp-json\/wp\/v2\/product_brand?post=51500"},{"taxonomy":"product_cat","embeddable":true,"href":"https:\/\/ceasuri.md\/ru\/wp-json\/wp\/v2\/product_cat?post=51500"},{"taxonomy":"product_tag","embeddable":true,"href":"https:\/\/ceasuri.md\/ru\/wp-json\/wp\/v2\/product_tag?post=51500"}],"curies":[{"name":"wp","href":"https:\/\/api.w.org\/{rel}","templated":true}]}}