{"id":51496,"date":"2026-04-02T23:41:41","date_gmt":"2026-04-02T20:41:41","guid":{"rendered":"http:\/\/new.ceasuri.md\/shop\/uncategorized\/casio-g-shock-ga-b2100cy-1a\/"},"modified":"2026-04-20T01:25:30","modified_gmt":"2026-04-19T22:25:30","slug":"casio-g-shock-ga-b2100cy-1a","status":"publish","type":"product","link":"https:\/\/ceasuri.md\/ru\/shop\/branduri\/casio\/casio-g-shock-ga-b2100cy-1a\/","title":{"rendered":"\u0427\u0430\u0441\u044b CASIO G-SHOCK GA-B2100CY-1A"},"content":{"rendered":"<p>O actualizare de culoare de la sf\u00e2r\u0219itul anului 2023 pentru una dintre cele mai populare carcase G-Shock din ultimii ani. Modelul cu carcas\u0103 neagr\u0103 mat\u0103 octogonal\u0103 elegant\u0103, cu m\u00e2ini galbene str\u0103lucitoare \u0219i detalii ale cadranului p\u0103streaz\u0103 aspectul predecesorilor s\u0103i din seria GA-2100, dar prime\u0219te un modul Bluetooth mai avansat tehnologic pentru sincronizarea smartphone-ului \u0219i un panou solar integrat.<\/p>\n<p>Alimentat de Tough Solar &#8211; panouri solare de mare putere. Indicator de \u00eenc\u0103rcare a bateriei. Func\u021bie automat\u0103 de economisire a energiei. Durata de via\u021b\u0103 a bateriei f\u0103r\u0103 re\u00eenc\u0103rcare &#8211; 7 luni, cu func\u021bia de economisire a energiei activat\u0103 &#8211; 18 luni.<\/p>\n<p>Tehnologie wireless Bluetooth\u00ae cu consum foarte redus de energie pentru sincronizarea cu smartphone-ul. Atunci c\u00e2nd este conectat la un smartphone, ceasul ajusteaz\u0103 automat ora curent\u0103, inclusiv ora de iarn\u0103\/var\u0103, \u0219i copiaz\u0103 set\u0103rile orei mondiale pentru mai mult de 300 de ora\u0219e.<\/p>\n<p>Structur\u0103 Carbon Core Guard. Carcasa din plastic rezistent la \u0219ocuri cu fibre de carbon este mai durabil\u0103 \u0219i \u00een acela\u0219i timp mai u\u0219oar\u0103. Acela\u0219i material protejeaz\u0103 modulul intern de deteriorare \u0219i deformare \u00een timpul \u0219ocurilor.<\/p>","protected":false},"excerpt":{"rendered":"<p>O actualizare de culoare de la sf\u00e2r\u0219itul anului 2023 pentru una dintre cele mai populare carcase G-Shock din ultimii ani. Modelul cu carcas\u0103 neagr\u0103 mat\u0103 octogonal\u0103 elegant\u0103, cu m\u00e2ini galbene str\u0103lucitoare \u0219i detalii ale cadranului p\u0103streaz\u0103 aspectul predecesorilor s\u0103i din seria GA-2100, dar prime\u0219te un modul Bluetooth mai avansat tehnologic pentru sincronizarea smartphone-ului \u0219i un [&hellip;]<\/p>\n","protected":false},"featured_media":51497,"comment_status":"closed","ping_status":"open","template":"","meta":{"_acf_changed":false},"product_brand":[],"product_cat":[27,20,419],"product_tag":[],"class_list":{"0":"post-51496","1":"product","2":"type-product","3":"status-publish","4":"has-post-thumbnail","6":"product_cat-casio","7":"product_cat-ceasuri-barbati","8":"product_cat-g-shock","9":"pa_brand-casio","10":"pa_brand-g-shock","11":"pa_braslet-plastic","12":"pa_corpus-45x48mm","13":"pa_forma-octogonala","14":"pa_funcii-alarma","15":"pa_funcii-bluetooth-smart","16":"pa_funcii-calendar","17":"pa_funcii-cronometru","18":"pa_funcii-dual-time","19":"pa_funcii-iluminare","20":"pa_funcii-timp-mondial","21":"pa_garatia-24-luni","22":"pa_korpus-negru","23":"pa_kvarc-quartz","24":"pa_material-carbon","25":"pa_mehanizm-electronic","26":"pa_mehanizm-quartz","27":"pa_remeshok-negru","28":"pa_steklo-cristal-mineral","29":"pa_strana-japonia","30":"pa_voda-20-atm","32":"first","33":"instock","34":"purchasable","35":"product-type-simple"},"acf":[],"_links":{"self":[{"href":"https:\/\/ceasuri.md\/ru\/wp-json\/wp\/v2\/product\/51496","targetHints":{"allow":["GET"]}}],"collection":[{"href":"https:\/\/ceasuri.md\/ru\/wp-json\/wp\/v2\/product"}],"about":[{"href":"https:\/\/ceasuri.md\/ru\/wp-json\/wp\/v2\/types\/product"}],"replies":[{"embeddable":true,"href":"https:\/\/ceasuri.md\/ru\/wp-json\/wp\/v2\/comments?post=51496"}],"wp:featuredmedia":[{"embeddable":true,"href":"https:\/\/ceasuri.md\/ru\/wp-json\/wp\/v2\/media\/51497"}],"wp:attachment":[{"href":"https:\/\/ceasuri.md\/ru\/wp-json\/wp\/v2\/media?parent=51496"}],"wp:term":[{"taxonomy":"product_brand","embeddable":true,"href":"https:\/\/ceasuri.md\/ru\/wp-json\/wp\/v2\/product_brand?post=51496"},{"taxonomy":"product_cat","embeddable":true,"href":"https:\/\/ceasuri.md\/ru\/wp-json\/wp\/v2\/product_cat?post=51496"},{"taxonomy":"product_tag","embeddable":true,"href":"https:\/\/ceasuri.md\/ru\/wp-json\/wp\/v2\/product_tag?post=51496"}],"curies":[{"name":"wp","href":"https:\/\/api.w.org\/{rel}","templated":true}]}}