{"id":51491,"date":"2026-04-02T23:41:41","date_gmt":"2026-04-02T20:41:41","guid":{"rendered":"http:\/\/new.ceasuri.md\/shop\/uncategorized\/casio-g-shock-ga-b001cy-1a\/"},"modified":"2026-04-17T14:26:53","modified_gmt":"2026-04-17T11:26:53","slug":"casio-g-shock-ga-b001cy-1a","status":"publish","type":"product","link":"https:\/\/ceasuri.md\/ru\/shop\/branduri\/casio\/casio-g-shock-ga-b001cy-1a\/","title":{"rendered":"Ceas CASIO G-SHOCK GA-B001CY-1A"},"content":{"rendered":"<p>Atrage\u021bi aten\u021bia cu un ceas robust \u00eentr-o schem\u0103 \u00eendr\u0103znea\u021b\u0103 de culori negru \u0219i galben.<\/p>\n<p>Designul robust, dar elegant, prezint\u0103 o schem\u0103 de culori de baz\u0103 neagr\u0103, completat\u0103 de culorile galbene str\u0103lucitoare utilizate pentru serviciile de urgen\u021b\u0103 \u0219i semnele de siguran\u021b\u0103.<\/p>\n<p>Un aspect cool \u0219i versatil care se potrive\u0219te at\u00e2t stilului casual, c\u00e2t \u0219i celui business.<\/p>\n<p>Un modul tehnologic cu conexiune bluetooth la smartphone care v\u0103 permite s\u0103 sincroniza\u021bi automat ora cu telefonul, de exemplu atunci c\u00e2nd zbura\u021bi \u00een zone orare diferite, sau s\u0103 regla\u021bi convenabil ceasul, precum \u0219i s\u0103 controla\u021bi alte func\u021bii ale ceasului, cum ar fi cronometrul, cronometrul sau alarmele.<\/p>\n<p>Rezistent la ap\u0103 p\u00e2n\u0103 la 200 de metri.<\/p>","protected":false},"excerpt":{"rendered":"<p>Atrage\u021bi aten\u021bia cu un ceas robust \u00eentr-o schem\u0103 \u00eendr\u0103znea\u021b\u0103 de culori negru \u0219i galben. Designul robust, dar elegant, prezint\u0103 o schem\u0103 de culori de baz\u0103 neagr\u0103, completat\u0103 de culorile galbene str\u0103lucitoare utilizate pentru serviciile de urgen\u021b\u0103 \u0219i semnele de siguran\u021b\u0103. Un aspect cool \u0219i versatil care se potrive\u0219te at\u00e2t stilului casual, c\u00e2t \u0219i celui business. [&hellip;]<\/p>\n","protected":false},"featured_media":51492,"comment_status":"closed","ping_status":"open","template":"","meta":{"_acf_changed":false},"product_brand":[],"product_cat":[27,20,419],"product_tag":[],"class_list":{"0":"post-51491","1":"product","2":"type-product","3":"status-publish","4":"has-post-thumbnail","6":"product_cat-casio","7":"product_cat-ceasuri-barbati","8":"product_cat-g-shock","9":"pa_brand-casio","10":"pa_brand-g-shock","11":"pa_braslet-plastic","12":"pa_corpus-43x46mm","13":"pa_forma-octogonala","14":"pa_funcii-alarma","15":"pa_funcii-bluetooth-smart","16":"pa_funcii-calendar","17":"pa_funcii-cronometru","18":"pa_funcii-dual-time","19":"pa_funcii-iluminare","20":"pa_funcii-timp-mondial","21":"pa_garatia-24-luni","22":"pa_korpus-negru","23":"pa_kvarc-quartz","24":"pa_material-carbon","25":"pa_mehanizm-electronic","26":"pa_mehanizm-quartz","27":"pa_remeshok-negru","28":"pa_steklo-cristal-mineral","29":"pa_strana-japonia","30":"pa_voda-20-atm","32":"first","33":"instock","34":"purchasable","35":"product-type-simple"},"acf":[],"_links":{"self":[{"href":"https:\/\/ceasuri.md\/ru\/wp-json\/wp\/v2\/product\/51491","targetHints":{"allow":["GET"]}}],"collection":[{"href":"https:\/\/ceasuri.md\/ru\/wp-json\/wp\/v2\/product"}],"about":[{"href":"https:\/\/ceasuri.md\/ru\/wp-json\/wp\/v2\/types\/product"}],"replies":[{"embeddable":true,"href":"https:\/\/ceasuri.md\/ru\/wp-json\/wp\/v2\/comments?post=51491"}],"wp:featuredmedia":[{"embeddable":true,"href":"https:\/\/ceasuri.md\/ru\/wp-json\/wp\/v2\/media\/51492"}],"wp:attachment":[{"href":"https:\/\/ceasuri.md\/ru\/wp-json\/wp\/v2\/media?parent=51491"}],"wp:term":[{"taxonomy":"product_brand","embeddable":true,"href":"https:\/\/ceasuri.md\/ru\/wp-json\/wp\/v2\/product_brand?post=51491"},{"taxonomy":"product_cat","embeddable":true,"href":"https:\/\/ceasuri.md\/ru\/wp-json\/wp\/v2\/product_cat?post=51491"},{"taxonomy":"product_tag","embeddable":true,"href":"https:\/\/ceasuri.md\/ru\/wp-json\/wp\/v2\/product_tag?post=51491"}],"curies":[{"name":"wp","href":"https:\/\/api.w.org\/{rel}","templated":true}]}}