{"id":51482,"date":"2026-04-02T23:41:41","date_gmt":"2026-04-02T20:41:41","guid":{"rendered":"http:\/\/new.ceasuri.md\/shop\/uncategorized\/casio-edifice-efs-s630bl-5a\/"},"modified":"2026-04-20T01:25:27","modified_gmt":"2026-04-19T22:25:27","slug":"casio-edifice-efs-s630bl-5a","status":"publish","type":"product","link":"https:\/\/ceasuri.md\/ru\/shop\/branduri\/casio\/casio-edifice-efs-s630bl-5a\/","title":{"rendered":"\u0427\u0430\u0441\u044b CASIO EDIFICE EFS-S630BL-5A"},"content":{"rendered":"<p>Acest cronograf alimentat cu energie solar\u0103 nu este doar ecologic, ci \u0219i extrem de precis \u0219i fiabil.<\/p>\n<p>Carcasa \u0219i luneta sunt fabricate din o\u021bel inoxidabil de \u00eenalt\u0103 calitate, ceea ce confer\u0103 ceasului un aspect robust, dar elegant.<\/p>\n<p>Cadranul ro\u0219u \u00eenchis formeaz\u0103 un contrast uluitor cu acele argintii, f\u0103c\u00e2nd ca ora s\u0103 fie lizibil\u0103 de la prima vedere.<\/p>\n<p>Luneta neagr\u0103 placat\u0103 cu ioni creeaz\u0103 un accent izbitor \u0219i confer\u0103 ceasului o not\u0103 de exclusivitate.<\/p>\n<p>Cristalul de safir protejeaz\u0103 cadranul de zg\u00e2rieturi \u0219i asigur\u0103 o vizualizare clar\u0103 a orei.<\/p>\n<p>Br\u0103\u021bara este confec\u021bionat\u0103 din piele natural\u0103 neagr\u0103 de \u00eenalt\u0103 calitate \u0219i este confortabil\u0103 la purtare. Ceasul poate fi fixat \u00een siguran\u021b\u0103 la \u00eencheietura m\u00e2inii cu ajutorul \u00eenchiz\u0103toarei pliante practice.<\/p>\n<p>Ceasul Casio combin\u0103 stilul \u0219i func\u021bionalitatea \u00eentr-un design atemporal. Fie la birou, la ocazii speciale sau \u00een via\u021ba de zi cu zi, acest ceas v\u0103 va fi al\u0103turi.<\/p>","protected":false},"excerpt":{"rendered":"<p>Acest cronograf alimentat cu energie solar\u0103 nu este doar ecologic, ci \u0219i extrem de precis \u0219i fiabil. Carcasa \u0219i luneta sunt fabricate din o\u021bel inoxidabil de \u00eenalt\u0103 calitate, ceea ce confer\u0103 ceasului un aspect robust, dar elegant. Cadranul ro\u0219u \u00eenchis formeaz\u0103 un contrast uluitor cu acele argintii, f\u0103c\u00e2nd ca ora s\u0103 fie lizibil\u0103 de la [&hellip;]<\/p>\n","protected":false},"featured_media":51483,"comment_status":"closed","ping_status":"open","template":"","meta":{"_acf_changed":false},"product_brand":[],"product_cat":[27,20,536],"product_tag":[],"class_list":{"0":"post-51482","1":"product","2":"type-product","3":"status-publish","4":"has-post-thumbnail","6":"product_cat-casio","7":"product_cat-ceasuri-barbati","8":"product_cat-edifice","9":"pa_brand-casio","10":"pa_brand-edifice","11":"pa_braslet-piele","12":"pa_corpus-44x48mm","13":"pa_forma-rotund","14":"pa_funcii-cronograf","15":"pa_funcii-data","16":"pa_funcii-rezerva-de-energie","17":"pa_garatia-24-luni","18":"pa_korpus-argintiu","19":"pa_korpus-negru","20":"pa_kvarc-quartz","21":"pa_material-otel-inoxidabil","22":"pa_mehanizm-baterie-solara","23":"pa_remeshok-negru","24":"pa_steklo-cristal-safir","25":"pa_strana-japonia","26":"pa_voda-10-atm","28":"first","29":"instock","30":"purchasable","31":"product-type-simple"},"acf":[],"_links":{"self":[{"href":"https:\/\/ceasuri.md\/ru\/wp-json\/wp\/v2\/product\/51482","targetHints":{"allow":["GET"]}}],"collection":[{"href":"https:\/\/ceasuri.md\/ru\/wp-json\/wp\/v2\/product"}],"about":[{"href":"https:\/\/ceasuri.md\/ru\/wp-json\/wp\/v2\/types\/product"}],"replies":[{"embeddable":true,"href":"https:\/\/ceasuri.md\/ru\/wp-json\/wp\/v2\/comments?post=51482"}],"wp:featuredmedia":[{"embeddable":true,"href":"https:\/\/ceasuri.md\/ru\/wp-json\/wp\/v2\/media\/51483"}],"wp:attachment":[{"href":"https:\/\/ceasuri.md\/ru\/wp-json\/wp\/v2\/media?parent=51482"}],"wp:term":[{"taxonomy":"product_brand","embeddable":true,"href":"https:\/\/ceasuri.md\/ru\/wp-json\/wp\/v2\/product_brand?post=51482"},{"taxonomy":"product_cat","embeddable":true,"href":"https:\/\/ceasuri.md\/ru\/wp-json\/wp\/v2\/product_cat?post=51482"},{"taxonomy":"product_tag","embeddable":true,"href":"https:\/\/ceasuri.md\/ru\/wp-json\/wp\/v2\/product_tag?post=51482"}],"curies":[{"name":"wp","href":"https:\/\/api.w.org\/{rel}","templated":true}]}}