{"id":51448,"date":"2026-04-02T23:40:55","date_gmt":"2026-04-02T20:40:55","guid":{"rendered":"http:\/\/new.ceasuri.md\/shop\/uncategorized\/orient-star-classic-semi-skeleton-re-at0203l00b\/"},"modified":"2026-04-20T01:25:19","modified_gmt":"2026-04-19T22:25:19","slug":"orient-star-classic-semi-skeleton-re-at0203l00b","status":"publish","type":"product","link":"https:\/\/ceasuri.md\/ru\/shop\/branduri\/orient-star\/orient-star-classic-semi-skeleton-re-at0203l00b\/","title":{"rendered":"\u0427\u0430\u0441\u044b ORIENT STAR CLASSIC Semi Skeleton RE-AT0203L00B"},"content":{"rendered":"<p>Classic Semi Skeleton cu culori naturale \u0219i design elegant pentru uz zilnic, cu o fereastr\u0103 care ofer\u0103 o vedere par\u021bial\u0103 a mi\u0219c\u0103rii, iar designul lor evoc\u0103 un nivel de sofisticare unic pentru ceasurile mecanice.<\/p>\n<p>Conceptul de design este &#8222;lumina bl\u00e2nd\u0103 a soarelui&#8221;, iar culorile cadranului sunt inspirate de lumina bl\u00e2nd\u0103 a soarelui care str\u0103luce\u0219te asupra apei, plantelor \u0219i p\u0103durilor.<\/p>\n<p>Acesta are cadran clasic curbat, cu indicatoare elegante \u00een relief, cifre romane delicate \u0219i m\u00e2ini \u00een form\u0103 de pic\u0103. \u0218i un profil elegant, privit din lateral de cristale de sticl\u0103 mineral\u0103 u\u0219or bombate, accentuate de pietre \u00een coroan\u0103.<\/p>\n<p>O curea sofisticat\u0103 din piele cu un finisaj fran\u021buzesc cu margini \u00eentoarse completeaz\u0103 designul atractiv al acestor piese de mod\u0103 de zi cu zi.<\/p>","protected":false},"excerpt":{"rendered":"<p>Classic Semi Skeleton cu culori naturale \u0219i design elegant pentru uz zilnic, cu o fereastr\u0103 care ofer\u0103 o vedere par\u021bial\u0103 a mi\u0219c\u0103rii, iar designul lor evoc\u0103 un nivel de sofisticare unic pentru ceasurile mecanice. Conceptul de design este &#8222;lumina bl\u00e2nd\u0103 a soarelui&#8221;, iar culorile cadranului sunt inspirate de lumina bl\u00e2nd\u0103 a soarelui care str\u0103luce\u0219te asupra [&hellip;]<\/p>\n","protected":false},"featured_media":51449,"comment_status":"closed","ping_status":"open","template":"","meta":{"_acf_changed":false},"product_brand":[],"product_cat":[20,106,598,627],"product_tag":[],"class_list":{"0":"post-51448","1":"product","2":"type-product","3":"status-publish","4":"has-post-thumbnail","6":"product_cat-ceasuri-barbati","7":"product_cat-ceasuri-premium","8":"product_cat-orient-star","9":"product_cat-orient-star-x-iutecredit","10":"pa_brand-orient-star","11":"pa_braslet-piele","12":"pa_corpus-40-mm","13":"pa_forma-rotund","14":"pa_funcii-rezerva-de-energie","15":"pa_funcii-semischelet","16":"pa_garatia-24-luni","17":"pa_korpus-argintiu","18":"pa_material-otel-inoxidabil","19":"pa_mehanizm-mecanic","20":"pa_mehanizm-mecanism-automatic","21":"pa_remeshok-albastru-inchis","22":"pa_steklo-cristal-mineral","23":"pa_strana-japonia","24":"pa_voda-5-atm","26":"first","27":"instock","28":"purchasable","29":"product-type-simple"},"acf":[],"_links":{"self":[{"href":"https:\/\/ceasuri.md\/ru\/wp-json\/wp\/v2\/product\/51448","targetHints":{"allow":["GET"]}}],"collection":[{"href":"https:\/\/ceasuri.md\/ru\/wp-json\/wp\/v2\/product"}],"about":[{"href":"https:\/\/ceasuri.md\/ru\/wp-json\/wp\/v2\/types\/product"}],"replies":[{"embeddable":true,"href":"https:\/\/ceasuri.md\/ru\/wp-json\/wp\/v2\/comments?post=51448"}],"wp:featuredmedia":[{"embeddable":true,"href":"https:\/\/ceasuri.md\/ru\/wp-json\/wp\/v2\/media\/51449"}],"wp:attachment":[{"href":"https:\/\/ceasuri.md\/ru\/wp-json\/wp\/v2\/media?parent=51448"}],"wp:term":[{"taxonomy":"product_brand","embeddable":true,"href":"https:\/\/ceasuri.md\/ru\/wp-json\/wp\/v2\/product_brand?post=51448"},{"taxonomy":"product_cat","embeddable":true,"href":"https:\/\/ceasuri.md\/ru\/wp-json\/wp\/v2\/product_cat?post=51448"},{"taxonomy":"product_tag","embeddable":true,"href":"https:\/\/ceasuri.md\/ru\/wp-json\/wp\/v2\/product_tag?post=51448"}],"curies":[{"name":"wp","href":"https:\/\/api.w.org\/{rel}","templated":true}]}}