{"id":51444,"date":"2026-04-02T23:40:55","date_gmt":"2026-04-02T20:40:55","guid":{"rendered":"http:\/\/new.ceasuri.md\/shop\/uncategorized\/bulova-sutton-98a308\/"},"modified":"2026-04-20T01:26:58","modified_gmt":"2026-04-19T22:26:58","slug":"bulova-sutton-98a308","status":"publish","type":"product","link":"https:\/\/ceasuri.md\/ru\/shop\/branduri\/bulova\/bulova-sutton-98a308\/","title":{"rendered":"\u0427\u0430\u0441\u044b BULOVA SUTTON 98A308"},"content":{"rendered":"<p>Din colec\u021bia Sutton, acest nou ceas Bulova pentru b\u0103rba\u021bi ofer\u0103 un stil sofisticat cu o inim\u0103 mecanic\u0103.<\/p>\n<p>Carcasa dreptunghiular\u0103 rafinat\u0103 din o\u021bel inoxidabil bicolor are un corp argintiu \u0219i o ram\u0103 aurie \u00een jurul unui cristal mineral curbat.<\/p>\n<p>Cadranul texturat alb-argintiu prezint\u0103 cifre arabe aurii cu m\u00e2ini asortate.<\/p>\n<p>La ora 7, o deschiz\u0103tur\u0103 \u00eencadrat\u0103 ofer\u0103 o vedere a inimii care bate a ceasului, mi\u0219carea mecanic\u0103 cu 21 de bijuterii, care are o rezerv\u0103 de putere de 42 de ore.<\/p>\n<p>O br\u0103\u021bar\u0103 asortat\u0103 cu cinci verigi prezint\u0103 o \u00eenchidere pliant\u0103 cu \u00eemping\u0103toare pentru o potrivire perfect\u0103.<\/p>\n<p>Bogat \u00eempodobit \u0219i superb proiectat, acest nou ceas Bulova pentru b\u0103rba\u021bi este un companion inteligent pentru cei cu stil.<\/p>","protected":false},"excerpt":{"rendered":"<p>Din colec\u021bia Sutton, acest nou ceas Bulova pentru b\u0103rba\u021bi ofer\u0103 un stil sofisticat cu o inim\u0103 mecanic\u0103. Carcasa dreptunghiular\u0103 rafinat\u0103 din o\u021bel inoxidabil bicolor are un corp argintiu \u0219i o ram\u0103 aurie \u00een jurul unui cristal mineral curbat. Cadranul texturat alb-argintiu prezint\u0103 cifre arabe aurii cu m\u00e2ini asortate. La ora 7, o deschiz\u0103tur\u0103 \u00eencadrat\u0103 ofer\u0103 [&hellip;]<\/p>\n","protected":false},"featured_media":51445,"comment_status":"closed","ping_status":"open","template":"","meta":{"_acf_changed":false},"product_brand":[],"product_cat":[624,20],"product_tag":[],"class_list":{"0":"post-51444","1":"product","2":"type-product","3":"status-publish","4":"has-post-thumbnail","6":"product_cat-bulova","7":"product_cat-ceasuri-barbati","8":"pa_brand-bulova","9":"pa_braslet-otel-inoxidabil","10":"pa_corpus-33x45-mm","11":"pa_forma-dreptunghiular","12":"pa_funcii-semischelet","13":"pa_garatia-24-luni","14":"pa_korpus-argintiu","15":"pa_korpus-auriu","16":"pa_material-otel-inoxidabil","17":"pa_mehanizm-mecanic","18":"pa_mehanizm-mecanism-automatic","19":"pa_remeshok-bicolor","20":"pa_steklo-cristal-mineral","21":"pa_strana-sua","22":"pa_voda-3-atm","24":"first","25":"instock","26":"purchasable","27":"product-type-simple"},"acf":[],"_links":{"self":[{"href":"https:\/\/ceasuri.md\/ru\/wp-json\/wp\/v2\/product\/51444","targetHints":{"allow":["GET"]}}],"collection":[{"href":"https:\/\/ceasuri.md\/ru\/wp-json\/wp\/v2\/product"}],"about":[{"href":"https:\/\/ceasuri.md\/ru\/wp-json\/wp\/v2\/types\/product"}],"replies":[{"embeddable":true,"href":"https:\/\/ceasuri.md\/ru\/wp-json\/wp\/v2\/comments?post=51444"}],"wp:featuredmedia":[{"embeddable":true,"href":"https:\/\/ceasuri.md\/ru\/wp-json\/wp\/v2\/media\/51445"}],"wp:attachment":[{"href":"https:\/\/ceasuri.md\/ru\/wp-json\/wp\/v2\/media?parent=51444"}],"wp:term":[{"taxonomy":"product_brand","embeddable":true,"href":"https:\/\/ceasuri.md\/ru\/wp-json\/wp\/v2\/product_brand?post=51444"},{"taxonomy":"product_cat","embeddable":true,"href":"https:\/\/ceasuri.md\/ru\/wp-json\/wp\/v2\/product_cat?post=51444"},{"taxonomy":"product_tag","embeddable":true,"href":"https:\/\/ceasuri.md\/ru\/wp-json\/wp\/v2\/product_tag?post=51444"}],"curies":[{"name":"wp","href":"https:\/\/api.w.org\/{rel}","templated":true}]}}