{"id":51436,"date":"2026-04-02T23:40:55","date_gmt":"2026-04-02T20:40:55","guid":{"rendered":"http:\/\/new.ceasuri.md\/shop\/uncategorized\/bulova-sutton-98b335\/"},"modified":"2026-04-17T14:26:36","modified_gmt":"2026-04-17T11:26:36","slug":"bulova-sutton-98b335","status":"publish","type":"product","link":"https:\/\/ceasuri.md\/ru\/shop\/branduri\/bulova\/bulova-sutton-98b335\/","title":{"rendered":"Ceas BULOVA SUTTON 98B335"},"content":{"rendered":"<p>\u00cembin\u00e2nd stilul cu precizia, acest cronograf b\u0103rb\u0103tesc cu \u0219ase m\u00e2ini, cu carcas\u0103 \u0219i br\u0103\u021bar\u0103 din o\u021bel inoxidabil \u00een dou\u0103 tonuri, va fi o declara\u021bie perfect\u0103.<\/p>\n<p>Cadran gri cu accente de culoare aurie roz, cu fereastr\u0103 supradimensionat\u0103 pentru dat\u0103 \u00een pozi\u021bia de la ora 12.<\/p>\n<p>Ceasul are cristal mineral bombat, mi\u0219care cu cuar\u021b \u0219i rezisten\u021b\u0103 la ap\u0103 p\u00e2n\u0103 la 30 de metri.<\/p>","protected":false},"excerpt":{"rendered":"<p>\u00cembin\u00e2nd stilul cu precizia, acest cronograf b\u0103rb\u0103tesc cu \u0219ase m\u00e2ini, cu carcas\u0103 \u0219i br\u0103\u021bar\u0103 din o\u021bel inoxidabil \u00een dou\u0103 tonuri, va fi o declara\u021bie perfect\u0103. Cadran gri cu accente de culoare aurie roz, cu fereastr\u0103 supradimensionat\u0103 pentru dat\u0103 \u00een pozi\u021bia de la ora 12. Ceasul are cristal mineral bombat, mi\u0219care cu cuar\u021b \u0219i rezisten\u021b\u0103 la [&hellip;]<\/p>\n","protected":false},"featured_media":51437,"comment_status":"closed","ping_status":"open","template":"","meta":{"_acf_changed":false},"product_brand":[],"product_cat":[624,20],"product_tag":[],"class_list":{"0":"post-51436","1":"product","2":"type-product","3":"status-publish","4":"has-post-thumbnail","6":"product_cat-bulova","7":"product_cat-ceasuri-barbati","8":"pa_brand-bulova","9":"pa_braslet-otel-inoxidabil","10":"pa_corpus-44-mm","11":"pa_forma-rotund","12":"pa_funcii-cronograf","13":"pa_funcii-data","14":"pa_garatia-24-luni","15":"pa_korpus-argintiu","16":"pa_korpus-roz-gold","17":"pa_kvarc-quartz","18":"pa_material-otel-inoxidabil","19":"pa_mehanizm-quartz","20":"pa_remeshok-bicolor","21":"pa_steklo-cristal-mineral","22":"pa_strana-sua","23":"pa_voda-3-atm","25":"first","26":"instock","27":"purchasable","28":"product-type-simple"},"acf":[],"_links":{"self":[{"href":"https:\/\/ceasuri.md\/ru\/wp-json\/wp\/v2\/product\/51436","targetHints":{"allow":["GET"]}}],"collection":[{"href":"https:\/\/ceasuri.md\/ru\/wp-json\/wp\/v2\/product"}],"about":[{"href":"https:\/\/ceasuri.md\/ru\/wp-json\/wp\/v2\/types\/product"}],"replies":[{"embeddable":true,"href":"https:\/\/ceasuri.md\/ru\/wp-json\/wp\/v2\/comments?post=51436"}],"wp:featuredmedia":[{"embeddable":true,"href":"https:\/\/ceasuri.md\/ru\/wp-json\/wp\/v2\/media\/51437"}],"wp:attachment":[{"href":"https:\/\/ceasuri.md\/ru\/wp-json\/wp\/v2\/media?parent=51436"}],"wp:term":[{"taxonomy":"product_brand","embeddable":true,"href":"https:\/\/ceasuri.md\/ru\/wp-json\/wp\/v2\/product_brand?post=51436"},{"taxonomy":"product_cat","embeddable":true,"href":"https:\/\/ceasuri.md\/ru\/wp-json\/wp\/v2\/product_cat?post=51436"},{"taxonomy":"product_tag","embeddable":true,"href":"https:\/\/ceasuri.md\/ru\/wp-json\/wp\/v2\/product_tag?post=51436"}],"curies":[{"name":"wp","href":"https:\/\/api.w.org\/{rel}","templated":true}]}}