{"id":51431,"date":"2026-04-02T23:40:55","date_gmt":"2026-04-02T20:40:55","guid":{"rendered":"http:\/\/new.ceasuri.md\/shop\/uncategorized\/bulova-diver-98b345\/"},"modified":"2026-04-20T01:27:01","modified_gmt":"2026-04-19T22:27:01","slug":"bulova-diver-98b345","status":"publish","type":"product","link":"https:\/\/ceasuri.md\/ru\/shop\/branduri\/bulova\/bulova-diver-98b345\/","title":{"rendered":"\u0427\u0430\u0441\u044b BULOVA DIVER 98B345"},"content":{"rendered":"<p>Diver Gold Blue este unul dintre cele mai populare modele pentru b\u0103rba\u021bi ale m\u0103rcii. Totul datorit\u0103 designului s\u0103u elegant, care se potrive\u0219te perfect cu \u021binutele formale.<\/p>\n<p>Ceasul func\u021bioneaz\u0103 datorit\u0103 unei mi\u0219c\u0103ri precise cu cuar\u021b, este echipat cu o carcas\u0103 solid\u0103 din o\u021bel inoxidabil.<\/p>\n<p>Cureaua albastr\u0103 este fabricat\u0103 din cauciuc de \u00eenalt\u0103 calitate. Aceasta face ca ceasul s\u0103 fie u\u0219or \u0219i confortabil de utilizat.<\/p>\n<p>Cadranul albastru are un cristal mineral, care este foarte rezistent la impacturi \u0219i zg\u00e2rieturi care sunt cauzate \u00een timpul utiliz\u0103rii zilnice.<\/p>\n<p>Rezisten\u021b\u0103 la ap\u0103 de 100 de metri.<\/p>","protected":false},"excerpt":{"rendered":"<p>Diver Gold Blue este unul dintre cele mai populare modele pentru b\u0103rba\u021bi ale m\u0103rcii. Totul datorit\u0103 designului s\u0103u elegant, care se potrive\u0219te perfect cu \u021binutele formale. Ceasul func\u021bioneaz\u0103 datorit\u0103 unei mi\u0219c\u0103ri precise cu cuar\u021b, este echipat cu o carcas\u0103 solid\u0103 din o\u021bel inoxidabil. Cureaua albastr\u0103 este fabricat\u0103 din cauciuc de \u00eenalt\u0103 calitate. Aceasta face ca [&hellip;]<\/p>\n","protected":false},"featured_media":51432,"comment_status":"closed","ping_status":"open","template":"","meta":{"_acf_changed":false},"product_brand":[],"product_cat":[624,20],"product_tag":[],"class_list":{"0":"post-51431","1":"product","2":"type-product","3":"status-publish","4":"has-post-thumbnail","6":"product_cat-bulova","7":"product_cat-ceasuri-barbati","8":"pa_brand-bulova","9":"pa_braslet-piele","10":"pa_corpus-44-mm","11":"pa_forma-rotund","12":"pa_funcii-data","13":"pa_garatia-24-luni","14":"pa_korpus-albastru-inchis","15":"pa_korpus-argintiu","16":"pa_korpus-auriu","17":"pa_kvarc-quartz","18":"pa_material-otel-inoxidabil","19":"pa_mehanizm-quartz","20":"pa_remeshok-albastru-inchis","21":"pa_steklo-cristal-mineral","22":"pa_strana-sua","23":"pa_voda-10-atm","25":"first","26":"instock","27":"purchasable","28":"product-type-simple"},"acf":[],"_links":{"self":[{"href":"https:\/\/ceasuri.md\/ru\/wp-json\/wp\/v2\/product\/51431","targetHints":{"allow":["GET"]}}],"collection":[{"href":"https:\/\/ceasuri.md\/ru\/wp-json\/wp\/v2\/product"}],"about":[{"href":"https:\/\/ceasuri.md\/ru\/wp-json\/wp\/v2\/types\/product"}],"replies":[{"embeddable":true,"href":"https:\/\/ceasuri.md\/ru\/wp-json\/wp\/v2\/comments?post=51431"}],"wp:featuredmedia":[{"embeddable":true,"href":"https:\/\/ceasuri.md\/ru\/wp-json\/wp\/v2\/media\/51432"}],"wp:attachment":[{"href":"https:\/\/ceasuri.md\/ru\/wp-json\/wp\/v2\/media?parent=51431"}],"wp:term":[{"taxonomy":"product_brand","embeddable":true,"href":"https:\/\/ceasuri.md\/ru\/wp-json\/wp\/v2\/product_brand?post=51431"},{"taxonomy":"product_cat","embeddable":true,"href":"https:\/\/ceasuri.md\/ru\/wp-json\/wp\/v2\/product_cat?post=51431"},{"taxonomy":"product_tag","embeddable":true,"href":"https:\/\/ceasuri.md\/ru\/wp-json\/wp\/v2\/product_tag?post=51431"}],"curies":[{"name":"wp","href":"https:\/\/api.w.org\/{rel}","templated":true}]}}