{"id":51424,"date":"2026-04-02T23:40:55","date_gmt":"2026-04-02T20:40:55","guid":{"rendered":"http:\/\/new.ceasuri.md\/shop\/uncategorized\/bulova-icon-x-se-98b355\/"},"modified":"2026-04-20T01:27:02","modified_gmt":"2026-04-19T22:27:02","slug":"bulova-icon-x-se-98b355","status":"publish","type":"product","link":"https:\/\/ceasuri.md\/ru\/shop\/branduri\/bulova\/bulova-icon-x-se-98b355\/","title":{"rendered":"\u0427\u0430\u0441\u044b BULOVA ICON X SE 98B355"},"content":{"rendered":"<p>Marc\u00e2nd cea de-a 10-a aniversare a mi\u0219c\u0103rii Precisionist, edi\u021bia special\u0103 Series X este o celebrare a preciziei de neegalat.<\/p>\n<p>Ceasul din edi\u021bie special\u0103 are o carcas\u0103 distinctiv\u0103 din o\u021bel inoxidabil negru cu o inser\u021bie de inel superior din o\u021bel Damascus gri.<\/p>\n<p>Cadranul negru prezint\u0103 o fereastr\u0103 pentru calendar \u0219i o vedere \u00een interiorul mi\u0219c\u0103rii de \u00eenalt\u0103 precizie cu cuar\u021b de \u00eenalt\u0103 precizie Precisionist, cronograf cu opt m\u00e2ini, proprietate a companiei.<\/p>\n<p>Cureaua fin\u0103 din piele verde este completat\u0103 cu o cataram\u0103 deployant\u0103.<\/p>\n<p>Carcasa este prev\u0103zut\u0103 cu un cristal de safir curbat cu acoperire AR, spate cu \u0219urub \u0219i rezisten\u021b\u0103 la ap\u0103 p\u00e2n\u0103 la 50 de metri.<\/p>","protected":false},"excerpt":{"rendered":"<p>Marc\u00e2nd cea de-a 10-a aniversare a mi\u0219c\u0103rii Precisionist, edi\u021bia special\u0103 Series X este o celebrare a preciziei de neegalat. Ceasul din edi\u021bie special\u0103 are o carcas\u0103 distinctiv\u0103 din o\u021bel inoxidabil negru cu o inser\u021bie de inel superior din o\u021bel Damascus gri. Cadranul negru prezint\u0103 o fereastr\u0103 pentru calendar \u0219i o vedere \u00een interiorul mi\u0219c\u0103rii de [&hellip;]<\/p>\n","protected":false},"featured_media":51425,"comment_status":"closed","ping_status":"open","template":"","meta":{"_acf_changed":false},"product_brand":[],"product_cat":[624,20,106],"product_tag":[],"class_list":{"0":"post-51424","1":"product","2":"type-product","3":"status-publish","4":"has-post-thumbnail","6":"product_cat-bulova","7":"product_cat-ceasuri-barbati","8":"product_cat-ceasuri-premium","9":"pa_brand-bulova","10":"pa_braslet-piele","11":"pa_corpus-45-mm","12":"pa_forma-octogonala","13":"pa_funcii-cronograf","14":"pa_funcii-data","15":"pa_funcii-special-edition","16":"pa_garatia-24-luni","17":"pa_korpus-negru","18":"pa_kvarc-quartz","19":"pa_material-otel-inoxidabil","20":"pa_mehanizm-quartz","21":"pa_remeshok-verde","22":"pa_steklo-cristal-safir","23":"pa_strana-sua","24":"pa_voda-5-atm","26":"first","27":"instock","28":"purchasable","29":"product-type-simple"},"acf":[],"_links":{"self":[{"href":"https:\/\/ceasuri.md\/ru\/wp-json\/wp\/v2\/product\/51424","targetHints":{"allow":["GET"]}}],"collection":[{"href":"https:\/\/ceasuri.md\/ru\/wp-json\/wp\/v2\/product"}],"about":[{"href":"https:\/\/ceasuri.md\/ru\/wp-json\/wp\/v2\/types\/product"}],"replies":[{"embeddable":true,"href":"https:\/\/ceasuri.md\/ru\/wp-json\/wp\/v2\/comments?post=51424"}],"wp:featuredmedia":[{"embeddable":true,"href":"https:\/\/ceasuri.md\/ru\/wp-json\/wp\/v2\/media\/51425"}],"wp:attachment":[{"href":"https:\/\/ceasuri.md\/ru\/wp-json\/wp\/v2\/media?parent=51424"}],"wp:term":[{"taxonomy":"product_brand","embeddable":true,"href":"https:\/\/ceasuri.md\/ru\/wp-json\/wp\/v2\/product_brand?post=51424"},{"taxonomy":"product_cat","embeddable":true,"href":"https:\/\/ceasuri.md\/ru\/wp-json\/wp\/v2\/product_cat?post=51424"},{"taxonomy":"product_tag","embeddable":true,"href":"https:\/\/ceasuri.md\/ru\/wp-json\/wp\/v2\/product_tag?post=51424"}],"curies":[{"name":"wp","href":"https:\/\/api.w.org\/{rel}","templated":true}]}}