{"id":51420,"date":"2026-04-02T23:40:55","date_gmt":"2026-04-02T20:40:55","guid":{"rendered":"http:\/\/new.ceasuri.md\/shop\/uncategorized\/bulova-sutton-98b385\/"},"modified":"2026-04-17T14:26:33","modified_gmt":"2026-04-17T11:26:33","slug":"bulova-sutton-98b385","status":"publish","type":"product","link":"https:\/\/ceasuri.md\/ru\/shop\/branduri\/bulova\/bulova-sutton-98b385\/","title":{"rendered":"Ceas BULOVA SUTTON 98B385"},"content":{"rendered":"<p>Cu o carcas\u0103 \u0219i o br\u0103\u021bar\u0103 din o\u021bel inoxidabil argintiu \u0219i auriu, cu un cadran alb argintiu \u0219i o fereastr\u0103 de calendar \u00een pozi\u021bia de la ora 6, un cristal mineral bombat \u0219i o \u00eenchidere cu fermoar desf\u0103\u0219ur\u0103tor, acest ceas b\u0103rb\u0103tesc elegant este piesa chintesen\u021bial\u0103 pentru garderoba ta de zi p\u00e2n\u0103 seara.<\/p>","protected":false},"excerpt":{"rendered":"<p>Cu o carcas\u0103 \u0219i o br\u0103\u021bar\u0103 din o\u021bel inoxidabil argintiu \u0219i auriu, cu un cadran alb argintiu \u0219i o fereastr\u0103 de calendar \u00een pozi\u021bia de la ora 6, un cristal mineral bombat \u0219i o \u00eenchidere cu fermoar desf\u0103\u0219ur\u0103tor, acest ceas b\u0103rb\u0103tesc elegant este piesa chintesen\u021bial\u0103 pentru garderoba ta de zi p\u00e2n\u0103 seara.<\/p>","protected":false},"featured_media":51421,"comment_status":"closed","ping_status":"open","template":"","meta":{"_acf_changed":false},"product_brand":[],"product_cat":[624,20],"product_tag":[],"class_list":{"0":"post-51420","1":"product","2":"type-product","3":"status-publish","4":"has-post-thumbnail","6":"product_cat-bulova","7":"product_cat-ceasuri-barbati","8":"pa_brand-bulova","9":"pa_braslet-otel-inoxidabil","10":"pa_corpus-40-mm","11":"pa_forma-rotund","12":"pa_funcii-data","13":"pa_garatia-24-luni","14":"pa_korpus-argintiu","15":"pa_korpus-auriu","16":"pa_kvarc-quartz","17":"pa_material-otel-inoxidabil","18":"pa_mehanizm-quartz","19":"pa_remeshok-bicolor","20":"pa_steklo-cristal-mineral","21":"pa_strana-sua","22":"pa_voda-3-atm","24":"first","25":"instock","26":"purchasable","27":"product-type-simple"},"acf":[],"_links":{"self":[{"href":"https:\/\/ceasuri.md\/ru\/wp-json\/wp\/v2\/product\/51420","targetHints":{"allow":["GET"]}}],"collection":[{"href":"https:\/\/ceasuri.md\/ru\/wp-json\/wp\/v2\/product"}],"about":[{"href":"https:\/\/ceasuri.md\/ru\/wp-json\/wp\/v2\/types\/product"}],"replies":[{"embeddable":true,"href":"https:\/\/ceasuri.md\/ru\/wp-json\/wp\/v2\/comments?post=51420"}],"wp:featuredmedia":[{"embeddable":true,"href":"https:\/\/ceasuri.md\/ru\/wp-json\/wp\/v2\/media\/51421"}],"wp:attachment":[{"href":"https:\/\/ceasuri.md\/ru\/wp-json\/wp\/v2\/media?parent=51420"}],"wp:term":[{"taxonomy":"product_brand","embeddable":true,"href":"https:\/\/ceasuri.md\/ru\/wp-json\/wp\/v2\/product_brand?post=51420"},{"taxonomy":"product_cat","embeddable":true,"href":"https:\/\/ceasuri.md\/ru\/wp-json\/wp\/v2\/product_cat?post=51420"},{"taxonomy":"product_tag","embeddable":true,"href":"https:\/\/ceasuri.md\/ru\/wp-json\/wp\/v2\/product_tag?post=51420"}],"curies":[{"name":"wp","href":"https:\/\/api.w.org\/{rel}","templated":true}]}}