{"id":51415,"date":"2026-04-02T23:40:55","date_gmt":"2026-04-02T20:40:55","guid":{"rendered":"http:\/\/new.ceasuri.md\/shop\/uncategorized\/bulova-icon-98b408\/"},"modified":"2026-04-20T01:27:04","modified_gmt":"2026-04-19T22:27:04","slug":"bulova-icon-98b408","status":"publish","type":"product","link":"https:\/\/ceasuri.md\/ru\/shop\/branduri\/bulova\/bulova-icon-98b408\/","title":{"rendered":"\u0427\u0430\u0441\u044b BULOVA ICON 98B408"},"content":{"rendered":"<p>Bulova introduce o nou\u0103 ad\u0103ugire la colec\u021bia Icon pentru b\u0103rba\u021bi cu stil \u0219i aventur\u0103, continu\u00e2nd angajamentul liniei pentru o precizie excep\u021bional\u0103 \u0219i un design remarcabil.<\/p>\n<p>Carcasa neagr\u0103 de 40 mm placat\u0103 cu ioni negri este realizat\u0103 din o\u021bel inoxidabil 316L pentru o durabilitate excep\u021bional\u0103 \u0219i are un stil modern, cu accente aurii, \u0219i un cristal de safir curbat.<\/p>\n<p>Cadranul negru cu mai multe niveluri prezint\u0103 m\u00e2ini \u0219i markeri luminescen\u021bi de culoare aurie \u0219i un afi\u0219aj al datei.<\/p>\n<p>Rezisten\u021b\u0103 la ap\u0103 de 100 m \u0219i este completat de o br\u0103\u021bar\u0103 asortat\u0103 cu \u00eenchidere deployant\u0103.<\/p>\n<p>Ar\u0103ta\u021bi-v\u0103 stilul cu acest nou \u0219i \u00eendr\u0103zne\u021b ceas pentru b\u0103rba\u021bi din colec\u021bia Bulova Icon.<\/p>","protected":false},"excerpt":{"rendered":"<p>Bulova introduce o nou\u0103 ad\u0103ugire la colec\u021bia Icon pentru b\u0103rba\u021bi cu stil \u0219i aventur\u0103, continu\u00e2nd angajamentul liniei pentru o precizie excep\u021bional\u0103 \u0219i un design remarcabil. Carcasa neagr\u0103 de 40 mm placat\u0103 cu ioni negri este realizat\u0103 din o\u021bel inoxidabil 316L pentru o durabilitate excep\u021bional\u0103 \u0219i are un stil modern, cu accente aurii, \u0219i un cristal [&hellip;]<\/p>\n","protected":false},"featured_media":51416,"comment_status":"closed","ping_status":"open","template":"","meta":{"_acf_changed":false},"product_brand":[],"product_cat":[624,20,106],"product_tag":[],"class_list":{"0":"post-51415","1":"product","2":"type-product","3":"status-publish","4":"has-post-thumbnail","6":"product_cat-bulova","7":"product_cat-ceasuri-barbati","8":"product_cat-ceasuri-premium","9":"pa_brand-bulova","10":"pa_braslet-otel-inoxidabil","11":"pa_corpus-40-mm","12":"pa_forma-rotund","13":"pa_funcii-data","14":"pa_garatia-24-luni","15":"pa_korpus-negru","16":"pa_kvarc-quartz","17":"pa_material-otel-inoxidabil","18":"pa_mehanizm-quartz","19":"pa_remeshok-negru","20":"pa_steklo-cristal-safir","21":"pa_strana-sua","22":"pa_voda-10-atm","24":"first","25":"instock","26":"purchasable","27":"product-type-simple"},"acf":[],"_links":{"self":[{"href":"https:\/\/ceasuri.md\/ru\/wp-json\/wp\/v2\/product\/51415","targetHints":{"allow":["GET"]}}],"collection":[{"href":"https:\/\/ceasuri.md\/ru\/wp-json\/wp\/v2\/product"}],"about":[{"href":"https:\/\/ceasuri.md\/ru\/wp-json\/wp\/v2\/types\/product"}],"replies":[{"embeddable":true,"href":"https:\/\/ceasuri.md\/ru\/wp-json\/wp\/v2\/comments?post=51415"}],"wp:featuredmedia":[{"embeddable":true,"href":"https:\/\/ceasuri.md\/ru\/wp-json\/wp\/v2\/media\/51416"}],"wp:attachment":[{"href":"https:\/\/ceasuri.md\/ru\/wp-json\/wp\/v2\/media?parent=51415"}],"wp:term":[{"taxonomy":"product_brand","embeddable":true,"href":"https:\/\/ceasuri.md\/ru\/wp-json\/wp\/v2\/product_brand?post=51415"},{"taxonomy":"product_cat","embeddable":true,"href":"https:\/\/ceasuri.md\/ru\/wp-json\/wp\/v2\/product_cat?post=51415"},{"taxonomy":"product_tag","embeddable":true,"href":"https:\/\/ceasuri.md\/ru\/wp-json\/wp\/v2\/product_tag?post=51415"}],"curies":[{"name":"wp","href":"https:\/\/api.w.org\/{rel}","templated":true}]}}