{"id":51410,"date":"2026-04-02T23:40:55","date_gmt":"2026-04-02T20:40:55","guid":{"rendered":"http:\/\/new.ceasuri.md\/shop\/uncategorized\/bulova-octava-98c134\/"},"modified":"2026-04-07T04:38:17","modified_gmt":"2026-04-07T01:38:17","slug":"bulova-octava-98c134","status":"publish","type":"product","link":"https:\/\/ceasuri.md\/ru\/shop\/branduri\/bulova\/bulova-octava-98c134\/","title":{"rendered":"Ceas BULOVA OCTAVA 98C134"},"content":{"rendered":"<p>Cristalele negre de pe cadran, luneta \u0219i br\u0103\u021bar\u0103 fac s\u0103 ias\u0103 \u00een eviden\u021b\u0103 acest frumos ceas cronograf din colec\u021bia Octava de la Bulova.<\/p>\n<p>Carcasa de 42 mm din o\u021bel inoxidabil placat cu ioni negri este acoperit\u0103 cu un cristal mineral, \u00een timp ce br\u0103\u021bara din o\u021bel inoxidabil placat cu ioni negri se \u00eenchide cu o \u00eenchiz\u0103toare cu buton.<\/p>\n<p>Rezistent la ap\u0103 p\u00e2n\u0103 la 30 de metri, ceasul are trei subcadrane, m\u00e2ini luminoase \u0219i o mi\u0219care cu cuar\u021b.<\/p>","protected":false},"excerpt":{"rendered":"<p>Cristalele negre de pe cadran, luneta \u0219i br\u0103\u021bar\u0103 fac s\u0103 ias\u0103 \u00een eviden\u021b\u0103 acest frumos ceas cronograf din colec\u021bia Octava de la Bulova. Carcasa de 42 mm din o\u021bel inoxidabil placat cu ioni negri este acoperit\u0103 cu un cristal mineral, \u00een timp ce br\u0103\u021bara din o\u021bel inoxidabil placat cu ioni negri se \u00eenchide cu o [&hellip;]<\/p>\n","protected":false},"featured_media":51411,"comment_status":"closed","ping_status":"open","template":"","meta":{"_acf_changed":false},"product_brand":[],"product_cat":[624,20],"product_tag":[],"class_list":{"0":"post-51410","1":"product","2":"type-product","3":"status-publish","4":"has-post-thumbnail","6":"product_cat-bulova","7":"product_cat-ceasuri-barbati","8":"pa_brand-bulova","9":"pa_braslet-otel-inoxidabil","10":"pa_corpus-42-mm","11":"pa_decor-cristale-swarowski","12":"pa_forma-octogonala","13":"pa_funcii-data","14":"pa_funcii-ziua-saptamanii","15":"pa_garatia-24-luni","16":"pa_korpus-negru","17":"pa_material-otel-inoxidabil","18":"pa_mehanizm-quartz","19":"pa_remeshok-negru","20":"pa_steklo-cristal-mineral","21":"pa_strana-sua","22":"pa_voda-3-atm","24":"first","25":"instock","26":"purchasable","27":"product-type-simple"},"acf":[],"_links":{"self":[{"href":"https:\/\/ceasuri.md\/ru\/wp-json\/wp\/v2\/product\/51410","targetHints":{"allow":["GET"]}}],"collection":[{"href":"https:\/\/ceasuri.md\/ru\/wp-json\/wp\/v2\/product"}],"about":[{"href":"https:\/\/ceasuri.md\/ru\/wp-json\/wp\/v2\/types\/product"}],"replies":[{"embeddable":true,"href":"https:\/\/ceasuri.md\/ru\/wp-json\/wp\/v2\/comments?post=51410"}],"wp:featuredmedia":[{"embeddable":true,"href":"https:\/\/ceasuri.md\/ru\/wp-json\/wp\/v2\/media\/51411"}],"wp:attachment":[{"href":"https:\/\/ceasuri.md\/ru\/wp-json\/wp\/v2\/media?parent=51410"}],"wp:term":[{"taxonomy":"product_brand","embeddable":true,"href":"https:\/\/ceasuri.md\/ru\/wp-json\/wp\/v2\/product_brand?post=51410"},{"taxonomy":"product_cat","embeddable":true,"href":"https:\/\/ceasuri.md\/ru\/wp-json\/wp\/v2\/product_cat?post=51410"},{"taxonomy":"product_tag","embeddable":true,"href":"https:\/\/ceasuri.md\/ru\/wp-json\/wp\/v2\/product_tag?post=51410"}],"curies":[{"name":"wp","href":"https:\/\/api.w.org\/{rel}","templated":true}]}}