{"id":51398,"date":"2026-04-02T23:40:55","date_gmt":"2026-04-02T20:40:55","guid":{"rendered":"http:\/\/new.ceasuri.md\/shop\/uncategorized\/bulova-exclusive-98l295\/"},"modified":"2026-04-16T21:24:37","modified_gmt":"2026-04-16T18:24:37","slug":"bulova-exclusive-98l295","status":"publish","type":"product","link":"https:\/\/ceasuri.md\/ru\/shop\/branduri\/bulova\/bulova-exclusive-98l295\/","title":{"rendered":"Ceas BULOVA 98L295  CRYSTAL"},"content":{"rendered":"<p>Ceas de femeie Bulova.<\/p>\n<p>Carcas\u0103 din o\u021bel inoxidabil placat cu aur, cu cristale Swarovski pe cadran, sticl\u0103 mineral\u0103 plat\u0103, br\u0103\u021bar\u0103 din o\u021bel inoxidabil \u0219i placat\u0103 cu aur, cu \u00eenchidere deployant\u0103.<\/p>","protected":false},"excerpt":{"rendered":"<p>Ceas de femeie Bulova. Carcas\u0103 din o\u021bel inoxidabil placat cu aur, cu cristale Swarovski pe cadran, sticl\u0103 mineral\u0103 plat\u0103, br\u0103\u021bar\u0103 din o\u021bel inoxidabil \u0219i placat\u0103 cu aur, cu \u00eenchidere deployant\u0103.<\/p>","protected":false},"featured_media":51399,"comment_status":"closed","ping_status":"open","template":"","meta":{"_acf_changed":false},"product_brand":[],"product_cat":[624,25],"product_tag":[],"class_list":{"0":"post-51398","1":"product","2":"type-product","3":"status-publish","4":"has-post-thumbnail","6":"product_cat-bulova","7":"product_cat-ceasuri-dama","8":"pa_brand-bulova","9":"pa_braslet-otel-inoxidabil","10":"pa_corpus-30-mm","11":"pa_decor-cristale-swarowski","12":"pa_forma-rotund","13":"pa_garatia-24-luni","14":"pa_korpus-auriu","15":"pa_kvarc-quartz","16":"pa_material-otel-inoxidabil","17":"pa_mehanizm-quartz","18":"pa_remeshok-auriu","19":"pa_steklo-cristal-mineral","20":"pa_strana-sua","21":"pa_voda-3-atm","23":"first","24":"instock","25":"purchasable","26":"product-type-simple"},"acf":[],"_links":{"self":[{"href":"https:\/\/ceasuri.md\/ru\/wp-json\/wp\/v2\/product\/51398","targetHints":{"allow":["GET"]}}],"collection":[{"href":"https:\/\/ceasuri.md\/ru\/wp-json\/wp\/v2\/product"}],"about":[{"href":"https:\/\/ceasuri.md\/ru\/wp-json\/wp\/v2\/types\/product"}],"replies":[{"embeddable":true,"href":"https:\/\/ceasuri.md\/ru\/wp-json\/wp\/v2\/comments?post=51398"}],"wp:featuredmedia":[{"embeddable":true,"href":"https:\/\/ceasuri.md\/ru\/wp-json\/wp\/v2\/media\/51399"}],"wp:attachment":[{"href":"https:\/\/ceasuri.md\/ru\/wp-json\/wp\/v2\/media?parent=51398"}],"wp:term":[{"taxonomy":"product_brand","embeddable":true,"href":"https:\/\/ceasuri.md\/ru\/wp-json\/wp\/v2\/product_brand?post=51398"},{"taxonomy":"product_cat","embeddable":true,"href":"https:\/\/ceasuri.md\/ru\/wp-json\/wp\/v2\/product_cat?post=51398"},{"taxonomy":"product_tag","embeddable":true,"href":"https:\/\/ceasuri.md\/ru\/wp-json\/wp\/v2\/product_tag?post=51398"}],"curies":[{"name":"wp","href":"https:\/\/api.w.org\/{rel}","templated":true}]}}