{"id":51389,"date":"2023-12-27T14:25:15","date_gmt":"2023-12-27T12:25:15","guid":{"rendered":"http:\/\/new.ceasuri.md\/shop\/uncategorized\/bulova-marine-star-98r234\/"},"modified":"2026-05-01T18:15:24","modified_gmt":"2026-05-01T15:15:24","slug":"bulova-marine-star-98r234","status":"publish","type":"product","link":"https:\/\/ceasuri.md\/ru\/shop\/branduri\/bulova\/bulova-marine-star-98r234\/","title":{"rendered":"\u0427\u0430\u0441\u044b BULOVA MARINE STAR 98R234"},"content":{"rendered":"<p>Noul Marine Star \u00een carcas\u0103 din o\u021bel inoxidabil cu diamante montate manual individual pe luneta \u0219i cadranul cu accente de aur roz, cadran interior din nuc\u0103 alb\u0103, sticl\u0103 de safir.<\/p>\n<p>Carcas\u0103 cu \u0219urub, br\u0103\u021bar\u0103 din aur roz \u0219i o\u021bel inoxidabil cu \u00eenchidere cu dubl\u0103 ap\u0103sare.<\/p>\n<p>Rezisten\u021b\u0103 la ap\u0103 p\u00e2n\u0103 la 100 de metri.<\/p>","protected":false},"excerpt":{"rendered":"<p>Noul Marine Star \u00een carcas\u0103 din o\u021bel inoxidabil cu diamante montate manual individual pe luneta \u0219i cadranul cu accente de aur roz, cadran interior din nuc\u0103 alb\u0103, sticl\u0103 de safir. Carcas\u0103 cu \u0219urub, br\u0103\u021bar\u0103 din aur roz \u0219i o\u021bel inoxidabil cu \u00eenchidere cu dubl\u0103 ap\u0103sare. Rezisten\u021b\u0103 la ap\u0103 p\u00e2n\u0103 la 100 de metri.<\/p>","protected":false},"featured_media":51390,"comment_status":"closed","ping_status":"open","template":"","meta":{"_acf_changed":false},"product_brand":[],"product_cat":[624,25],"product_tag":[],"class_list":{"0":"post-51389","1":"product","2":"type-product","3":"status-publish","4":"has-post-thumbnail","6":"product_cat-bulova","7":"product_cat-ceasuri-dama","8":"pa_brand-bulova","9":"pa_braslet-otel-inoxidabil","10":"pa_corpus-32-mm","11":"pa_decor-diamante","12":"pa_forma-rotund","13":"pa_funcii-data","14":"pa_garatia-24-luni","15":"pa_korpus-argintiu","16":"pa_korpus-roz-gold","17":"pa_kvarc-quartz","18":"pa_material-otel-inoxidabil","19":"pa_mehanizm-quartz","20":"pa_remeshok-bicolor","21":"pa_steklo-cristal-safir","22":"pa_strana-sua","23":"pa_voda-10-atm","25":"first","26":"instock","27":"purchasable","28":"product-type-simple"},"acf":[],"_links":{"self":[{"href":"https:\/\/ceasuri.md\/ru\/wp-json\/wp\/v2\/product\/51389","targetHints":{"allow":["GET"]}}],"collection":[{"href":"https:\/\/ceasuri.md\/ru\/wp-json\/wp\/v2\/product"}],"about":[{"href":"https:\/\/ceasuri.md\/ru\/wp-json\/wp\/v2\/types\/product"}],"replies":[{"embeddable":true,"href":"https:\/\/ceasuri.md\/ru\/wp-json\/wp\/v2\/comments?post=51389"}],"wp:featuredmedia":[{"embeddable":true,"href":"https:\/\/ceasuri.md\/ru\/wp-json\/wp\/v2\/media\/51390"}],"wp:attachment":[{"href":"https:\/\/ceasuri.md\/ru\/wp-json\/wp\/v2\/media?parent=51389"}],"wp:term":[{"taxonomy":"product_brand","embeddable":true,"href":"https:\/\/ceasuri.md\/ru\/wp-json\/wp\/v2\/product_brand?post=51389"},{"taxonomy":"product_cat","embeddable":true,"href":"https:\/\/ceasuri.md\/ru\/wp-json\/wp\/v2\/product_cat?post=51389"},{"taxonomy":"product_tag","embeddable":true,"href":"https:\/\/ceasuri.md\/ru\/wp-json\/wp\/v2\/product_tag?post=51389"}],"curies":[{"name":"wp","href":"https:\/\/api.w.org\/{rel}","templated":true}]}}